{"id":11,"date":"2026-01-12T08:19:31","date_gmt":"2026-01-12T08:19:31","guid":{"rendered":"https:\/\/www.bio-laurentia.com\/?page_id=11"},"modified":"2026-01-19T10:00:12","modified_gmt":"2026-01-19T10:00:12","slug":"qui-sommes-nous","status":"publish","type":"page","link":"http:\/\/www.bio-laurentia.com\/index.php\/qui-sommes-nous\/","title":{"rendered":"Qui sommes nous"},"content":{"rendered":"\n<h2 class=\"wp-block-heading\">Expert environnemental et oc\u00e9anographique<\/h2>\n\n\n\n<p>Bio-Laurentia est une soci\u00e9t\u00e9 offrant une expertise dans le domaine environnemental et oc\u00e9anographique incluant des projets de recherche (terrain et laboratoire), mais \u00e9galement un volet de sensibilisation et communication aupr\u00e8s du grand public (vulgarisation scientifique).<\/p>\n\n\n\n<div style=\"height:20px\" aria-hidden=\"true\" class=\"wp-block-spacer\"><\/div>\n\n\n\n<div class=\"wp-block-media-text alignfull is-stacked-on-mobile is-vertically-aligned-center has-background\" style=\"background-color:#8ac43f8f\"><figure class=\"wp-block-media-text__media\"><img loading=\"lazy\" decoding=\"async\" width=\"1024\" height=\"768\" src=\"http:\/\/www.bio-laurentia.com\/wp-content\/uploads\/2026\/01\/AQB_3324-1024x768.jpg\" alt=\"\" class=\"wp-image-600 size-full\" srcset=\"http:\/\/www.bio-laurentia.com\/wp-content\/uploads\/2026\/01\/AQB_3324-1024x768.jpg 1024w, http:\/\/www.bio-laurentia.com\/wp-content\/uploads\/2026\/01\/AQB_3324-300x225.jpg 300w, http:\/\/www.bio-laurentia.com\/wp-content\/uploads\/2026\/01\/AQB_3324-768x576.jpg 768w, http:\/\/www.bio-laurentia.com\/wp-content\/uploads\/2026\/01\/AQB_3324.jpg 1194w\" sizes=\"auto, (max-width: 1024px) 100vw, 1024px\" \/><\/figure><div class=\"wp-block-media-text__content\">\n<p class=\"has-text-align-center\" style=\"padding-top:var(--wp--preset--spacing--80);padding-right:0;padding-bottom:var(--wp--preset--spacing--80);padding-left:0\">Nous proposons une expertise scientifique reconnue pour des probl\u00e9matiques cibl\u00e9es afin d\u2019appuyer des projets appliqu\u00e9s, tout en restant \u00e0 l\u2019\u00e9coute de nos clients.<\/p>\n<\/div><\/div>\n\n\n\n<div style=\"height:40px\" aria-hidden=\"true\" class=\"wp-block-spacer\"><\/div>\n\n\n\n<div class=\"wp-block-group\" style=\"border-style:none;border-width:0px;border-top-left-radius:20px;border-top-right-radius:20px;border-bottom-left-radius:20px;border-bottom-right-radius:20px\"><div class=\"wp-block-group__inner-container is-layout-constrained wp-block-group-is-layout-constrained\">\n<h2 class=\"wp-block-heading has-text-align-left\"><strong>Produits et services offerts<\/strong>:<\/h2>\n\n\n\n<div class=\"wp-block-columns are-vertically-aligned-center is-layout-flex wp-container-core-columns-is-layout-9d6595d7 wp-block-columns-is-layout-flex\">\n<div class=\"wp-block-column is-vertically-aligned-center is-layout-flow wp-block-column-is-layout-flow\" style=\"padding-left:0\">\n<ul class=\"wp-block-list\">\n<li>\u00c9tudes d\u2019impact<\/li>\n\n\n\n<li>Inventaires biologiques<\/li>\n\n\n\n<li>Support et expertise en Aquaculture<\/li>\n\n\n\n<li>Programmes de suivis environnementaux<\/li>\n\n\n\n<li>\u00c9cotoxicologie r\u00e8glementaire<\/li>\n\n\n\n<li>Biologie mol\u00e9culaire<\/li>\n\n\n\n<li>Services et conseils en d\u00e9veloppement durable<\/li>\n\n\n\n<li>Plong\u00e9e scientifique et professionnelle<\/li>\n\n\n\n<li>Prise d\u2019images sous-marine (photos et vid\u00e9os)<\/li>\n\n\n\n<li>Gestion de projets en sciences aquatiques marines<\/li>\n\n\n\n<li>Planification &amp; gestion d\u2019\u00e9v\u00e9nements \u00e9co-responsables<\/li>\n\n\n\n<li>Construction d\u2019outils p\u00e9dagogiques et de contenu scientifique vulgaris\u00e9 pour le grand public<\/li>\n\n\n\n<li>Formations sp\u00e9cialis\u00e9es en sciences marines (observation de mammif\u00e8res marins, communication des sciences, etc\u2026)<\/li>\n<\/ul>\n<\/div>\n\n\n\n<div class=\"wp-block-column is-vertically-aligned-center is-layout-flow wp-block-column-is-layout-flow\">\n<figure class=\"wp-block-image size-full\"><img loading=\"lazy\" decoding=\"async\" width=\"1000\" height=\"1000\" src=\"http:\/\/www.bio-laurentia.com\/wp-content\/uploads\/2026\/01\/Poissons-format-rond.png\" alt=\"\" class=\"wp-image-754\" srcset=\"http:\/\/www.bio-laurentia.com\/wp-content\/uploads\/2026\/01\/Poissons-format-rond.png 1000w, http:\/\/www.bio-laurentia.com\/wp-content\/uploads\/2026\/01\/Poissons-format-rond-300x300.png 300w, http:\/\/www.bio-laurentia.com\/wp-content\/uploads\/2026\/01\/Poissons-format-rond-150x150.png 150w, http:\/\/www.bio-laurentia.com\/wp-content\/uploads\/2026\/01\/Poissons-format-rond-768x768.png 768w\" sizes=\"auto, (max-width: 1000px) 100vw, 1000px\" \/><\/figure>\n<\/div>\n<\/div>\n<\/div><\/div>\n\n\n\n<div style=\"height:40px\" aria-hidden=\"true\" class=\"wp-block-spacer\"><\/div>\n\n\n\n<h2 class=\"wp-block-heading has-text-align-center\">Nos comp\u00e9tences et r\u00e9alisations<\/h2>\n\n\n\n<div style=\"height:20px\" aria-hidden=\"true\" class=\"wp-block-spacer\"><\/div>\n\n\n\n<div class=\"wp-block-columns are-vertically-aligned-center is-layout-flex wp-container-core-columns-is-layout-9d6595d7 wp-block-columns-is-layout-flex\">\n<div class=\"wp-block-column is-vertically-aligned-center is-layout-flow wp-block-column-is-layout-flow\" style=\"flex-basis:50%\">\n<div class=\"wp-block-cover aligncenter has-aspect-ratio wp-duotone-unset-1\" style=\"border-top-left-radius:20px;border-top-right-radius:20px;border-bottom-left-radius:20px;border-bottom-right-radius:20px;margin-top:0;padding-top:1vw;padding-right:1vw;padding-bottom:1vw;padding-left:1vw;min-height:50vh;aspect-ratio:1;min-height:unset;\"><img loading=\"lazy\" decoding=\"async\" width=\"1024\" height=\"1024\" class=\"wp-block-cover__image-background wp-image-543 size-large\" alt=\"\" src=\"http:\/\/www.bio-laurentia.com\/wp-content\/uploads\/2026\/01\/Recherche-scientifique-Carre-zoome-1024x1024.jpg\" data-object-fit=\"cover\" srcset=\"http:\/\/www.bio-laurentia.com\/wp-content\/uploads\/2026\/01\/Recherche-scientifique-Carre-zoome-1024x1024.jpg 1024w, http:\/\/www.bio-laurentia.com\/wp-content\/uploads\/2026\/01\/Recherche-scientifique-Carre-zoome-300x300.jpg 300w, http:\/\/www.bio-laurentia.com\/wp-content\/uploads\/2026\/01\/Recherche-scientifique-Carre-zoome-150x150.jpg 150w, http:\/\/www.bio-laurentia.com\/wp-content\/uploads\/2026\/01\/Recherche-scientifique-Carre-zoome-768x768.jpg 768w, http:\/\/www.bio-laurentia.com\/wp-content\/uploads\/2026\/01\/Recherche-scientifique-Carre-zoome.jpg 1292w\" sizes=\"auto, (max-width: 1024px) 100vw, 1024px\" \/><span aria-hidden=\"true\" class=\"wp-block-cover__background has-background-dim-0 has-background-dim\"><\/span><div class=\"wp-block-cover__inner-container is-layout-flow wp-block-cover-is-layout-flow\">\n<div class=\"wp-block-group\"><div class=\"wp-block-group__inner-container is-layout-flow wp-block-group-is-layout-flow\">\n<div style=\"height:150px\" aria-hidden=\"true\" class=\"wp-block-spacer\"><\/div>\n<\/div><\/div>\n\n\n\n<div class=\"wp-block-buttons alignwide is-content-justification-center is-nowrap is-layout-flex wp-container-core-buttons-is-layout-1fb9aab6 wp-block-buttons-is-layout-flex\">\n<div class=\"wp-block-button has-custom-width wp-block-button__width-75 is-style-primary\"><a class=\"wp-block-button__link has-text-align-center wp-element-button\" href=\"https:\/\/www.bio-laurentia.com\/index.php\/recherche-scientifique\/\" style=\"border-top-left-radius:100px;border-top-right-radius:100px;border-bottom-left-radius:100px;border-bottom-right-radius:100px\">Recherche scientifique<\/a><\/div>\n<\/div>\n<\/div><\/div>\n<\/div>\n\n\n\n<div class=\"wp-block-column is-vertically-aligned-center is-layout-flow wp-block-column-is-layout-flow\" style=\"flex-basis:50%\">\n<div class=\"wp-block-cover aligncenter has-aspect-ratio wp-duotone-unset-2\" style=\"border-top-left-radius:20px;border-top-right-radius:20px;border-bottom-left-radius:20px;border-bottom-right-radius:20px;margin-top:0;padding-top:1vw;padding-right:1vw;padding-bottom:1vw;padding-left:1vw;min-height:50vh;aspect-ratio:1;min-height:unset;\"><img loading=\"lazy\" decoding=\"async\" width=\"1024\" height=\"1024\" class=\"wp-block-cover__image-background wp-image-386 size-large\" alt=\"\" src=\"http:\/\/www.bio-laurentia.com\/wp-content\/uploads\/2026\/01\/Etudes-dimpact-Carre-1024x1024.jpg\" data-object-fit=\"cover\" srcset=\"http:\/\/www.bio-laurentia.com\/wp-content\/uploads\/2026\/01\/Etudes-dimpact-Carre-1024x1024.jpg 1024w, http:\/\/www.bio-laurentia.com\/wp-content\/uploads\/2026\/01\/Etudes-dimpact-Carre-300x300.jpg 300w, http:\/\/www.bio-laurentia.com\/wp-content\/uploads\/2026\/01\/Etudes-dimpact-Carre-150x150.jpg 150w, http:\/\/www.bio-laurentia.com\/wp-content\/uploads\/2026\/01\/Etudes-dimpact-Carre-768x768.jpg 768w, http:\/\/www.bio-laurentia.com\/wp-content\/uploads\/2026\/01\/Etudes-dimpact-Carre-1536x1536.jpg 1536w, http:\/\/www.bio-laurentia.com\/wp-content\/uploads\/2026\/01\/Etudes-dimpact-Carre-2048x2048.jpg 2048w\" sizes=\"auto, (max-width: 1024px) 100vw, 1024px\" \/><span aria-hidden=\"true\" class=\"wp-block-cover__background has-background-dim-0 has-background-dim\"><\/span><div class=\"wp-block-cover__inner-container is-layout-flow wp-block-cover-is-layout-flow\">\n<div class=\"wp-block-group\"><div class=\"wp-block-group__inner-container is-layout-flow wp-block-group-is-layout-flow\">\n<div style=\"height:150px\" aria-hidden=\"true\" class=\"wp-block-spacer\"><\/div>\n<\/div><\/div>\n\n\n\n<div class=\"wp-block-buttons alignwide is-content-justification-center is-nowrap is-layout-flex wp-container-core-buttons-is-layout-1fb9aab6 wp-block-buttons-is-layout-flex\">\n<div class=\"wp-block-button has-custom-width wp-block-button__width-75 is-style-primary\"><a class=\"wp-block-button__link has-text-align-center wp-element-button\" href=\"https:\/\/www.bio-laurentia.com\/index.php\/etudes-dimpact\/\" style=\"border-top-left-radius:100px;border-top-right-radius:100px;border-bottom-left-radius:100px;border-bottom-right-radius:100px\">Etudes d&rsquo;impact<\/a><\/div>\n<\/div>\n<\/div><\/div>\n<\/div>\n\n\n\n<div class=\"wp-block-column is-vertically-aligned-center is-layout-flow wp-block-column-is-layout-flow\" style=\"flex-basis:50%\">\n<div class=\"wp-block-cover aligncenter has-aspect-ratio wp-duotone-unset-3\" style=\"border-top-left-radius:20px;border-top-right-radius:20px;border-bottom-left-radius:20px;border-bottom-right-radius:20px;margin-top:0;padding-top:1vw;padding-right:1vw;padding-bottom:1vw;padding-left:1vw;min-height:50vh;aspect-ratio:1;min-height:unset;\"><img loading=\"lazy\" decoding=\"async\" width=\"1024\" height=\"1024\" class=\"wp-block-cover__image-background wp-image-402 size-large\" alt=\"\" src=\"https:\/\/www.bio-laurentia.com\/wp-content\/uploads\/2026\/01\/Formation-Carre-1024x1024.jpg\" data-object-fit=\"cover\" srcset=\"http:\/\/www.bio-laurentia.com\/wp-content\/uploads\/2026\/01\/Formation-Carre-1024x1024.jpg 1024w, http:\/\/www.bio-laurentia.com\/wp-content\/uploads\/2026\/01\/Formation-Carre-300x300.jpg 300w, http:\/\/www.bio-laurentia.com\/wp-content\/uploads\/2026\/01\/Formation-Carre-150x150.jpg 150w, http:\/\/www.bio-laurentia.com\/wp-content\/uploads\/2026\/01\/Formation-Carre-768x768.jpg 768w, http:\/\/www.bio-laurentia.com\/wp-content\/uploads\/2026\/01\/Formation-Carre-1536x1536.jpg 1536w, http:\/\/www.bio-laurentia.com\/wp-content\/uploads\/2026\/01\/Formation-Carre-2048x2048.jpg 2048w\" sizes=\"auto, (max-width: 1024px) 100vw, 1024px\" \/><span aria-hidden=\"true\" class=\"wp-block-cover__background has-background-dim-0 has-background-dim\"><\/span><div class=\"wp-block-cover__inner-container is-layout-flow wp-block-cover-is-layout-flow\">\n<div class=\"wp-block-group\"><div class=\"wp-block-group__inner-container is-layout-flow wp-block-group-is-layout-flow\">\n<div style=\"height:150px\" aria-hidden=\"true\" class=\"wp-block-spacer\"><\/div>\n<\/div><\/div>\n\n\n\n<div class=\"wp-block-buttons alignwide is-content-justification-center is-nowrap is-layout-flex wp-container-core-buttons-is-layout-1fb9aab6 wp-block-buttons-is-layout-flex\">\n<div class=\"wp-block-button has-custom-width wp-block-button__width-75 is-style-primary\"><a class=\"wp-block-button__link has-text-align-center wp-element-button\" href=\"https:\/\/www.bio-laurentia.com\/index.php\/formations\/\" style=\"border-top-left-radius:100px;border-top-right-radius:100px;border-bottom-left-radius:100px;border-bottom-right-radius:100px\">Formations<\/a><\/div>\n<\/div>\n<\/div><\/div>\n<\/div>\n\n\n\n<div class=\"wp-block-column is-vertically-aligned-center is-layout-flow wp-block-column-is-layout-flow\" style=\"flex-basis:50%\">\n<div class=\"wp-block-cover aligncenter has-aspect-ratio wp-duotone-unset-4\" style=\"border-top-left-radius:20px;border-top-right-radius:20px;border-bottom-left-radius:20px;border-bottom-right-radius:20px;margin-top:0;padding-top:1vw;padding-right:1vw;padding-bottom:1vw;padding-left:1vw;min-height:50vh;aspect-ratio:1;min-height:unset;\"><img loading=\"lazy\" decoding=\"async\" width=\"1024\" height=\"1024\" class=\"wp-block-cover__image-background wp-image-403 size-large\" alt=\"\" src=\"https:\/\/www.bio-laurentia.com\/wp-content\/uploads\/2026\/01\/Audiovisuel-Carre-1024x1024.jpg\" data-object-fit=\"cover\" srcset=\"http:\/\/www.bio-laurentia.com\/wp-content\/uploads\/2026\/01\/Audiovisuel-Carre-1024x1024.jpg 1024w, http:\/\/www.bio-laurentia.com\/wp-content\/uploads\/2026\/01\/Audiovisuel-Carre-300x300.jpg 300w, http:\/\/www.bio-laurentia.com\/wp-content\/uploads\/2026\/01\/Audiovisuel-Carre-150x150.jpg 150w, http:\/\/www.bio-laurentia.com\/wp-content\/uploads\/2026\/01\/Audiovisuel-Carre-768x768.jpg 768w, http:\/\/www.bio-laurentia.com\/wp-content\/uploads\/2026\/01\/Audiovisuel-Carre-1536x1536.jpg 1536w, http:\/\/www.bio-laurentia.com\/wp-content\/uploads\/2026\/01\/Audiovisuel-Carre-2048x2048.jpg 2048w\" sizes=\"auto, (max-width: 1024px) 100vw, 1024px\" \/><span aria-hidden=\"true\" class=\"wp-block-cover__background has-background-dim-0 has-background-dim\"><\/span><div class=\"wp-block-cover__inner-container is-layout-flow wp-block-cover-is-layout-flow\">\n<div class=\"wp-block-group\"><div class=\"wp-block-group__inner-container is-layout-flow wp-block-group-is-layout-flow\">\n<div style=\"height:150px\" aria-hidden=\"true\" class=\"wp-block-spacer\"><\/div>\n<\/div><\/div>\n\n\n\n<div class=\"wp-block-buttons alignwide is-content-justification-center is-nowrap is-layout-flex wp-container-core-buttons-is-layout-1fb9aab6 wp-block-buttons-is-layout-flex\">\n<div class=\"wp-block-button has-custom-width wp-block-button__width-75 is-style-primary\"><a class=\"wp-block-button__link has-text-align-center wp-element-button\" href=\"https:\/\/www.bio-laurentia.com\/index.php\/audiovisuel\/\" style=\"border-top-left-radius:100px;border-top-right-radius:100px;border-bottom-left-radius:100px;border-bottom-right-radius:100px\">Audiovisuel<\/a><\/div>\n<\/div>\n<\/div><\/div>\n<\/div>\n<\/div>\n","protected":false},"excerpt":{"rendered":"<p>Expert environnemental et oc\u00e9anographique Bio-Laurentia est une soci\u00e9t\u00e9 offrant une expertise dans le domaine environnemental et oc\u00e9anographique incluant des projets de recherche (terrain et laboratoire), mais \u00e9galement un volet de sensibilisation et communication aupr\u00e8s du grand public (vulgarisation scientifique). Nous proposons une expertise scientifique reconnue pour des probl\u00e9matiques cibl\u00e9es afin d\u2019appuyer des projets appliqu\u00e9s, tout&#8230;<\/p>\n","protected":false},"author":1,"featured_media":331,"parent":0,"menu_order":3,"comment_status":"closed","ping_status":"closed","template":"","meta":{"inline_featured_image":false,"_kad_post_transparent":"","_kad_post_title":"","_kad_post_layout":"","_kad_post_sidebar_id":"","_kad_post_content_style":"","_kad_post_vertical_padding":"","_kad_post_feature":"","_kad_post_feature_position":"","_kad_post_header":false,"_kad_post_footer":false,"_kad_post_classname":"","footnotes":""},"class_list":["post-11","page","type-page","status-publish","has-post-thumbnail","hentry"],"yoast_head":"<!-- This site is optimized with the Yoast SEO plugin v27.3 - https:\/\/yoast.com\/product\/yoast-seo-wordpress\/ -->\n<title>Expertise Scientifique Environnementale et Marine | Bio-Laurentia<\/title>\n<meta name=\"description\" content=\"Expertise Scientifique Environnementale et Marine | Recherche Scientifique, Sensibilisation &amp; Communication Grand Public | Bio-Laurentia\" \/>\n<meta name=\"robots\" content=\"index, follow, max-snippet:-1, max-image-preview:large, max-video-preview:-1\" \/>\n<link rel=\"canonical\" href=\"http:\/\/www.bio-laurentia.com\/index.php\/qui-sommes-nous\/\" \/>\n<meta property=\"og:locale\" content=\"fr_FR\" \/>\n<meta property=\"og:type\" content=\"article\" \/>\n<meta property=\"og:title\" content=\"Expertise Scientifique Environnementale et Marine | Bio-Laurentia\" \/>\n<meta property=\"og:description\" content=\"Expertise Scientifique Environnementale et Marine | Recherche Scientifique, Sensibilisation &amp; Communication Grand Public | Bio-Laurentia\" \/>\n<meta property=\"og:url\" content=\"http:\/\/www.bio-laurentia.com\/index.php\/qui-sommes-nous\/\" \/>\n<meta property=\"og:site_name\" content=\"Bio-Laurentia\" \/>\n<meta property=\"article:modified_time\" content=\"2026-01-19T10:00:12+00:00\" \/>\n<meta property=\"og:image\" content=\"http:\/\/www.bio-laurentia.com\/wp-content\/uploads\/2026\/01\/Competences-scaled.jpg\" \/>\n\t<meta property=\"og:image:width\" content=\"2560\" \/>\n\t<meta property=\"og:image:height\" content=\"1440\" \/>\n\t<meta property=\"og:image:type\" content=\"image\/jpeg\" \/>\n<meta name=\"twitter:card\" content=\"summary_large_image\" \/>\n<meta name=\"twitter:label1\" content=\"Dur\u00e9e de lecture estim\u00e9e\" \/>\n\t<meta name=\"twitter:data1\" content=\"3 minutes\" \/>\n<script type=\"application\/ld+json\" class=\"yoast-schema-graph\">{\"@context\":\"https:\\\/\\\/schema.org\",\"@graph\":[{\"@type\":\"WebPage\",\"@id\":\"http:\\\/\\\/www.bio-laurentia.com\\\/index.php\\\/qui-sommes-nous\\\/\",\"url\":\"http:\\\/\\\/www.bio-laurentia.com\\\/index.php\\\/qui-sommes-nous\\\/\",\"name\":\"Expertise Scientifique Environnementale et Marine | Bio-Laurentia\",\"isPartOf\":{\"@id\":\"http:\\\/\\\/www.bio-laurentia.com\\\/#website\"},\"primaryImageOfPage\":{\"@id\":\"http:\\\/\\\/www.bio-laurentia.com\\\/index.php\\\/qui-sommes-nous\\\/#primaryimage\"},\"image\":{\"@id\":\"http:\\\/\\\/www.bio-laurentia.com\\\/index.php\\\/qui-sommes-nous\\\/#primaryimage\"},\"thumbnailUrl\":\"http:\\\/\\\/www.bio-laurentia.com\\\/wp-content\\\/uploads\\\/2026\\\/01\\\/Competences-scaled.jpg\",\"datePublished\":\"2026-01-12T08:19:31+00:00\",\"dateModified\":\"2026-01-19T10:00:12+00:00\",\"description\":\"Expertise Scientifique Environnementale et Marine | Recherche Scientifique, Sensibilisation & Communication Grand Public | Bio-Laurentia\",\"breadcrumb\":{\"@id\":\"http:\\\/\\\/www.bio-laurentia.com\\\/index.php\\\/qui-sommes-nous\\\/#breadcrumb\"},\"inLanguage\":\"fr-FR\",\"potentialAction\":[{\"@type\":\"ReadAction\",\"target\":[\"http:\\\/\\\/www.bio-laurentia.com\\\/index.php\\\/qui-sommes-nous\\\/\"]}]},{\"@type\":\"ImageObject\",\"inLanguage\":\"fr-FR\",\"@id\":\"http:\\\/\\\/www.bio-laurentia.com\\\/index.php\\\/qui-sommes-nous\\\/#primaryimage\",\"url\":\"http:\\\/\\\/www.bio-laurentia.com\\\/wp-content\\\/uploads\\\/2026\\\/01\\\/Competences-scaled.jpg\",\"contentUrl\":\"http:\\\/\\\/www.bio-laurentia.com\\\/wp-content\\\/uploads\\\/2026\\\/01\\\/Competences-scaled.jpg\",\"width\":2560,\"height\":1440,\"caption\":\"Phoque commun se r\u00e9chauffant au soleil sur son rocher - Harbour seal warming up in the sun on its rock\"},{\"@type\":\"BreadcrumbList\",\"@id\":\"http:\\\/\\\/www.bio-laurentia.com\\\/index.php\\\/qui-sommes-nous\\\/#breadcrumb\",\"itemListElement\":[{\"@type\":\"ListItem\",\"position\":1,\"name\":\"Accueil\",\"item\":\"https:\\\/\\\/www.bio-laurentia.com\\\/\"},{\"@type\":\"ListItem\",\"position\":2,\"name\":\"Qui sommes nous\"}]},{\"@type\":\"WebSite\",\"@id\":\"http:\\\/\\\/www.bio-laurentia.com\\\/#website\",\"url\":\"http:\\\/\\\/www.bio-laurentia.com\\\/\",\"name\":\"Bio-Laurentia\",\"description\":\"\",\"publisher\":{\"@id\":\"http:\\\/\\\/www.bio-laurentia.com\\\/#organization\"},\"potentialAction\":[{\"@type\":\"SearchAction\",\"target\":{\"@type\":\"EntryPoint\",\"urlTemplate\":\"http:\\\/\\\/www.bio-laurentia.com\\\/?s={search_term_string}\"},\"query-input\":{\"@type\":\"PropertyValueSpecification\",\"valueRequired\":true,\"valueName\":\"search_term_string\"}}],\"inLanguage\":\"fr-FR\"},{\"@type\":\"Organization\",\"@id\":\"http:\\\/\\\/www.bio-laurentia.com\\\/#organization\",\"name\":\"Bio-Laurentia\",\"url\":\"http:\\\/\\\/www.bio-laurentia.com\\\/\",\"logo\":{\"@type\":\"ImageObject\",\"inLanguage\":\"fr-FR\",\"@id\":\"http:\\\/\\\/www.bio-laurentia.com\\\/#\\\/schema\\\/logo\\\/image\\\/\",\"url\":\"http:\\\/\\\/www.bio-laurentia.com\\\/wp-content\\\/uploads\\\/2026\\\/01\\\/Logo-Bio-Laurentia-COULEURS-1-scaled.png\",\"contentUrl\":\"http:\\\/\\\/www.bio-laurentia.com\\\/wp-content\\\/uploads\\\/2026\\\/01\\\/Logo-Bio-Laurentia-COULEURS-1-scaled.png\",\"width\":2560,\"height\":1109,\"caption\":\"Bio-Laurentia\"},\"image\":{\"@id\":\"http:\\\/\\\/www.bio-laurentia.com\\\/#\\\/schema\\\/logo\\\/image\\\/\"}}]}<\/script>\n<!-- \/ Yoast SEO plugin. -->","yoast_head_json":{"title":"Expertise Scientifique Environnementale et Marine | Bio-Laurentia","description":"Expertise Scientifique Environnementale et Marine | Recherche Scientifique, Sensibilisation & Communication Grand Public | Bio-Laurentia","robots":{"index":"index","follow":"follow","max-snippet":"max-snippet:-1","max-image-preview":"max-image-preview:large","max-video-preview":"max-video-preview:-1"},"canonical":"http:\/\/www.bio-laurentia.com\/index.php\/qui-sommes-nous\/","og_locale":"fr_FR","og_type":"article","og_title":"Expertise Scientifique Environnementale et Marine | Bio-Laurentia","og_description":"Expertise Scientifique Environnementale et Marine | Recherche Scientifique, Sensibilisation & Communication Grand Public | Bio-Laurentia","og_url":"http:\/\/www.bio-laurentia.com\/index.php\/qui-sommes-nous\/","og_site_name":"Bio-Laurentia","article_modified_time":"2026-01-19T10:00:12+00:00","og_image":[{"width":2560,"height":1440,"url":"http:\/\/www.bio-laurentia.com\/wp-content\/uploads\/2026\/01\/Competences-scaled.jpg","type":"image\/jpeg"}],"twitter_card":"summary_large_image","twitter_misc":{"Dur\u00e9e de lecture estim\u00e9e":"3 minutes"},"schema":{"@context":"https:\/\/schema.org","@graph":[{"@type":"WebPage","@id":"http:\/\/www.bio-laurentia.com\/index.php\/qui-sommes-nous\/","url":"http:\/\/www.bio-laurentia.com\/index.php\/qui-sommes-nous\/","name":"Expertise Scientifique Environnementale et Marine | Bio-Laurentia","isPartOf":{"@id":"http:\/\/www.bio-laurentia.com\/#website"},"primaryImageOfPage":{"@id":"http:\/\/www.bio-laurentia.com\/index.php\/qui-sommes-nous\/#primaryimage"},"image":{"@id":"http:\/\/www.bio-laurentia.com\/index.php\/qui-sommes-nous\/#primaryimage"},"thumbnailUrl":"http:\/\/www.bio-laurentia.com\/wp-content\/uploads\/2026\/01\/Competences-scaled.jpg","datePublished":"2026-01-12T08:19:31+00:00","dateModified":"2026-01-19T10:00:12+00:00","description":"Expertise Scientifique Environnementale et Marine | Recherche Scientifique, Sensibilisation & Communication Grand Public | Bio-Laurentia","breadcrumb":{"@id":"http:\/\/www.bio-laurentia.com\/index.php\/qui-sommes-nous\/#breadcrumb"},"inLanguage":"fr-FR","potentialAction":[{"@type":"ReadAction","target":["http:\/\/www.bio-laurentia.com\/index.php\/qui-sommes-nous\/"]}]},{"@type":"ImageObject","inLanguage":"fr-FR","@id":"http:\/\/www.bio-laurentia.com\/index.php\/qui-sommes-nous\/#primaryimage","url":"http:\/\/www.bio-laurentia.com\/wp-content\/uploads\/2026\/01\/Competences-scaled.jpg","contentUrl":"http:\/\/www.bio-laurentia.com\/wp-content\/uploads\/2026\/01\/Competences-scaled.jpg","width":2560,"height":1440,"caption":"Phoque commun se r\u00e9chauffant au soleil sur son rocher - Harbour seal warming up in the sun on its rock"},{"@type":"BreadcrumbList","@id":"http:\/\/www.bio-laurentia.com\/index.php\/qui-sommes-nous\/#breadcrumb","itemListElement":[{"@type":"ListItem","position":1,"name":"Accueil","item":"https:\/\/www.bio-laurentia.com\/"},{"@type":"ListItem","position":2,"name":"Qui sommes nous"}]},{"@type":"WebSite","@id":"http:\/\/www.bio-laurentia.com\/#website","url":"http:\/\/www.bio-laurentia.com\/","name":"Bio-Laurentia","description":"","publisher":{"@id":"http:\/\/www.bio-laurentia.com\/#organization"},"potentialAction":[{"@type":"SearchAction","target":{"@type":"EntryPoint","urlTemplate":"http:\/\/www.bio-laurentia.com\/?s={search_term_string}"},"query-input":{"@type":"PropertyValueSpecification","valueRequired":true,"valueName":"search_term_string"}}],"inLanguage":"fr-FR"},{"@type":"Organization","@id":"http:\/\/www.bio-laurentia.com\/#organization","name":"Bio-Laurentia","url":"http:\/\/www.bio-laurentia.com\/","logo":{"@type":"ImageObject","inLanguage":"fr-FR","@id":"http:\/\/www.bio-laurentia.com\/#\/schema\/logo\/image\/","url":"http:\/\/www.bio-laurentia.com\/wp-content\/uploads\/2026\/01\/Logo-Bio-Laurentia-COULEURS-1-scaled.png","contentUrl":"http:\/\/www.bio-laurentia.com\/wp-content\/uploads\/2026\/01\/Logo-Bio-Laurentia-COULEURS-1-scaled.png","width":2560,"height":1109,"caption":"Bio-Laurentia"},"image":{"@id":"http:\/\/www.bio-laurentia.com\/#\/schema\/logo\/image\/"}}]}},"_links":{"self":[{"href":"http:\/\/www.bio-laurentia.com\/index.php\/wp-json\/wp\/v2\/pages\/11","targetHints":{"allow":["GET"]}}],"collection":[{"href":"http:\/\/www.bio-laurentia.com\/index.php\/wp-json\/wp\/v2\/pages"}],"about":[{"href":"http:\/\/www.bio-laurentia.com\/index.php\/wp-json\/wp\/v2\/types\/page"}],"author":[{"embeddable":true,"href":"http:\/\/www.bio-laurentia.com\/index.php\/wp-json\/wp\/v2\/users\/1"}],"replies":[{"embeddable":true,"href":"http:\/\/www.bio-laurentia.com\/index.php\/wp-json\/wp\/v2\/comments?post=11"}],"version-history":[{"count":72,"href":"http:\/\/www.bio-laurentia.com\/index.php\/wp-json\/wp\/v2\/pages\/11\/revisions"}],"predecessor-version":[{"id":756,"href":"http:\/\/www.bio-laurentia.com\/index.php\/wp-json\/wp\/v2\/pages\/11\/revisions\/756"}],"wp:featuredmedia":[{"embeddable":true,"href":"http:\/\/www.bio-laurentia.com\/index.php\/wp-json\/wp\/v2\/media\/331"}],"wp:attachment":[{"href":"http:\/\/www.bio-laurentia.com\/index.php\/wp-json\/wp\/v2\/media?parent=11"}],"curies":[{"name":"wp","href":"https:\/\/api.w.org\/{rel}","templated":true}]}}