{"id":14,"date":"2026-01-12T08:23:40","date_gmt":"2026-01-12T08:23:40","guid":{"rendered":"https:\/\/www.bio-laurentia.com\/?page_id=14"},"modified":"2026-01-15T13:55:32","modified_gmt":"2026-01-15T13:55:32","slug":"competences-et-realisations","status":"publish","type":"page","link":"http:\/\/www.bio-laurentia.com\/index.php\/competences-et-realisations\/","title":{"rendered":"Comp\u00e9tences et r\u00e9alisations"},"content":{"rendered":"\n<div style=\"height:20px\" aria-hidden=\"true\" class=\"wp-block-spacer\"><\/div>\n\n\n\n<div class=\"wp-block-media-text alignfull is-stacked-on-mobile is-vertically-aligned-center\"><figure class=\"wp-block-media-text__media\"><img loading=\"lazy\" decoding=\"async\" width=\"1024\" height=\"576\" src=\"http:\/\/www.bio-laurentia.com\/wp-content\/uploads\/2026\/01\/Jobs-1-1024x576.jpg\" alt=\"\" class=\"wp-image-426 size-full\" srcset=\"http:\/\/www.bio-laurentia.com\/wp-content\/uploads\/2026\/01\/Jobs-1-1024x576.jpg 1024w, http:\/\/www.bio-laurentia.com\/wp-content\/uploads\/2026\/01\/Jobs-1-300x169.jpg 300w, http:\/\/www.bio-laurentia.com\/wp-content\/uploads\/2026\/01\/Jobs-1-768x432.jpg 768w, http:\/\/www.bio-laurentia.com\/wp-content\/uploads\/2026\/01\/Jobs-1-1536x864.jpg 1536w, http:\/\/www.bio-laurentia.com\/wp-content\/uploads\/2026\/01\/Jobs-1-2048x1152.jpg 2048w\" sizes=\"auto, (max-width: 1024px) 100vw, 1024px\" \/><\/figure><div class=\"wp-block-media-text__content\">\n<div class=\"wp-block-group\" style=\"padding-top:var(--wp--preset--spacing--50);padding-bottom:var(--wp--preset--spacing--50)\"><div class=\"wp-block-group__inner-container is-layout-constrained wp-block-group-is-layout-constrained\">\n<h2 class=\"wp-block-heading has-text-align-center\">Recherche scientifique&nbsp;<\/h2>\n\n\n\n<p class=\"has-text-align-center\">Depuis la cr\u00e9ation de Bio-Laurentia, la recherche est au c\u0153ur de nos activit\u00e9s. Elle nous permet d&rsquo;approfondir nos connaissances sur les esp\u00e8ces rares, de mieux comprendre les esp\u00e8ces d\u00e9j\u00e0 \u00e9tudi\u00e9es et, ainsi, de mieux pr\u00e9server l&rsquo;\u00e9cosyst\u00e8me marin.&nbsp;<\/p>\n\n\n\n<p class=\"has-text-align-center\">Bio-Laurentia est aujourd&rsquo;hui associ\u00e9e \u00e0 de nombreux partenaires scientifiques publics et priv\u00e9s dans le cadre de projets d&rsquo;acquisition de connaissances. Ces projets sont \u00e9galement l&rsquo;occasion d&rsquo;impliquer des partenaires universitaires et de contribuer ainsi \u00e0 la formation d&rsquo;\u00e9tudiants de premier cycle, de deuxi\u00e8me cycle et de troisi\u00e8me cycle.&nbsp;<\/p>\n\n\n\n<div class=\"wp-block-buttons is-content-justification-center is-layout-flex wp-container-core-buttons-is-layout-16018d1d wp-block-buttons-is-layout-flex\">\n<div class=\"wp-block-button is-style-fill\"><a class=\"wp-block-button__link wp-element-button\" href=\"https:\/\/www.bio-laurentia.com\/index.php\/recherche-scientifique\/\" style=\"border-top-left-radius:100px;border-top-right-radius:100px;border-bottom-left-radius:100px;border-bottom-right-radius:100px\">En savoir plus<\/a><\/div>\n<\/div>\n<\/div><\/div>\n<\/div><\/div>\n\n\n\n<div class=\"wp-block-media-text alignfull has-media-on-the-right is-stacked-on-mobile is-vertically-aligned-center\"><div class=\"wp-block-media-text__content\">\n<div class=\"wp-block-group\" style=\"padding-top:var(--wp--preset--spacing--50);padding-bottom:var(--wp--preset--spacing--50)\"><div class=\"wp-block-group__inner-container is-layout-constrained wp-block-group-is-layout-constrained\">\n<h2 class=\"wp-block-heading has-text-align-center\">\u00c9tudes d&rsquo;impact&nbsp;<\/h2>\n\n\n\n<p class=\"has-text-align-center\">Gr\u00e2ce \u00e0 sa connaissance approfondie du milieu marin, Bio-Laurentia participe depuis sa cr\u00e9ation \u00e0 des \u00e9tudes d&rsquo;impact anthropique. Qu&rsquo;il s&rsquo;agisse d&rsquo;\u00e9tudes pr\u00e9alables \u00e0 la construction, de suivi de la construction ou de suivi de la mise en service, Bio-Laurentia dispose des outils et de l&rsquo;expertise n\u00e9cessaires pour mener \u00e0 bien des \u00e9tudes pour la mise en \u0153uvre de projets de d\u00e9veloppement, des inventaires de la faune et de la flore marines, voire la conservation des esp\u00e8ces.&nbsp;<\/p>\n\n\n\n<div class=\"wp-block-buttons is-content-justification-center is-layout-flex wp-container-core-buttons-is-layout-16018d1d wp-block-buttons-is-layout-flex\">\n<div class=\"wp-block-button\"><a class=\"wp-block-button__link wp-element-button\" href=\"https:\/\/www.bio-laurentia.com\/index.php\/etudes-dimpact\/\" style=\"border-top-left-radius:100px;border-top-right-radius:100px;border-bottom-left-radius:100px;border-bottom-right-radius:100px\">En savoir plus<\/a><\/div>\n<\/div>\n<\/div><\/div>\n<\/div><figure class=\"wp-block-media-text__media\"><img loading=\"lazy\" decoding=\"async\" width=\"1024\" height=\"576\" src=\"http:\/\/www.bio-laurentia.com\/wp-content\/uploads\/2026\/01\/Etudes-dimpact-1024x576.jpg\" alt=\"\" class=\"wp-image-334 size-full\" srcset=\"http:\/\/www.bio-laurentia.com\/wp-content\/uploads\/2026\/01\/Etudes-dimpact-1024x576.jpg 1024w, http:\/\/www.bio-laurentia.com\/wp-content\/uploads\/2026\/01\/Etudes-dimpact-300x169.jpg 300w, http:\/\/www.bio-laurentia.com\/wp-content\/uploads\/2026\/01\/Etudes-dimpact-768x432.jpg 768w, http:\/\/www.bio-laurentia.com\/wp-content\/uploads\/2026\/01\/Etudes-dimpact-1536x864.jpg 1536w, http:\/\/www.bio-laurentia.com\/wp-content\/uploads\/2026\/01\/Etudes-dimpact-2048x1152.jpg 2048w\" sizes=\"auto, (max-width: 1024px) 100vw, 1024px\" \/><\/figure><\/div>\n\n\n\n<div class=\"wp-block-media-text alignfull is-stacked-on-mobile is-vertically-aligned-center\"><figure class=\"wp-block-media-text__media\"><img loading=\"lazy\" decoding=\"async\" width=\"1024\" height=\"576\" src=\"http:\/\/www.bio-laurentia.com\/wp-content\/uploads\/2026\/01\/Formation-1024x576.jpg\" alt=\"\" class=\"wp-image-335 size-full\" srcset=\"http:\/\/www.bio-laurentia.com\/wp-content\/uploads\/2026\/01\/Formation-1024x576.jpg 1024w, http:\/\/www.bio-laurentia.com\/wp-content\/uploads\/2026\/01\/Formation-300x169.jpg 300w, http:\/\/www.bio-laurentia.com\/wp-content\/uploads\/2026\/01\/Formation-768x432.jpg 768w, http:\/\/www.bio-laurentia.com\/wp-content\/uploads\/2026\/01\/Formation-1536x864.jpg 1536w, http:\/\/www.bio-laurentia.com\/wp-content\/uploads\/2026\/01\/Formation-2048x1152.jpg 2048w\" sizes=\"auto, (max-width: 1024px) 100vw, 1024px\" \/><\/figure><div class=\"wp-block-media-text__content\">\n<div class=\"wp-block-group\" style=\"padding-top:var(--wp--preset--spacing--50);padding-bottom:var(--wp--preset--spacing--50)\"><div class=\"wp-block-group__inner-container is-layout-constrained wp-block-group-is-layout-constrained\">\n<h2 class=\"wp-block-heading has-text-align-center\">Formation&nbsp;<\/h2>\n\n\n\n<p class=\"has-text-align-center\">L&rsquo;\u00e9quipe de Bio-Laurentia dispense r\u00e9guli\u00e8rement des formations \u00e0 plusieurs organisations, enseignant des techniques d&rsquo;observation scientifique, des proc\u00e9dures d&rsquo;intervention aupr\u00e8s de la faune en d\u00e9tresse et d&rsquo;autres comp\u00e9tences.&nbsp;<\/p>\n\n\n\n<div class=\"wp-block-buttons is-content-justification-center is-layout-flex wp-container-core-buttons-is-layout-16018d1d wp-block-buttons-is-layout-flex\">\n<div class=\"wp-block-button\"><a class=\"wp-block-button__link wp-element-button\" href=\"https:\/\/www.bio-laurentia.com\/index.php\/formations\/\" style=\"border-top-left-radius:100px;border-top-right-radius:100px;border-bottom-left-radius:100px;border-bottom-right-radius:100px\">En savoir plus<\/a><\/div>\n<\/div>\n<\/div><\/div>\n<\/div><\/div>\n\n\n\n<div class=\"wp-block-media-text alignfull has-media-on-the-right is-stacked-on-mobile is-vertically-aligned-center\"><div class=\"wp-block-media-text__content\">\n<div class=\"wp-block-group\" style=\"padding-top:var(--wp--preset--spacing--50);padding-bottom:var(--wp--preset--spacing--50)\"><div class=\"wp-block-group__inner-container is-layout-constrained wp-block-group-is-layout-constrained\">\n<h2 class=\"wp-block-heading has-text-align-center\">Audiovisuel&nbsp;<\/h2>\n\n\n\n<p class=\"has-text-align-center\">Nos nombreuses ann\u00e9es d&rsquo;exp\u00e9rience en photographie sous-marine ont permis \u00e0 Bio-Laurentia de d\u00e9velopper une expertise qui nous permet de r\u00e9pondre aux attentes de nos clients. Au fil du temps, nous avons d\u00e9velopp\u00e9 une expertise reconnue en photographie et en vid\u00e9o. Au-del\u00e0 de la recherche scientifique, Bio-Laurentia est d\u00e9sormais sollicit\u00e9e pour des projets audiovisuels (photo et vid\u00e9o) n\u00e9cessitant de la photographie sous-marine.&nbsp;<\/p>\n\n\n\n<div class=\"wp-block-buttons is-content-justification-center is-layout-flex wp-container-core-buttons-is-layout-16018d1d wp-block-buttons-is-layout-flex\">\n<div class=\"wp-block-button\"><a class=\"wp-block-button__link wp-element-button\" href=\"https:\/\/www.bio-laurentia.com\/index.php\/audiovisuel\/\" style=\"border-top-left-radius:100px;border-top-right-radius:100px;border-bottom-left-radius:100px;border-bottom-right-radius:100px\">En savoir plus<\/a><\/div>\n<\/div>\n<\/div><\/div>\n<\/div><figure class=\"wp-block-media-text__media\"><img loading=\"lazy\" decoding=\"async\" width=\"1024\" height=\"576\" src=\"http:\/\/www.bio-laurentia.com\/wp-content\/uploads\/2026\/01\/Audiovisuel-1024x576.jpg\" alt=\"\" class=\"wp-image-330 size-full\" srcset=\"http:\/\/www.bio-laurentia.com\/wp-content\/uploads\/2026\/01\/Audiovisuel-1024x576.jpg 1024w, http:\/\/www.bio-laurentia.com\/wp-content\/uploads\/2026\/01\/Audiovisuel-300x169.jpg 300w, http:\/\/www.bio-laurentia.com\/wp-content\/uploads\/2026\/01\/Audiovisuel-768x432.jpg 768w, http:\/\/www.bio-laurentia.com\/wp-content\/uploads\/2026\/01\/Audiovisuel-1536x864.jpg 1536w, http:\/\/www.bio-laurentia.com\/wp-content\/uploads\/2026\/01\/Audiovisuel-2048x1152.jpg 2048w\" sizes=\"auto, (max-width: 1024px) 100vw, 1024px\" \/><\/figure><\/div>\n\n\n\n<div style=\"height:40px\" aria-hidden=\"true\" class=\"wp-block-spacer\"><\/div>\n","protected":false},"excerpt":{"rendered":"","protected":false},"author":1,"featured_media":707,"parent":0,"menu_order":4,"comment_status":"closed","ping_status":"closed","template":"","meta":{"inline_featured_image":false,"_kad_post_transparent":"","_kad_post_title":"","_kad_post_layout":"","_kad_post_sidebar_id":"","_kad_post_content_style":"","_kad_post_vertical_padding":"","_kad_post_feature":"","_kad_post_feature_position":"","_kad_post_header":false,"_kad_post_footer":false,"_kad_post_classname":"","footnotes":""},"class_list":["post-14","page","type-page","status-publish","has-post-thumbnail","hentry"],"yoast_head":"<!-- This site is optimized with the Yoast SEO plugin v27.3 - https:\/\/yoast.com\/product\/yoast-seo-wordpress\/ -->\n<title>Nos Comp\u00e9tences et R\u00e9alisations | Bio-Laurentia<\/title>\n<meta name=\"description\" content=\"Expertise Environnementale et Projets Oc\u00e9anographiques | Nos Comp\u00e9tences : Recherche Scientifique, Etudes d&#039;Impact, Formations &amp; Audiovisuel\" \/>\n<meta name=\"robots\" content=\"index, follow, max-snippet:-1, max-image-preview:large, max-video-preview:-1\" \/>\n<link rel=\"canonical\" href=\"http:\/\/www.bio-laurentia.com\/index.php\/competences-et-realisations\/\" \/>\n<meta property=\"og:locale\" content=\"fr_FR\" \/>\n<meta property=\"og:type\" content=\"article\" \/>\n<meta property=\"og:title\" content=\"Nos Comp\u00e9tences et R\u00e9alisations | Bio-Laurentia\" \/>\n<meta property=\"og:description\" content=\"Expertise Environnementale et Projets Oc\u00e9anographiques | Nos Comp\u00e9tences : Recherche Scientifique, Etudes d&#039;Impact, Formations &amp; Audiovisuel\" \/>\n<meta property=\"og:url\" content=\"http:\/\/www.bio-laurentia.com\/index.php\/competences-et-realisations\/\" \/>\n<meta property=\"og:site_name\" content=\"Bio-Laurentia\" \/>\n<meta property=\"article:modified_time\" content=\"2026-01-15T13:55:32+00:00\" \/>\n<meta property=\"og:image\" content=\"https:\/\/www.bio-laurentia.com\/wp-content\/uploads\/2026\/01\/Communication.jpg\" \/>\n\t<meta property=\"og:image:width\" content=\"2210\" \/>\n\t<meta property=\"og:image:height\" content=\"1031\" \/>\n\t<meta property=\"og:image:type\" content=\"image\/jpeg\" \/>\n<meta name=\"twitter:card\" content=\"summary_large_image\" \/>\n<meta name=\"twitter:label1\" content=\"Dur\u00e9e de lecture estim\u00e9e\" \/>\n\t<meta name=\"twitter:data1\" content=\"3 minutes\" \/>\n<script type=\"application\/ld+json\" class=\"yoast-schema-graph\">{\"@context\":\"https:\\\/\\\/schema.org\",\"@graph\":[{\"@type\":\"WebPage\",\"@id\":\"http:\\\/\\\/www.bio-laurentia.com\\\/index.php\\\/competences-et-realisations\\\/\",\"url\":\"http:\\\/\\\/www.bio-laurentia.com\\\/index.php\\\/competences-et-realisations\\\/\",\"name\":\"Nos Comp\u00e9tences et R\u00e9alisations | Bio-Laurentia\",\"isPartOf\":{\"@id\":\"http:\\\/\\\/www.bio-laurentia.com\\\/#website\"},\"primaryImageOfPage\":{\"@id\":\"http:\\\/\\\/www.bio-laurentia.com\\\/index.php\\\/competences-et-realisations\\\/#primaryimage\"},\"image\":{\"@id\":\"http:\\\/\\\/www.bio-laurentia.com\\\/index.php\\\/competences-et-realisations\\\/#primaryimage\"},\"thumbnailUrl\":\"http:\\\/\\\/www.bio-laurentia.com\\\/wp-content\\\/uploads\\\/2026\\\/01\\\/Communication.jpg\",\"datePublished\":\"2026-01-12T08:23:40+00:00\",\"dateModified\":\"2026-01-15T13:55:32+00:00\",\"description\":\"Expertise Environnementale et Projets Oc\u00e9anographiques | Nos Comp\u00e9tences : Recherche Scientifique, Etudes d'Impact, Formations & Audiovisuel\",\"breadcrumb\":{\"@id\":\"http:\\\/\\\/www.bio-laurentia.com\\\/index.php\\\/competences-et-realisations\\\/#breadcrumb\"},\"inLanguage\":\"fr-FR\",\"potentialAction\":[{\"@type\":\"ReadAction\",\"target\":[\"http:\\\/\\\/www.bio-laurentia.com\\\/index.php\\\/competences-et-realisations\\\/\"]}]},{\"@type\":\"ImageObject\",\"inLanguage\":\"fr-FR\",\"@id\":\"http:\\\/\\\/www.bio-laurentia.com\\\/index.php\\\/competences-et-realisations\\\/#primaryimage\",\"url\":\"http:\\\/\\\/www.bio-laurentia.com\\\/wp-content\\\/uploads\\\/2026\\\/01\\\/Communication.jpg\",\"contentUrl\":\"http:\\\/\\\/www.bio-laurentia.com\\\/wp-content\\\/uploads\\\/2026\\\/01\\\/Communication.jpg\",\"width\":2210,\"height\":1031},{\"@type\":\"BreadcrumbList\",\"@id\":\"http:\\\/\\\/www.bio-laurentia.com\\\/index.php\\\/competences-et-realisations\\\/#breadcrumb\",\"itemListElement\":[{\"@type\":\"ListItem\",\"position\":1,\"name\":\"Accueil\",\"item\":\"https:\\\/\\\/www.bio-laurentia.com\\\/\"},{\"@type\":\"ListItem\",\"position\":2,\"name\":\"Comp\u00e9tences et r\u00e9alisations\"}]},{\"@type\":\"WebSite\",\"@id\":\"http:\\\/\\\/www.bio-laurentia.com\\\/#website\",\"url\":\"http:\\\/\\\/www.bio-laurentia.com\\\/\",\"name\":\"Bio-Laurentia\",\"description\":\"\",\"publisher\":{\"@id\":\"http:\\\/\\\/www.bio-laurentia.com\\\/#organization\"},\"potentialAction\":[{\"@type\":\"SearchAction\",\"target\":{\"@type\":\"EntryPoint\",\"urlTemplate\":\"http:\\\/\\\/www.bio-laurentia.com\\\/?s={search_term_string}\"},\"query-input\":{\"@type\":\"PropertyValueSpecification\",\"valueRequired\":true,\"valueName\":\"search_term_string\"}}],\"inLanguage\":\"fr-FR\"},{\"@type\":\"Organization\",\"@id\":\"http:\\\/\\\/www.bio-laurentia.com\\\/#organization\",\"name\":\"Bio-Laurentia\",\"url\":\"http:\\\/\\\/www.bio-laurentia.com\\\/\",\"logo\":{\"@type\":\"ImageObject\",\"inLanguage\":\"fr-FR\",\"@id\":\"http:\\\/\\\/www.bio-laurentia.com\\\/#\\\/schema\\\/logo\\\/image\\\/\",\"url\":\"http:\\\/\\\/www.bio-laurentia.com\\\/wp-content\\\/uploads\\\/2026\\\/01\\\/Logo-Bio-Laurentia-COULEURS-1-scaled.png\",\"contentUrl\":\"http:\\\/\\\/www.bio-laurentia.com\\\/wp-content\\\/uploads\\\/2026\\\/01\\\/Logo-Bio-Laurentia-COULEURS-1-scaled.png\",\"width\":2560,\"height\":1109,\"caption\":\"Bio-Laurentia\"},\"image\":{\"@id\":\"http:\\\/\\\/www.bio-laurentia.com\\\/#\\\/schema\\\/logo\\\/image\\\/\"}}]}<\/script>\n<!-- \/ Yoast SEO plugin. -->","yoast_head_json":{"title":"Nos Comp\u00e9tences et R\u00e9alisations | Bio-Laurentia","description":"Expertise Environnementale et Projets Oc\u00e9anographiques | Nos Comp\u00e9tences : Recherche Scientifique, Etudes d'Impact, Formations & Audiovisuel","robots":{"index":"index","follow":"follow","max-snippet":"max-snippet:-1","max-image-preview":"max-image-preview:large","max-video-preview":"max-video-preview:-1"},"canonical":"http:\/\/www.bio-laurentia.com\/index.php\/competences-et-realisations\/","og_locale":"fr_FR","og_type":"article","og_title":"Nos Comp\u00e9tences et R\u00e9alisations | Bio-Laurentia","og_description":"Expertise Environnementale et Projets Oc\u00e9anographiques | Nos Comp\u00e9tences : Recherche Scientifique, Etudes d'Impact, Formations & Audiovisuel","og_url":"http:\/\/www.bio-laurentia.com\/index.php\/competences-et-realisations\/","og_site_name":"Bio-Laurentia","article_modified_time":"2026-01-15T13:55:32+00:00","og_image":[{"width":2210,"height":1031,"url":"https:\/\/www.bio-laurentia.com\/wp-content\/uploads\/2026\/01\/Communication.jpg","type":"image\/jpeg"}],"twitter_card":"summary_large_image","twitter_misc":{"Dur\u00e9e de lecture estim\u00e9e":"3 minutes"},"schema":{"@context":"https:\/\/schema.org","@graph":[{"@type":"WebPage","@id":"http:\/\/www.bio-laurentia.com\/index.php\/competences-et-realisations\/","url":"http:\/\/www.bio-laurentia.com\/index.php\/competences-et-realisations\/","name":"Nos Comp\u00e9tences et R\u00e9alisations | Bio-Laurentia","isPartOf":{"@id":"http:\/\/www.bio-laurentia.com\/#website"},"primaryImageOfPage":{"@id":"http:\/\/www.bio-laurentia.com\/index.php\/competences-et-realisations\/#primaryimage"},"image":{"@id":"http:\/\/www.bio-laurentia.com\/index.php\/competences-et-realisations\/#primaryimage"},"thumbnailUrl":"http:\/\/www.bio-laurentia.com\/wp-content\/uploads\/2026\/01\/Communication.jpg","datePublished":"2026-01-12T08:23:40+00:00","dateModified":"2026-01-15T13:55:32+00:00","description":"Expertise Environnementale et Projets Oc\u00e9anographiques | Nos Comp\u00e9tences : Recherche Scientifique, Etudes d'Impact, Formations & Audiovisuel","breadcrumb":{"@id":"http:\/\/www.bio-laurentia.com\/index.php\/competences-et-realisations\/#breadcrumb"},"inLanguage":"fr-FR","potentialAction":[{"@type":"ReadAction","target":["http:\/\/www.bio-laurentia.com\/index.php\/competences-et-realisations\/"]}]},{"@type":"ImageObject","inLanguage":"fr-FR","@id":"http:\/\/www.bio-laurentia.com\/index.php\/competences-et-realisations\/#primaryimage","url":"http:\/\/www.bio-laurentia.com\/wp-content\/uploads\/2026\/01\/Communication.jpg","contentUrl":"http:\/\/www.bio-laurentia.com\/wp-content\/uploads\/2026\/01\/Communication.jpg","width":2210,"height":1031},{"@type":"BreadcrumbList","@id":"http:\/\/www.bio-laurentia.com\/index.php\/competences-et-realisations\/#breadcrumb","itemListElement":[{"@type":"ListItem","position":1,"name":"Accueil","item":"https:\/\/www.bio-laurentia.com\/"},{"@type":"ListItem","position":2,"name":"Comp\u00e9tences et r\u00e9alisations"}]},{"@type":"WebSite","@id":"http:\/\/www.bio-laurentia.com\/#website","url":"http:\/\/www.bio-laurentia.com\/","name":"Bio-Laurentia","description":"","publisher":{"@id":"http:\/\/www.bio-laurentia.com\/#organization"},"potentialAction":[{"@type":"SearchAction","target":{"@type":"EntryPoint","urlTemplate":"http:\/\/www.bio-laurentia.com\/?s={search_term_string}"},"query-input":{"@type":"PropertyValueSpecification","valueRequired":true,"valueName":"search_term_string"}}],"inLanguage":"fr-FR"},{"@type":"Organization","@id":"http:\/\/www.bio-laurentia.com\/#organization","name":"Bio-Laurentia","url":"http:\/\/www.bio-laurentia.com\/","logo":{"@type":"ImageObject","inLanguage":"fr-FR","@id":"http:\/\/www.bio-laurentia.com\/#\/schema\/logo\/image\/","url":"http:\/\/www.bio-laurentia.com\/wp-content\/uploads\/2026\/01\/Logo-Bio-Laurentia-COULEURS-1-scaled.png","contentUrl":"http:\/\/www.bio-laurentia.com\/wp-content\/uploads\/2026\/01\/Logo-Bio-Laurentia-COULEURS-1-scaled.png","width":2560,"height":1109,"caption":"Bio-Laurentia"},"image":{"@id":"http:\/\/www.bio-laurentia.com\/#\/schema\/logo\/image\/"}}]}},"_links":{"self":[{"href":"http:\/\/www.bio-laurentia.com\/index.php\/wp-json\/wp\/v2\/pages\/14","targetHints":{"allow":["GET"]}}],"collection":[{"href":"http:\/\/www.bio-laurentia.com\/index.php\/wp-json\/wp\/v2\/pages"}],"about":[{"href":"http:\/\/www.bio-laurentia.com\/index.php\/wp-json\/wp\/v2\/types\/page"}],"author":[{"embeddable":true,"href":"http:\/\/www.bio-laurentia.com\/index.php\/wp-json\/wp\/v2\/users\/1"}],"replies":[{"embeddable":true,"href":"http:\/\/www.bio-laurentia.com\/index.php\/wp-json\/wp\/v2\/comments?post=14"}],"version-history":[{"count":17,"href":"http:\/\/www.bio-laurentia.com\/index.php\/wp-json\/wp\/v2\/pages\/14\/revisions"}],"predecessor-version":[{"id":725,"href":"http:\/\/www.bio-laurentia.com\/index.php\/wp-json\/wp\/v2\/pages\/14\/revisions\/725"}],"wp:featuredmedia":[{"embeddable":true,"href":"http:\/\/www.bio-laurentia.com\/index.php\/wp-json\/wp\/v2\/media\/707"}],"wp:attachment":[{"href":"http:\/\/www.bio-laurentia.com\/index.php\/wp-json\/wp\/v2\/media?parent=14"}],"curies":[{"name":"wp","href":"https:\/\/api.w.org\/{rel}","templated":true}]}}