{"id":20,"date":"2026-01-12T08:25:20","date_gmt":"2026-01-12T08:25:20","guid":{"rendered":"https:\/\/www.bio-laurentia.com\/?page_id=20"},"modified":"2026-01-23T09:50:31","modified_gmt":"2026-01-23T09:50:31","slug":"nos-actualites","status":"publish","type":"page","link":"http:\/\/www.bio-laurentia.com\/index.php\/nos-actualites\/","title":{"rendered":"Actualit\u00e9s"},"content":{"rendered":"<ul style=\"font-style:normal;font-weight:500;\" class=\"wp-block-latest-posts__list is-grid columns-3 wp-block-latest-posts\"><li><div class=\"wp-block-latest-posts__featured-image\"><a href=\"http:\/\/www.bio-laurentia.com\/index.php\/2026\/01\/23\/formations-2026\/\" aria-label=\"Formations dispens\u00e9es en 2026\"><img loading=\"lazy\" decoding=\"async\" width=\"1024\" height=\"768\" src=\"http:\/\/www.bio-laurentia.com\/wp-content\/uploads\/2026\/01\/Article-Formations-1024x768.jpg\" class=\"attachment-large size-large wp-post-image\" alt=\"\" style=\"\" srcset=\"http:\/\/www.bio-laurentia.com\/wp-content\/uploads\/2026\/01\/Article-Formations-1024x768.jpg 1024w, http:\/\/www.bio-laurentia.com\/wp-content\/uploads\/2026\/01\/Article-Formations-300x225.jpg 300w, http:\/\/www.bio-laurentia.com\/wp-content\/uploads\/2026\/01\/Article-Formations-768x576.jpg 768w, http:\/\/www.bio-laurentia.com\/wp-content\/uploads\/2026\/01\/Article-Formations-1536x1152.jpg 1536w, http:\/\/www.bio-laurentia.com\/wp-content\/uploads\/2026\/01\/Article-Formations-2048x1536.jpg 2048w\" sizes=\"auto, (max-width: 1024px) 100vw, 1024px\" \/><\/a><\/div><a class=\"wp-block-latest-posts__post-title\" href=\"http:\/\/www.bio-laurentia.com\/index.php\/2026\/01\/23\/formations-2026\/\">Formations dispens\u00e9es en 2026<\/a><\/li>\n<li><div class=\"wp-block-latest-posts__featured-image\"><a href=\"http:\/\/www.bio-laurentia.com\/index.php\/2026\/01\/23\/projets-de-recherche-2025-2026\/\" aria-label=\"Projets de recherche scientifique de 2025 \u00e0 2026\"><img loading=\"lazy\" decoding=\"async\" width=\"1024\" height=\"768\" src=\"http:\/\/www.bio-laurentia.com\/wp-content\/uploads\/2026\/01\/Projets-de-recherche-2025-2026-1024x768.jpg\" class=\"attachment-large size-large wp-post-image\" alt=\"\" style=\"\" srcset=\"http:\/\/www.bio-laurentia.com\/wp-content\/uploads\/2026\/01\/Projets-de-recherche-2025-2026-1024x768.jpg 1024w, http:\/\/www.bio-laurentia.com\/wp-content\/uploads\/2026\/01\/Projets-de-recherche-2025-2026-300x225.jpg 300w, http:\/\/www.bio-laurentia.com\/wp-content\/uploads\/2026\/01\/Projets-de-recherche-2025-2026-768x576.jpg 768w, http:\/\/www.bio-laurentia.com\/wp-content\/uploads\/2026\/01\/Projets-de-recherche-2025-2026.jpg 1333w\" sizes=\"auto, (max-width: 1024px) 100vw, 1024px\" \/><\/a><\/div><a class=\"wp-block-latest-posts__post-title\" href=\"http:\/\/www.bio-laurentia.com\/index.php\/2026\/01\/23\/projets-de-recherche-2025-2026\/\">Projets de recherche scientifique de 2025 \u00e0 2026<\/a><\/li>\n<li><div class=\"wp-block-latest-posts__featured-image\"><a href=\"http:\/\/www.bio-laurentia.com\/index.php\/2026\/01\/23\/etudes-dimpact-2023-2025\/\" aria-label=\"Etudes d&rsquo;impact de 2023 \u00e0 2025\"><img loading=\"lazy\" decoding=\"async\" width=\"1024\" height=\"768\" src=\"http:\/\/www.bio-laurentia.com\/wp-content\/uploads\/2026\/01\/Article-etudes-dimpact-1024x768.jpg\" class=\"attachment-large size-large wp-post-image\" alt=\"\" style=\"\" srcset=\"http:\/\/www.bio-laurentia.com\/wp-content\/uploads\/2026\/01\/Article-etudes-dimpact-1024x768.jpg 1024w, http:\/\/www.bio-laurentia.com\/wp-content\/uploads\/2026\/01\/Article-etudes-dimpact-300x225.jpg 300w, http:\/\/www.bio-laurentia.com\/wp-content\/uploads\/2026\/01\/Article-etudes-dimpact-768x576.jpg 768w, http:\/\/www.bio-laurentia.com\/wp-content\/uploads\/2026\/01\/Article-etudes-dimpact-1536x1152.jpg 1536w, http:\/\/www.bio-laurentia.com\/wp-content\/uploads\/2026\/01\/Article-etudes-dimpact.jpg 1815w\" sizes=\"auto, (max-width: 1024px) 100vw, 1024px\" \/><\/a><\/div><a class=\"wp-block-latest-posts__post-title\" href=\"http:\/\/www.bio-laurentia.com\/index.php\/2026\/01\/23\/etudes-dimpact-2023-2025\/\">Etudes d&rsquo;impact de 2023 \u00e0 2025<\/a><\/li>\n<li><div class=\"wp-block-latest-posts__featured-image\"><a href=\"http:\/\/www.bio-laurentia.com\/index.php\/2026\/01\/23\/projet-de-recherche-2023-2024\/\" aria-label=\"Projets de recherche scientifique de 2023 \u00e0 2024\"><img loading=\"lazy\" decoding=\"async\" width=\"1024\" height=\"768\" src=\"http:\/\/www.bio-laurentia.com\/wp-content\/uploads\/2026\/01\/Projets-de-recherche-2023-2024-1024x768.jpg\" class=\"attachment-large size-large wp-post-image\" alt=\"\" style=\"\" srcset=\"http:\/\/www.bio-laurentia.com\/wp-content\/uploads\/2026\/01\/Projets-de-recherche-2023-2024-1024x768.jpg 1024w, http:\/\/www.bio-laurentia.com\/wp-content\/uploads\/2026\/01\/Projets-de-recherche-2023-2024-300x225.jpg 300w, http:\/\/www.bio-laurentia.com\/wp-content\/uploads\/2026\/01\/Projets-de-recherche-2023-2024-768x576.jpg 768w, http:\/\/www.bio-laurentia.com\/wp-content\/uploads\/2026\/01\/Projets-de-recherche-2023-2024-1536x1152.jpg 1536w, http:\/\/www.bio-laurentia.com\/wp-content\/uploads\/2026\/01\/Projets-de-recherche-2023-2024-2048x1536.jpg 2048w\" sizes=\"auto, (max-width: 1024px) 100vw, 1024px\" \/><\/a><\/div><a class=\"wp-block-latest-posts__post-title\" href=\"http:\/\/www.bio-laurentia.com\/index.php\/2026\/01\/23\/projet-de-recherche-2023-2024\/\">Projets de recherche scientifique de 2023 \u00e0 2024<\/a><\/li>\n<\/ul>\n\n\n<div style=\"height:30px\" aria-hidden=\"true\" class=\"wp-block-spacer\"><\/div>\n","protected":false},"excerpt":{"rendered":"","protected":false},"author":1,"featured_media":590,"parent":0,"menu_order":9,"comment_status":"closed","ping_status":"closed","template":"","meta":{"inline_featured_image":false,"_kad_post_transparent":"","_kad_post_title":"","_kad_post_layout":"","_kad_post_sidebar_id":"","_kad_post_content_style":"","_kad_post_vertical_padding":"","_kad_post_feature":"","_kad_post_feature_position":"","_kad_post_header":false,"_kad_post_footer":false,"_kad_post_classname":"","footnotes":""},"class_list":["post-20","page","type-page","status-publish","has-post-thumbnail","hentry"],"yoast_head":"<!-- This site is optimized with the Yoast SEO plugin v27.3 - https:\/\/yoast.com\/product\/yoast-seo-wordpress\/ -->\n<title>Actualit\u00e9s Environnement et Recherche Scientifique | Bio-Laurentia<\/title>\n<meta name=\"description\" content=\"Retrouvez toutes nos Actualit\u00e9s Environnement &amp; Oc\u00e9anographie | Projets de Recherches, Formations, Audiovisuel, Etudes d&#039;Impact, Stages\" \/>\n<meta name=\"robots\" content=\"index, follow, max-snippet:-1, max-image-preview:large, max-video-preview:-1\" \/>\n<link rel=\"canonical\" href=\"http:\/\/www.bio-laurentia.com\/index.php\/nos-actualites\/\" \/>\n<meta property=\"og:locale\" content=\"fr_FR\" \/>\n<meta property=\"og:type\" content=\"article\" \/>\n<meta property=\"og:title\" content=\"Actualit\u00e9s Environnement et Recherche Scientifique | Bio-Laurentia\" \/>\n<meta property=\"og:description\" content=\"Retrouvez toutes nos Actualit\u00e9s Environnement &amp; Oc\u00e9anographie | Projets de Recherches, Formations, Audiovisuel, Etudes d&#039;Impact, Stages\" \/>\n<meta property=\"og:url\" content=\"http:\/\/www.bio-laurentia.com\/index.php\/nos-actualites\/\" \/>\n<meta property=\"og:site_name\" content=\"Bio-Laurentia\" \/>\n<meta property=\"article:modified_time\" content=\"2026-01-23T09:50:31+00:00\" \/>\n<meta property=\"og:image\" content=\"https:\/\/www.bio-laurentia.com\/wp-content\/uploads\/2026\/01\/AQB_7593-scaled.jpg\" \/>\n\t<meta property=\"og:image:width\" content=\"2560\" \/>\n\t<meta property=\"og:image:height\" content=\"1440\" \/>\n\t<meta property=\"og:image:type\" content=\"image\/jpeg\" \/>\n<meta name=\"twitter:card\" content=\"summary_large_image\" \/>\n<meta name=\"twitter:label1\" content=\"Dur\u00e9e de lecture estim\u00e9e\" \/>\n\t<meta name=\"twitter:data1\" content=\"1 minute\" \/>\n<script type=\"application\/ld+json\" class=\"yoast-schema-graph\">{\"@context\":\"https:\\\/\\\/schema.org\",\"@graph\":[{\"@type\":\"WebPage\",\"@id\":\"http:\\\/\\\/www.bio-laurentia.com\\\/index.php\\\/nos-actualites\\\/\",\"url\":\"http:\\\/\\\/www.bio-laurentia.com\\\/index.php\\\/nos-actualites\\\/\",\"name\":\"Actualit\u00e9s Environnement et Recherche Scientifique | Bio-Laurentia\",\"isPartOf\":{\"@id\":\"http:\\\/\\\/www.bio-laurentia.com\\\/#website\"},\"primaryImageOfPage\":{\"@id\":\"http:\\\/\\\/www.bio-laurentia.com\\\/index.php\\\/nos-actualites\\\/#primaryimage\"},\"image\":{\"@id\":\"http:\\\/\\\/www.bio-laurentia.com\\\/index.php\\\/nos-actualites\\\/#primaryimage\"},\"thumbnailUrl\":\"http:\\\/\\\/www.bio-laurentia.com\\\/wp-content\\\/uploads\\\/2026\\\/01\\\/AQB_7593-scaled.jpg\",\"datePublished\":\"2026-01-12T08:25:20+00:00\",\"dateModified\":\"2026-01-23T09:50:31+00:00\",\"description\":\"Retrouvez toutes nos Actualit\u00e9s Environnement & Oc\u00e9anographie | Projets de Recherches, Formations, Audiovisuel, Etudes d'Impact, Stages\",\"breadcrumb\":{\"@id\":\"http:\\\/\\\/www.bio-laurentia.com\\\/index.php\\\/nos-actualites\\\/#breadcrumb\"},\"inLanguage\":\"fr-FR\",\"potentialAction\":[{\"@type\":\"ReadAction\",\"target\":[\"http:\\\/\\\/www.bio-laurentia.com\\\/index.php\\\/nos-actualites\\\/\"]}]},{\"@type\":\"ImageObject\",\"inLanguage\":\"fr-FR\",\"@id\":\"http:\\\/\\\/www.bio-laurentia.com\\\/index.php\\\/nos-actualites\\\/#primaryimage\",\"url\":\"http:\\\/\\\/www.bio-laurentia.com\\\/wp-content\\\/uploads\\\/2026\\\/01\\\/AQB_7593-scaled.jpg\",\"contentUrl\":\"http:\\\/\\\/www.bio-laurentia.com\\\/wp-content\\\/uploads\\\/2026\\\/01\\\/AQB_7593-scaled.jpg\",\"width\":2560,\"height\":1440},{\"@type\":\"BreadcrumbList\",\"@id\":\"http:\\\/\\\/www.bio-laurentia.com\\\/index.php\\\/nos-actualites\\\/#breadcrumb\",\"itemListElement\":[{\"@type\":\"ListItem\",\"position\":1,\"name\":\"Accueil\",\"item\":\"https:\\\/\\\/www.bio-laurentia.com\\\/\"},{\"@type\":\"ListItem\",\"position\":2,\"name\":\"Actualit\u00e9s\"}]},{\"@type\":\"WebSite\",\"@id\":\"http:\\\/\\\/www.bio-laurentia.com\\\/#website\",\"url\":\"http:\\\/\\\/www.bio-laurentia.com\\\/\",\"name\":\"Bio-Laurentia\",\"description\":\"\",\"publisher\":{\"@id\":\"http:\\\/\\\/www.bio-laurentia.com\\\/#organization\"},\"potentialAction\":[{\"@type\":\"SearchAction\",\"target\":{\"@type\":\"EntryPoint\",\"urlTemplate\":\"http:\\\/\\\/www.bio-laurentia.com\\\/?s={search_term_string}\"},\"query-input\":{\"@type\":\"PropertyValueSpecification\",\"valueRequired\":true,\"valueName\":\"search_term_string\"}}],\"inLanguage\":\"fr-FR\"},{\"@type\":\"Organization\",\"@id\":\"http:\\\/\\\/www.bio-laurentia.com\\\/#organization\",\"name\":\"Bio-Laurentia\",\"url\":\"http:\\\/\\\/www.bio-laurentia.com\\\/\",\"logo\":{\"@type\":\"ImageObject\",\"inLanguage\":\"fr-FR\",\"@id\":\"http:\\\/\\\/www.bio-laurentia.com\\\/#\\\/schema\\\/logo\\\/image\\\/\",\"url\":\"http:\\\/\\\/www.bio-laurentia.com\\\/wp-content\\\/uploads\\\/2026\\\/01\\\/Logo-Bio-Laurentia-COULEURS-1-scaled.png\",\"contentUrl\":\"http:\\\/\\\/www.bio-laurentia.com\\\/wp-content\\\/uploads\\\/2026\\\/01\\\/Logo-Bio-Laurentia-COULEURS-1-scaled.png\",\"width\":2560,\"height\":1109,\"caption\":\"Bio-Laurentia\"},\"image\":{\"@id\":\"http:\\\/\\\/www.bio-laurentia.com\\\/#\\\/schema\\\/logo\\\/image\\\/\"}}]}<\/script>\n<!-- \/ Yoast SEO plugin. -->","yoast_head_json":{"title":"Actualit\u00e9s Environnement et Recherche Scientifique | Bio-Laurentia","description":"Retrouvez toutes nos Actualit\u00e9s Environnement & Oc\u00e9anographie | Projets de Recherches, Formations, Audiovisuel, Etudes d'Impact, Stages","robots":{"index":"index","follow":"follow","max-snippet":"max-snippet:-1","max-image-preview":"max-image-preview:large","max-video-preview":"max-video-preview:-1"},"canonical":"http:\/\/www.bio-laurentia.com\/index.php\/nos-actualites\/","og_locale":"fr_FR","og_type":"article","og_title":"Actualit\u00e9s Environnement et Recherche Scientifique | Bio-Laurentia","og_description":"Retrouvez toutes nos Actualit\u00e9s Environnement & Oc\u00e9anographie | Projets de Recherches, Formations, Audiovisuel, Etudes d'Impact, Stages","og_url":"http:\/\/www.bio-laurentia.com\/index.php\/nos-actualites\/","og_site_name":"Bio-Laurentia","article_modified_time":"2026-01-23T09:50:31+00:00","og_image":[{"width":2560,"height":1440,"url":"https:\/\/www.bio-laurentia.com\/wp-content\/uploads\/2026\/01\/AQB_7593-scaled.jpg","type":"image\/jpeg"}],"twitter_card":"summary_large_image","twitter_misc":{"Dur\u00e9e de lecture estim\u00e9e":"1 minute"},"schema":{"@context":"https:\/\/schema.org","@graph":[{"@type":"WebPage","@id":"http:\/\/www.bio-laurentia.com\/index.php\/nos-actualites\/","url":"http:\/\/www.bio-laurentia.com\/index.php\/nos-actualites\/","name":"Actualit\u00e9s Environnement et Recherche Scientifique | Bio-Laurentia","isPartOf":{"@id":"http:\/\/www.bio-laurentia.com\/#website"},"primaryImageOfPage":{"@id":"http:\/\/www.bio-laurentia.com\/index.php\/nos-actualites\/#primaryimage"},"image":{"@id":"http:\/\/www.bio-laurentia.com\/index.php\/nos-actualites\/#primaryimage"},"thumbnailUrl":"http:\/\/www.bio-laurentia.com\/wp-content\/uploads\/2026\/01\/AQB_7593-scaled.jpg","datePublished":"2026-01-12T08:25:20+00:00","dateModified":"2026-01-23T09:50:31+00:00","description":"Retrouvez toutes nos Actualit\u00e9s Environnement & Oc\u00e9anographie | Projets de Recherches, Formations, Audiovisuel, Etudes d'Impact, Stages","breadcrumb":{"@id":"http:\/\/www.bio-laurentia.com\/index.php\/nos-actualites\/#breadcrumb"},"inLanguage":"fr-FR","potentialAction":[{"@type":"ReadAction","target":["http:\/\/www.bio-laurentia.com\/index.php\/nos-actualites\/"]}]},{"@type":"ImageObject","inLanguage":"fr-FR","@id":"http:\/\/www.bio-laurentia.com\/index.php\/nos-actualites\/#primaryimage","url":"http:\/\/www.bio-laurentia.com\/wp-content\/uploads\/2026\/01\/AQB_7593-scaled.jpg","contentUrl":"http:\/\/www.bio-laurentia.com\/wp-content\/uploads\/2026\/01\/AQB_7593-scaled.jpg","width":2560,"height":1440},{"@type":"BreadcrumbList","@id":"http:\/\/www.bio-laurentia.com\/index.php\/nos-actualites\/#breadcrumb","itemListElement":[{"@type":"ListItem","position":1,"name":"Accueil","item":"https:\/\/www.bio-laurentia.com\/"},{"@type":"ListItem","position":2,"name":"Actualit\u00e9s"}]},{"@type":"WebSite","@id":"http:\/\/www.bio-laurentia.com\/#website","url":"http:\/\/www.bio-laurentia.com\/","name":"Bio-Laurentia","description":"","publisher":{"@id":"http:\/\/www.bio-laurentia.com\/#organization"},"potentialAction":[{"@type":"SearchAction","target":{"@type":"EntryPoint","urlTemplate":"http:\/\/www.bio-laurentia.com\/?s={search_term_string}"},"query-input":{"@type":"PropertyValueSpecification","valueRequired":true,"valueName":"search_term_string"}}],"inLanguage":"fr-FR"},{"@type":"Organization","@id":"http:\/\/www.bio-laurentia.com\/#organization","name":"Bio-Laurentia","url":"http:\/\/www.bio-laurentia.com\/","logo":{"@type":"ImageObject","inLanguage":"fr-FR","@id":"http:\/\/www.bio-laurentia.com\/#\/schema\/logo\/image\/","url":"http:\/\/www.bio-laurentia.com\/wp-content\/uploads\/2026\/01\/Logo-Bio-Laurentia-COULEURS-1-scaled.png","contentUrl":"http:\/\/www.bio-laurentia.com\/wp-content\/uploads\/2026\/01\/Logo-Bio-Laurentia-COULEURS-1-scaled.png","width":2560,"height":1109,"caption":"Bio-Laurentia"},"image":{"@id":"http:\/\/www.bio-laurentia.com\/#\/schema\/logo\/image\/"}}]}},"_links":{"self":[{"href":"http:\/\/www.bio-laurentia.com\/index.php\/wp-json\/wp\/v2\/pages\/20","targetHints":{"allow":["GET"]}}],"collection":[{"href":"http:\/\/www.bio-laurentia.com\/index.php\/wp-json\/wp\/v2\/pages"}],"about":[{"href":"http:\/\/www.bio-laurentia.com\/index.php\/wp-json\/wp\/v2\/types\/page"}],"author":[{"embeddable":true,"href":"http:\/\/www.bio-laurentia.com\/index.php\/wp-json\/wp\/v2\/users\/1"}],"replies":[{"embeddable":true,"href":"http:\/\/www.bio-laurentia.com\/index.php\/wp-json\/wp\/v2\/comments?post=20"}],"version-history":[{"count":9,"href":"http:\/\/www.bio-laurentia.com\/index.php\/wp-json\/wp\/v2\/pages\/20\/revisions"}],"predecessor-version":[{"id":900,"href":"http:\/\/www.bio-laurentia.com\/index.php\/wp-json\/wp\/v2\/pages\/20\/revisions\/900"}],"wp:featuredmedia":[{"embeddable":true,"href":"http:\/\/www.bio-laurentia.com\/index.php\/wp-json\/wp\/v2\/media\/590"}],"wp:attachment":[{"href":"http:\/\/www.bio-laurentia.com\/index.php\/wp-json\/wp\/v2\/media?parent=20"}],"curies":[{"name":"wp","href":"https:\/\/api.w.org\/{rel}","templated":true}]}}