{"id":35,"date":"2026-01-12T08:30:11","date_gmt":"2026-01-12T08:30:11","guid":{"rendered":"https:\/\/www.bio-laurentia.com\/?page_id=35"},"modified":"2026-01-30T10:21:57","modified_gmt":"2026-01-30T10:21:57","slug":"etudes-dimpact","status":"publish","type":"page","link":"http:\/\/www.bio-laurentia.com\/index.php\/competences-et-realisations\/etudes-dimpact\/","title":{"rendered":"Etudes d&rsquo;impact"},"content":{"rendered":"\n<p>Gr\u00e2ce \u00e0 sa connaissance du milieu marin, Bio-Laurentia participe \u00e0 des \u00e9tudes d&rsquo;impact anthropique depuis sa cr\u00e9ation. Qu&rsquo;il s&rsquo;agisse d&rsquo;\u00e9tudes pr\u00e9alables \u00e0 la construction, de surveillance pendant la construction ou de surveillance pendant la mise en service, Bio-Laurentia dispose des outils et de l&rsquo;expertise n\u00e9cessaires pour mener \u00e0 bien ces \u00e9tudes pour la mise en \u0153uvre de projets de d\u00e9veloppement, des inventaires de la faune et de la flore marine, et m\u00eame la conservation des esp\u00e8ces.<\/p>\n\n\n\n<div style=\"height:20px\" aria-hidden=\"true\" class=\"wp-block-spacer\"><\/div>\n\n\n\n<div class=\"wp-block-group has-theme-palette-7-background-color has-background\" style=\"border-top-left-radius:20px;border-top-right-radius:20px;border-bottom-left-radius:20px;border-bottom-right-radius:20px\"><div class=\"wp-block-group__inner-container is-layout-constrained wp-block-group-is-layout-constrained\">\n<h2 class=\"wp-block-heading has-text-align-center\">Nos articles sur les \u00e9tudes d&rsquo;impact<\/h2>\n\n\n\n<div style=\"height:20px\" aria-hidden=\"true\" class=\"wp-block-spacer\"><\/div>\n\n\n<ul style=\"font-style:normal;font-weight:500;\" class=\"wp-block-latest-posts__list is-grid columns-3 wp-block-latest-posts\"><li><div class=\"wp-block-latest-posts__featured-image\"><a href=\"http:\/\/www.bio-laurentia.com\/index.php\/2026\/01\/23\/etudes-dimpact-2023-2025\/\" aria-label=\"Etudes d&rsquo;impact de 2023 \u00e0 2025\"><img loading=\"lazy\" decoding=\"async\" width=\"1024\" height=\"768\" src=\"http:\/\/www.bio-laurentia.com\/wp-content\/uploads\/2026\/01\/Article-etudes-dimpact-1024x768.jpg\" class=\"attachment-large size-large wp-post-image\" alt=\"\" style=\"\" srcset=\"http:\/\/www.bio-laurentia.com\/wp-content\/uploads\/2026\/01\/Article-etudes-dimpact-1024x768.jpg 1024w, http:\/\/www.bio-laurentia.com\/wp-content\/uploads\/2026\/01\/Article-etudes-dimpact-300x225.jpg 300w, http:\/\/www.bio-laurentia.com\/wp-content\/uploads\/2026\/01\/Article-etudes-dimpact-768x576.jpg 768w, http:\/\/www.bio-laurentia.com\/wp-content\/uploads\/2026\/01\/Article-etudes-dimpact-1536x1152.jpg 1536w, http:\/\/www.bio-laurentia.com\/wp-content\/uploads\/2026\/01\/Article-etudes-dimpact.jpg 1815w\" sizes=\"auto, (max-width: 1024px) 100vw, 1024px\" \/><\/a><\/div><a class=\"wp-block-latest-posts__post-title\" href=\"http:\/\/www.bio-laurentia.com\/index.php\/2026\/01\/23\/etudes-dimpact-2023-2025\/\">Etudes d&rsquo;impact de 2023 \u00e0 2025<\/a><\/li>\n<\/ul><\/div><\/div>\n\n\n\n<div style=\"height:20px\" aria-hidden=\"true\" class=\"wp-block-spacer\"><\/div>\n\n\n\n<h2 class=\"wp-block-heading has-text-align-center\">Nos autres comp\u00e9tences et r\u00e9alisations<\/h2>\n\n\n\n<div style=\"height:20px\" aria-hidden=\"true\" class=\"wp-block-spacer\"><\/div>\n\n\n\n<div class=\"wp-block-columns are-vertically-aligned-center is-layout-flex wp-container-core-columns-is-layout-9d6595d7 wp-block-columns-is-layout-flex\">\n<div class=\"wp-block-column is-vertically-aligned-center is-layout-flow wp-block-column-is-layout-flow\" style=\"flex-basis:50%\">\n<div class=\"wp-block-cover aligncenter has-aspect-ratio wp-duotone-unset-1\" style=\"border-top-left-radius:20px;border-top-right-radius:20px;border-bottom-left-radius:20px;border-bottom-right-radius:20px;margin-top:0;padding-top:1vw;padding-right:1vw;padding-bottom:1vw;padding-left:1vw;min-height:50vh;aspect-ratio:1;min-height:unset;\"><img loading=\"lazy\" decoding=\"async\" width=\"1024\" height=\"1024\" class=\"wp-block-cover__image-background wp-image-543 size-large\" alt=\"\" src=\"http:\/\/www.bio-laurentia.com\/wp-content\/uploads\/2026\/01\/Recherche-scientifique-Carre-zoome-1024x1024.jpg\" data-object-fit=\"cover\" srcset=\"http:\/\/www.bio-laurentia.com\/wp-content\/uploads\/2026\/01\/Recherche-scientifique-Carre-zoome-1024x1024.jpg 1024w, http:\/\/www.bio-laurentia.com\/wp-content\/uploads\/2026\/01\/Recherche-scientifique-Carre-zoome-300x300.jpg 300w, http:\/\/www.bio-laurentia.com\/wp-content\/uploads\/2026\/01\/Recherche-scientifique-Carre-zoome-150x150.jpg 150w, http:\/\/www.bio-laurentia.com\/wp-content\/uploads\/2026\/01\/Recherche-scientifique-Carre-zoome-768x768.jpg 768w, http:\/\/www.bio-laurentia.com\/wp-content\/uploads\/2026\/01\/Recherche-scientifique-Carre-zoome.jpg 1292w\" sizes=\"auto, (max-width: 1024px) 100vw, 1024px\" \/><span aria-hidden=\"true\" class=\"wp-block-cover__background has-background-dim-0 has-background-dim\"><\/span><div class=\"wp-block-cover__inner-container is-layout-flow wp-block-cover-is-layout-flow\">\n<div class=\"wp-block-group\"><div class=\"wp-block-group__inner-container is-layout-flow wp-block-group-is-layout-flow\">\n<div style=\"height:150px\" aria-hidden=\"true\" class=\"wp-block-spacer\"><\/div>\n<\/div><\/div>\n\n\n\n<div class=\"wp-block-buttons alignwide is-content-justification-center is-nowrap is-layout-flex wp-container-core-buttons-is-layout-1fb9aab6 wp-block-buttons-is-layout-flex\">\n<div class=\"wp-block-button has-custom-width wp-block-button__width-75 is-style-primary\"><a class=\"wp-block-button__link has-text-align-center wp-element-button\" href=\"https:\/\/www.bio-laurentia.com\/index.php\/recherche-scientifique\/\" style=\"border-top-left-radius:100px;border-top-right-radius:100px;border-bottom-left-radius:100px;border-bottom-right-radius:100px\">Recherche scientifique<\/a><\/div>\n<\/div>\n<\/div><\/div>\n<\/div>\n\n\n\n<div class=\"wp-block-column is-vertically-aligned-center is-layout-flow wp-block-column-is-layout-flow\" style=\"flex-basis:50%\">\n<div class=\"wp-block-cover aligncenter has-aspect-ratio wp-duotone-unset-2\" style=\"border-top-left-radius:20px;border-top-right-radius:20px;border-bottom-left-radius:20px;border-bottom-right-radius:20px;margin-top:0;padding-top:1vw;padding-right:1vw;padding-bottom:1vw;padding-left:1vw;min-height:50vh;aspect-ratio:1;min-height:unset;\"><img loading=\"lazy\" decoding=\"async\" width=\"1024\" height=\"1024\" class=\"wp-block-cover__image-background wp-image-402 size-large\" alt=\"\" src=\"https:\/\/www.bio-laurentia.com\/wp-content\/uploads\/2026\/01\/Formation-Carre-1024x1024.jpg\" data-object-fit=\"cover\" srcset=\"http:\/\/www.bio-laurentia.com\/wp-content\/uploads\/2026\/01\/Formation-Carre-1024x1024.jpg 1024w, http:\/\/www.bio-laurentia.com\/wp-content\/uploads\/2026\/01\/Formation-Carre-300x300.jpg 300w, http:\/\/www.bio-laurentia.com\/wp-content\/uploads\/2026\/01\/Formation-Carre-150x150.jpg 150w, http:\/\/www.bio-laurentia.com\/wp-content\/uploads\/2026\/01\/Formation-Carre-768x768.jpg 768w, http:\/\/www.bio-laurentia.com\/wp-content\/uploads\/2026\/01\/Formation-Carre-1536x1536.jpg 1536w, http:\/\/www.bio-laurentia.com\/wp-content\/uploads\/2026\/01\/Formation-Carre-2048x2048.jpg 2048w\" sizes=\"auto, (max-width: 1024px) 100vw, 1024px\" \/><span aria-hidden=\"true\" class=\"wp-block-cover__background has-background-dim-0 has-background-dim\"><\/span><div class=\"wp-block-cover__inner-container is-layout-flow wp-block-cover-is-layout-flow\">\n<div class=\"wp-block-group\"><div class=\"wp-block-group__inner-container is-layout-flow wp-block-group-is-layout-flow\">\n<div style=\"height:150px\" aria-hidden=\"true\" class=\"wp-block-spacer\"><\/div>\n<\/div><\/div>\n\n\n\n<div class=\"wp-block-buttons alignwide is-content-justification-center is-nowrap is-layout-flex wp-container-core-buttons-is-layout-1fb9aab6 wp-block-buttons-is-layout-flex\">\n<div class=\"wp-block-button has-custom-width wp-block-button__width-75 is-style-primary\"><a class=\"wp-block-button__link has-text-align-center wp-element-button\" href=\"https:\/\/www.bio-laurentia.com\/index.php\/formations\/\" style=\"border-top-left-radius:100px;border-top-right-radius:100px;border-bottom-left-radius:100px;border-bottom-right-radius:100px\">Formations<\/a><\/div>\n<\/div>\n<\/div><\/div>\n<\/div>\n\n\n\n<div class=\"wp-block-column is-vertically-aligned-center is-layout-flow wp-block-column-is-layout-flow\" style=\"flex-basis:50%\">\n<div class=\"wp-block-cover aligncenter has-aspect-ratio wp-duotone-unset-3\" style=\"border-top-left-radius:20px;border-top-right-radius:20px;border-bottom-left-radius:20px;border-bottom-right-radius:20px;margin-top:0;padding-top:1vw;padding-right:1vw;padding-bottom:1vw;padding-left:1vw;min-height:50vh;aspect-ratio:1;min-height:unset;\"><img loading=\"lazy\" decoding=\"async\" width=\"1024\" height=\"1024\" class=\"wp-block-cover__image-background wp-image-403 size-large\" alt=\"\" src=\"https:\/\/www.bio-laurentia.com\/wp-content\/uploads\/2026\/01\/Audiovisuel-Carre-1024x1024.jpg\" data-object-fit=\"cover\" srcset=\"http:\/\/www.bio-laurentia.com\/wp-content\/uploads\/2026\/01\/Audiovisuel-Carre-1024x1024.jpg 1024w, http:\/\/www.bio-laurentia.com\/wp-content\/uploads\/2026\/01\/Audiovisuel-Carre-300x300.jpg 300w, http:\/\/www.bio-laurentia.com\/wp-content\/uploads\/2026\/01\/Audiovisuel-Carre-150x150.jpg 150w, http:\/\/www.bio-laurentia.com\/wp-content\/uploads\/2026\/01\/Audiovisuel-Carre-768x768.jpg 768w, http:\/\/www.bio-laurentia.com\/wp-content\/uploads\/2026\/01\/Audiovisuel-Carre-1536x1536.jpg 1536w, http:\/\/www.bio-laurentia.com\/wp-content\/uploads\/2026\/01\/Audiovisuel-Carre-2048x2048.jpg 2048w\" sizes=\"auto, (max-width: 1024px) 100vw, 1024px\" \/><span aria-hidden=\"true\" class=\"wp-block-cover__background has-background-dim-0 has-background-dim\"><\/span><div class=\"wp-block-cover__inner-container is-layout-flow wp-block-cover-is-layout-flow\">\n<div class=\"wp-block-group\"><div class=\"wp-block-group__inner-container is-layout-flow wp-block-group-is-layout-flow\">\n<div style=\"height:150px\" aria-hidden=\"true\" class=\"wp-block-spacer\"><\/div>\n<\/div><\/div>\n\n\n\n<div class=\"wp-block-buttons alignwide is-content-justification-center is-nowrap is-layout-flex wp-container-core-buttons-is-layout-1fb9aab6 wp-block-buttons-is-layout-flex\">\n<div class=\"wp-block-button has-custom-width wp-block-button__width-75 is-style-primary\"><a class=\"wp-block-button__link has-text-align-center wp-element-button\" href=\"https:\/\/www.bio-laurentia.com\/index.php\/en\/audiovisuel\/\" style=\"border-top-left-radius:100px;border-top-right-radius:100px;border-bottom-left-radius:100px;border-bottom-right-radius:100px\">Audiovisuel<\/a><\/div>\n<\/div>\n<\/div><\/div>\n<\/div>\n<\/div>\n\n\n\n<div style=\"height:40px\" aria-hidden=\"true\" class=\"wp-block-spacer\"><\/div>\n","protected":false},"excerpt":{"rendered":"<p>Gr\u00e2ce \u00e0 sa connaissance du milieu marin, Bio-Laurentia participe \u00e0 des \u00e9tudes d&rsquo;impact anthropique depuis sa cr\u00e9ation. Qu&rsquo;il s&rsquo;agisse d&rsquo;\u00e9tudes pr\u00e9alables \u00e0 la construction, de surveillance pendant la construction ou de surveillance pendant la mise en service, Bio-Laurentia dispose des outils et de l&rsquo;expertise n\u00e9cessaires pour mener \u00e0 bien ces \u00e9tudes pour la mise en&#8230;<\/p>\n","protected":false},"author":1,"featured_media":334,"parent":14,"menu_order":17,"comment_status":"closed","ping_status":"closed","template":"","meta":{"inline_featured_image":false,"_kad_post_transparent":"","_kad_post_title":"","_kad_post_layout":"","_kad_post_sidebar_id":"","_kad_post_content_style":"","_kad_post_vertical_padding":"","_kad_post_feature":"","_kad_post_feature_position":"","_kad_post_header":false,"_kad_post_footer":false,"_kad_post_classname":"","footnotes":""},"class_list":["post-35","page","type-page","status-publish","has-post-thumbnail","hentry"],"yoast_head":"<!-- This site is optimized with the Yoast SEO plugin v27.3 - https:\/\/yoast.com\/product\/yoast-seo-wordpress\/ -->\n<title>Etudes d\u2019Impact Environnemental et Marin | Bio-Laurentia<\/title>\n<meta name=\"description\" content=\"Etudes d&#039;Impact Anthropiques | Projets d\u2019Am\u00e9nagements | Inventaire de la Faune et Flore Marine | Sauvegarde d\u2019Esp\u00e8ce | Expert Milieu Marin\" \/>\n<meta name=\"robots\" content=\"index, follow, max-snippet:-1, max-image-preview:large, max-video-preview:-1\" \/>\n<link rel=\"canonical\" href=\"http:\/\/www.bio-laurentia.com\/index.php\/competences-et-realisations\/etudes-dimpact\/\" \/>\n<meta property=\"og:locale\" content=\"fr_FR\" \/>\n<meta property=\"og:type\" content=\"article\" \/>\n<meta property=\"og:title\" content=\"Etudes d\u2019Impact Environnemental et Marin | Bio-Laurentia\" \/>\n<meta property=\"og:description\" content=\"Etudes d&#039;Impact Anthropiques | Projets d\u2019Am\u00e9nagements | Inventaire de la Faune et Flore Marine | Sauvegarde d\u2019Esp\u00e8ce | Expert Milieu Marin\" \/>\n<meta property=\"og:url\" content=\"http:\/\/www.bio-laurentia.com\/index.php\/competences-et-realisations\/etudes-dimpact\/\" \/>\n<meta property=\"og:site_name\" content=\"Bio-Laurentia\" \/>\n<meta property=\"article:modified_time\" content=\"2026-01-30T10:21:57+00:00\" \/>\n<meta property=\"og:image\" content=\"http:\/\/www.bio-laurentia.com\/wp-content\/uploads\/2026\/01\/Etudes-dimpact-scaled.jpg\" \/>\n\t<meta property=\"og:image:width\" content=\"2560\" \/>\n\t<meta property=\"og:image:height\" content=\"1440\" \/>\n\t<meta property=\"og:image:type\" content=\"image\/jpeg\" \/>\n<meta name=\"twitter:card\" content=\"summary_large_image\" \/>\n<meta name=\"twitter:label1\" content=\"Dur\u00e9e de lecture estim\u00e9e\" \/>\n\t<meta name=\"twitter:data1\" content=\"2 minutes\" \/>\n<script type=\"application\/ld+json\" class=\"yoast-schema-graph\">{\"@context\":\"https:\\\/\\\/schema.org\",\"@graph\":[{\"@type\":\"WebPage\",\"@id\":\"http:\\\/\\\/www.bio-laurentia.com\\\/index.php\\\/competences-et-realisations\\\/etudes-dimpact\\\/\",\"url\":\"http:\\\/\\\/www.bio-laurentia.com\\\/index.php\\\/competences-et-realisations\\\/etudes-dimpact\\\/\",\"name\":\"Etudes d\u2019Impact Environnemental et Marin | Bio-Laurentia\",\"isPartOf\":{\"@id\":\"http:\\\/\\\/www.bio-laurentia.com\\\/#website\"},\"primaryImageOfPage\":{\"@id\":\"http:\\\/\\\/www.bio-laurentia.com\\\/index.php\\\/competences-et-realisations\\\/etudes-dimpact\\\/#primaryimage\"},\"image\":{\"@id\":\"http:\\\/\\\/www.bio-laurentia.com\\\/index.php\\\/competences-et-realisations\\\/etudes-dimpact\\\/#primaryimage\"},\"thumbnailUrl\":\"http:\\\/\\\/www.bio-laurentia.com\\\/wp-content\\\/uploads\\\/2026\\\/01\\\/Etudes-dimpact-scaled.jpg\",\"datePublished\":\"2026-01-12T08:30:11+00:00\",\"dateModified\":\"2026-01-30T10:21:57+00:00\",\"description\":\"Etudes d'Impact Anthropiques | Projets d\u2019Am\u00e9nagements | Inventaire de la Faune et Flore Marine | Sauvegarde d\u2019Esp\u00e8ce | Expert Milieu Marin\",\"breadcrumb\":{\"@id\":\"http:\\\/\\\/www.bio-laurentia.com\\\/index.php\\\/competences-et-realisations\\\/etudes-dimpact\\\/#breadcrumb\"},\"inLanguage\":\"fr-FR\",\"potentialAction\":[{\"@type\":\"ReadAction\",\"target\":[\"http:\\\/\\\/www.bio-laurentia.com\\\/index.php\\\/competences-et-realisations\\\/etudes-dimpact\\\/\"]}]},{\"@type\":\"ImageObject\",\"inLanguage\":\"fr-FR\",\"@id\":\"http:\\\/\\\/www.bio-laurentia.com\\\/index.php\\\/competences-et-realisations\\\/etudes-dimpact\\\/#primaryimage\",\"url\":\"http:\\\/\\\/www.bio-laurentia.com\\\/wp-content\\\/uploads\\\/2026\\\/01\\\/Etudes-dimpact-scaled.jpg\",\"contentUrl\":\"http:\\\/\\\/www.bio-laurentia.com\\\/wp-content\\\/uploads\\\/2026\\\/01\\\/Etudes-dimpact-scaled.jpg\",\"width\":2560,\"height\":1440,\"caption\":\"Paysage du Bas Saint-Laurent, Qu\u00e9bec - Landscape of the Lower St. Lawrence, Quebec\"},{\"@type\":\"BreadcrumbList\",\"@id\":\"http:\\\/\\\/www.bio-laurentia.com\\\/index.php\\\/competences-et-realisations\\\/etudes-dimpact\\\/#breadcrumb\",\"itemListElement\":[{\"@type\":\"ListItem\",\"position\":1,\"name\":\"Accueil\",\"item\":\"https:\\\/\\\/www.bio-laurentia.com\\\/\"},{\"@type\":\"ListItem\",\"position\":2,\"name\":\"Comp\u00e9tences et r\u00e9alisations\",\"item\":\"https:\\\/\\\/www.bio-laurentia.com\\\/index.php\\\/competences-et-realisations\\\/\"},{\"@type\":\"ListItem\",\"position\":3,\"name\":\"Etudes d&rsquo;impact\"}]},{\"@type\":\"WebSite\",\"@id\":\"http:\\\/\\\/www.bio-laurentia.com\\\/#website\",\"url\":\"http:\\\/\\\/www.bio-laurentia.com\\\/\",\"name\":\"Bio-Laurentia\",\"description\":\"\",\"publisher\":{\"@id\":\"http:\\\/\\\/www.bio-laurentia.com\\\/#organization\"},\"potentialAction\":[{\"@type\":\"SearchAction\",\"target\":{\"@type\":\"EntryPoint\",\"urlTemplate\":\"http:\\\/\\\/www.bio-laurentia.com\\\/?s={search_term_string}\"},\"query-input\":{\"@type\":\"PropertyValueSpecification\",\"valueRequired\":true,\"valueName\":\"search_term_string\"}}],\"inLanguage\":\"fr-FR\"},{\"@type\":\"Organization\",\"@id\":\"http:\\\/\\\/www.bio-laurentia.com\\\/#organization\",\"name\":\"Bio-Laurentia\",\"url\":\"http:\\\/\\\/www.bio-laurentia.com\\\/\",\"logo\":{\"@type\":\"ImageObject\",\"inLanguage\":\"fr-FR\",\"@id\":\"http:\\\/\\\/www.bio-laurentia.com\\\/#\\\/schema\\\/logo\\\/image\\\/\",\"url\":\"http:\\\/\\\/www.bio-laurentia.com\\\/wp-content\\\/uploads\\\/2026\\\/01\\\/Logo-Bio-Laurentia-COULEURS-1-scaled.png\",\"contentUrl\":\"http:\\\/\\\/www.bio-laurentia.com\\\/wp-content\\\/uploads\\\/2026\\\/01\\\/Logo-Bio-Laurentia-COULEURS-1-scaled.png\",\"width\":2560,\"height\":1109,\"caption\":\"Bio-Laurentia\"},\"image\":{\"@id\":\"http:\\\/\\\/www.bio-laurentia.com\\\/#\\\/schema\\\/logo\\\/image\\\/\"}}]}<\/script>\n<!-- \/ Yoast SEO plugin. -->","yoast_head_json":{"title":"Etudes d\u2019Impact Environnemental et Marin | Bio-Laurentia","description":"Etudes d'Impact Anthropiques | Projets d\u2019Am\u00e9nagements | Inventaire de la Faune et Flore Marine | Sauvegarde d\u2019Esp\u00e8ce | Expert Milieu Marin","robots":{"index":"index","follow":"follow","max-snippet":"max-snippet:-1","max-image-preview":"max-image-preview:large","max-video-preview":"max-video-preview:-1"},"canonical":"http:\/\/www.bio-laurentia.com\/index.php\/competences-et-realisations\/etudes-dimpact\/","og_locale":"fr_FR","og_type":"article","og_title":"Etudes d\u2019Impact Environnemental et Marin | Bio-Laurentia","og_description":"Etudes d'Impact Anthropiques | Projets d\u2019Am\u00e9nagements | Inventaire de la Faune et Flore Marine | Sauvegarde d\u2019Esp\u00e8ce | Expert Milieu Marin","og_url":"http:\/\/www.bio-laurentia.com\/index.php\/competences-et-realisations\/etudes-dimpact\/","og_site_name":"Bio-Laurentia","article_modified_time":"2026-01-30T10:21:57+00:00","og_image":[{"width":2560,"height":1440,"url":"http:\/\/www.bio-laurentia.com\/wp-content\/uploads\/2026\/01\/Etudes-dimpact-scaled.jpg","type":"image\/jpeg"}],"twitter_card":"summary_large_image","twitter_misc":{"Dur\u00e9e de lecture estim\u00e9e":"2 minutes"},"schema":{"@context":"https:\/\/schema.org","@graph":[{"@type":"WebPage","@id":"http:\/\/www.bio-laurentia.com\/index.php\/competences-et-realisations\/etudes-dimpact\/","url":"http:\/\/www.bio-laurentia.com\/index.php\/competences-et-realisations\/etudes-dimpact\/","name":"Etudes d\u2019Impact Environnemental et Marin | Bio-Laurentia","isPartOf":{"@id":"http:\/\/www.bio-laurentia.com\/#website"},"primaryImageOfPage":{"@id":"http:\/\/www.bio-laurentia.com\/index.php\/competences-et-realisations\/etudes-dimpact\/#primaryimage"},"image":{"@id":"http:\/\/www.bio-laurentia.com\/index.php\/competences-et-realisations\/etudes-dimpact\/#primaryimage"},"thumbnailUrl":"http:\/\/www.bio-laurentia.com\/wp-content\/uploads\/2026\/01\/Etudes-dimpact-scaled.jpg","datePublished":"2026-01-12T08:30:11+00:00","dateModified":"2026-01-30T10:21:57+00:00","description":"Etudes d'Impact Anthropiques | Projets d\u2019Am\u00e9nagements | Inventaire de la Faune et Flore Marine | Sauvegarde d\u2019Esp\u00e8ce | Expert Milieu Marin","breadcrumb":{"@id":"http:\/\/www.bio-laurentia.com\/index.php\/competences-et-realisations\/etudes-dimpact\/#breadcrumb"},"inLanguage":"fr-FR","potentialAction":[{"@type":"ReadAction","target":["http:\/\/www.bio-laurentia.com\/index.php\/competences-et-realisations\/etudes-dimpact\/"]}]},{"@type":"ImageObject","inLanguage":"fr-FR","@id":"http:\/\/www.bio-laurentia.com\/index.php\/competences-et-realisations\/etudes-dimpact\/#primaryimage","url":"http:\/\/www.bio-laurentia.com\/wp-content\/uploads\/2026\/01\/Etudes-dimpact-scaled.jpg","contentUrl":"http:\/\/www.bio-laurentia.com\/wp-content\/uploads\/2026\/01\/Etudes-dimpact-scaled.jpg","width":2560,"height":1440,"caption":"Paysage du Bas Saint-Laurent, Qu\u00e9bec - Landscape of the Lower St. Lawrence, Quebec"},{"@type":"BreadcrumbList","@id":"http:\/\/www.bio-laurentia.com\/index.php\/competences-et-realisations\/etudes-dimpact\/#breadcrumb","itemListElement":[{"@type":"ListItem","position":1,"name":"Accueil","item":"https:\/\/www.bio-laurentia.com\/"},{"@type":"ListItem","position":2,"name":"Comp\u00e9tences et r\u00e9alisations","item":"https:\/\/www.bio-laurentia.com\/index.php\/competences-et-realisations\/"},{"@type":"ListItem","position":3,"name":"Etudes d&rsquo;impact"}]},{"@type":"WebSite","@id":"http:\/\/www.bio-laurentia.com\/#website","url":"http:\/\/www.bio-laurentia.com\/","name":"Bio-Laurentia","description":"","publisher":{"@id":"http:\/\/www.bio-laurentia.com\/#organization"},"potentialAction":[{"@type":"SearchAction","target":{"@type":"EntryPoint","urlTemplate":"http:\/\/www.bio-laurentia.com\/?s={search_term_string}"},"query-input":{"@type":"PropertyValueSpecification","valueRequired":true,"valueName":"search_term_string"}}],"inLanguage":"fr-FR"},{"@type":"Organization","@id":"http:\/\/www.bio-laurentia.com\/#organization","name":"Bio-Laurentia","url":"http:\/\/www.bio-laurentia.com\/","logo":{"@type":"ImageObject","inLanguage":"fr-FR","@id":"http:\/\/www.bio-laurentia.com\/#\/schema\/logo\/image\/","url":"http:\/\/www.bio-laurentia.com\/wp-content\/uploads\/2026\/01\/Logo-Bio-Laurentia-COULEURS-1-scaled.png","contentUrl":"http:\/\/www.bio-laurentia.com\/wp-content\/uploads\/2026\/01\/Logo-Bio-Laurentia-COULEURS-1-scaled.png","width":2560,"height":1109,"caption":"Bio-Laurentia"},"image":{"@id":"http:\/\/www.bio-laurentia.com\/#\/schema\/logo\/image\/"}}]}},"_links":{"self":[{"href":"http:\/\/www.bio-laurentia.com\/index.php\/wp-json\/wp\/v2\/pages\/35","targetHints":{"allow":["GET"]}}],"collection":[{"href":"http:\/\/www.bio-laurentia.com\/index.php\/wp-json\/wp\/v2\/pages"}],"about":[{"href":"http:\/\/www.bio-laurentia.com\/index.php\/wp-json\/wp\/v2\/types\/page"}],"author":[{"embeddable":true,"href":"http:\/\/www.bio-laurentia.com\/index.php\/wp-json\/wp\/v2\/users\/1"}],"replies":[{"embeddable":true,"href":"http:\/\/www.bio-laurentia.com\/index.php\/wp-json\/wp\/v2\/comments?post=35"}],"version-history":[{"count":11,"href":"http:\/\/www.bio-laurentia.com\/index.php\/wp-json\/wp\/v2\/pages\/35\/revisions"}],"predecessor-version":[{"id":947,"href":"http:\/\/www.bio-laurentia.com\/index.php\/wp-json\/wp\/v2\/pages\/35\/revisions\/947"}],"up":[{"embeddable":true,"href":"http:\/\/www.bio-laurentia.com\/index.php\/wp-json\/wp\/v2\/pages\/14"}],"wp:featuredmedia":[{"embeddable":true,"href":"http:\/\/www.bio-laurentia.com\/index.php\/wp-json\/wp\/v2\/media\/334"}],"wp:attachment":[{"href":"http:\/\/www.bio-laurentia.com\/index.php\/wp-json\/wp\/v2\/media?parent=35"}],"curies":[{"name":"wp","href":"https:\/\/api.w.org\/{rel}","templated":true}]}}