{"id":39,"date":"2026-01-12T08:31:29","date_gmt":"2026-01-12T08:31:29","guid":{"rendered":"https:\/\/www.bio-laurentia.com\/?page_id=39"},"modified":"2026-01-30T10:24:10","modified_gmt":"2026-01-30T10:24:10","slug":"audiovisuel","status":"publish","type":"page","link":"http:\/\/www.bio-laurentia.com\/index.php\/competences-et-realisations\/audiovisuel\/","title":{"rendered":"Audiovisuel"},"content":{"rendered":"\n<p>Nos nombreuses ann\u00e9es d&rsquo;exp\u00e9rience en photographie sous-marine ont permis \u00e0 Bio-Laurentia de d\u00e9velopper une expertise qui nous permet de r\u00e9pondre aux attentes de nos clients. Au fil du temps, nous avons d\u00e9velopp\u00e9 une expertise reconnue en photographie et en vid\u00e9o. Au-del\u00e0 de la recherche scientifique, Bio-Laurentia est d\u00e9sormais sollicit\u00e9e pour des projets audiovisuels (photo et vid\u00e9o) n\u00e9cessitant de la photographie sous-marine.<\/p>\n\n\n\n<div style=\"height:20px\" aria-hidden=\"true\" class=\"wp-block-spacer\"><\/div>\n\n\n<ul style=\"font-style:normal;font-weight:500; border-top-left-radius:20px;border-top-right-radius:20px;border-bottom-left-radius:20px;border-bottom-right-radius:20px;border-style:none;border-width:0px;\" class=\"wp-block-latest-posts__list is-grid columns-3 wp-block-latest-posts has-background has-theme-palette-7-background-color\"><\/ul>\n\n\n<div style=\"height:20px\" aria-hidden=\"true\" class=\"wp-block-spacer\"><\/div>\n\n\n\n<h2 class=\"wp-block-heading has-text-align-center\">Nos autres comp\u00e9tences et r\u00e9alisations<\/h2>\n\n\n\n<div style=\"height:20px\" aria-hidden=\"true\" class=\"wp-block-spacer\"><\/div>\n\n\n\n<div class=\"wp-block-columns are-vertically-aligned-center is-layout-flex wp-container-core-columns-is-layout-9d6595d7 wp-block-columns-is-layout-flex\">\n<div class=\"wp-block-column is-vertically-aligned-center is-layout-flow wp-block-column-is-layout-flow\" style=\"flex-basis:50%\">\n<div class=\"wp-block-cover aligncenter has-aspect-ratio wp-duotone-unset-1\" style=\"border-top-left-radius:20px;border-top-right-radius:20px;border-bottom-left-radius:20px;border-bottom-right-radius:20px;margin-top:0;padding-top:1vw;padding-right:1vw;padding-bottom:1vw;padding-left:1vw;min-height:50vh;aspect-ratio:1;min-height:unset;\"><img loading=\"lazy\" decoding=\"async\" width=\"1024\" height=\"1024\" class=\"wp-block-cover__image-background wp-image-543 size-large\" alt=\"\" src=\"http:\/\/www.bio-laurentia.com\/wp-content\/uploads\/2026\/01\/Recherche-scientifique-Carre-zoome-1024x1024.jpg\" data-object-fit=\"cover\" srcset=\"http:\/\/www.bio-laurentia.com\/wp-content\/uploads\/2026\/01\/Recherche-scientifique-Carre-zoome-1024x1024.jpg 1024w, http:\/\/www.bio-laurentia.com\/wp-content\/uploads\/2026\/01\/Recherche-scientifique-Carre-zoome-300x300.jpg 300w, http:\/\/www.bio-laurentia.com\/wp-content\/uploads\/2026\/01\/Recherche-scientifique-Carre-zoome-150x150.jpg 150w, http:\/\/www.bio-laurentia.com\/wp-content\/uploads\/2026\/01\/Recherche-scientifique-Carre-zoome-768x768.jpg 768w, http:\/\/www.bio-laurentia.com\/wp-content\/uploads\/2026\/01\/Recherche-scientifique-Carre-zoome.jpg 1292w\" sizes=\"auto, (max-width: 1024px) 100vw, 1024px\" \/><span aria-hidden=\"true\" class=\"wp-block-cover__background has-background-dim-0 has-background-dim\"><\/span><div class=\"wp-block-cover__inner-container is-layout-flow wp-block-cover-is-layout-flow\">\n<div class=\"wp-block-group\"><div class=\"wp-block-group__inner-container is-layout-flow wp-block-group-is-layout-flow\">\n<div style=\"height:150px\" aria-hidden=\"true\" class=\"wp-block-spacer\"><\/div>\n<\/div><\/div>\n\n\n\n<div class=\"wp-block-buttons alignwide is-content-justification-center is-nowrap is-layout-flex wp-container-core-buttons-is-layout-1fb9aab6 wp-block-buttons-is-layout-flex\">\n<div class=\"wp-block-button has-custom-width wp-block-button__width-75 is-style-primary\"><a class=\"wp-block-button__link has-text-align-center wp-element-button\" href=\"https:\/\/www.bio-laurentia.com\/index.php\/recherche-scientifique\/\" style=\"border-top-left-radius:100px;border-top-right-radius:100px;border-bottom-left-radius:100px;border-bottom-right-radius:100px\">Recherche scientifique<\/a><\/div>\n<\/div>\n<\/div><\/div>\n<\/div>\n\n\n\n<div class=\"wp-block-column is-vertically-aligned-center is-layout-flow wp-block-column-is-layout-flow\" style=\"flex-basis:50%\">\n<div class=\"wp-block-cover aligncenter has-aspect-ratio wp-duotone-unset-2\" style=\"border-top-left-radius:20px;border-top-right-radius:20px;border-bottom-left-radius:20px;border-bottom-right-radius:20px;margin-top:0;padding-top:1vw;padding-right:1vw;padding-bottom:1vw;padding-left:1vw;min-height:50vh;aspect-ratio:1;min-height:unset;\"><img loading=\"lazy\" decoding=\"async\" width=\"1024\" height=\"1024\" class=\"wp-block-cover__image-background wp-image-386 size-large\" alt=\"\" src=\"http:\/\/www.bio-laurentia.com\/wp-content\/uploads\/2026\/01\/Etudes-dimpact-Carre-1024x1024.jpg\" data-object-fit=\"cover\" srcset=\"http:\/\/www.bio-laurentia.com\/wp-content\/uploads\/2026\/01\/Etudes-dimpact-Carre-1024x1024.jpg 1024w, http:\/\/www.bio-laurentia.com\/wp-content\/uploads\/2026\/01\/Etudes-dimpact-Carre-300x300.jpg 300w, http:\/\/www.bio-laurentia.com\/wp-content\/uploads\/2026\/01\/Etudes-dimpact-Carre-150x150.jpg 150w, http:\/\/www.bio-laurentia.com\/wp-content\/uploads\/2026\/01\/Etudes-dimpact-Carre-768x768.jpg 768w, http:\/\/www.bio-laurentia.com\/wp-content\/uploads\/2026\/01\/Etudes-dimpact-Carre-1536x1536.jpg 1536w, http:\/\/www.bio-laurentia.com\/wp-content\/uploads\/2026\/01\/Etudes-dimpact-Carre-2048x2048.jpg 2048w\" sizes=\"auto, (max-width: 1024px) 100vw, 1024px\" \/><span aria-hidden=\"true\" class=\"wp-block-cover__background has-background-dim-0 has-background-dim\"><\/span><div class=\"wp-block-cover__inner-container is-layout-flow wp-block-cover-is-layout-flow\">\n<div class=\"wp-block-group\"><div class=\"wp-block-group__inner-container is-layout-flow wp-block-group-is-layout-flow\">\n<div style=\"height:150px\" aria-hidden=\"true\" class=\"wp-block-spacer\"><\/div>\n<\/div><\/div>\n\n\n\n<div class=\"wp-block-buttons alignwide is-content-justification-center is-nowrap is-layout-flex wp-container-core-buttons-is-layout-1fb9aab6 wp-block-buttons-is-layout-flex\">\n<div class=\"wp-block-button has-custom-width wp-block-button__width-75 is-style-primary\"><a class=\"wp-block-button__link has-text-align-center wp-element-button\" href=\"https:\/\/www.bio-laurentia.com\/index.php\/etudes-dimpact\/\" style=\"border-top-left-radius:100px;border-top-right-radius:100px;border-bottom-left-radius:100px;border-bottom-right-radius:100px\">Etudes d&rsquo;impact<\/a><\/div>\n<\/div>\n<\/div><\/div>\n<\/div>\n\n\n\n<div class=\"wp-block-column is-vertically-aligned-center is-layout-flow wp-block-column-is-layout-flow\" style=\"flex-basis:50%\">\n<div class=\"wp-block-cover aligncenter has-aspect-ratio wp-duotone-unset-3\" style=\"border-top-left-radius:20px;border-top-right-radius:20px;border-bottom-left-radius:20px;border-bottom-right-radius:20px;margin-top:0;padding-top:1vw;padding-right:1vw;padding-bottom:1vw;padding-left:1vw;min-height:50vh;aspect-ratio:1;min-height:unset;\"><img loading=\"lazy\" decoding=\"async\" width=\"1024\" height=\"1024\" class=\"wp-block-cover__image-background wp-image-402 size-large\" alt=\"\" src=\"http:\/\/www.bio-laurentia.com\/wp-content\/uploads\/2026\/01\/Formation-Carre-1024x1024.jpg\" data-object-fit=\"cover\" srcset=\"http:\/\/www.bio-laurentia.com\/wp-content\/uploads\/2026\/01\/Formation-Carre-1024x1024.jpg 1024w, http:\/\/www.bio-laurentia.com\/wp-content\/uploads\/2026\/01\/Formation-Carre-300x300.jpg 300w, http:\/\/www.bio-laurentia.com\/wp-content\/uploads\/2026\/01\/Formation-Carre-150x150.jpg 150w, http:\/\/www.bio-laurentia.com\/wp-content\/uploads\/2026\/01\/Formation-Carre-768x768.jpg 768w, http:\/\/www.bio-laurentia.com\/wp-content\/uploads\/2026\/01\/Formation-Carre-1536x1536.jpg 1536w, http:\/\/www.bio-laurentia.com\/wp-content\/uploads\/2026\/01\/Formation-Carre-2048x2048.jpg 2048w\" sizes=\"auto, (max-width: 1024px) 100vw, 1024px\" \/><span aria-hidden=\"true\" class=\"wp-block-cover__background has-background-dim-0 has-background-dim\"><\/span><div class=\"wp-block-cover__inner-container is-layout-flow wp-block-cover-is-layout-flow\">\n<div class=\"wp-block-group\"><div class=\"wp-block-group__inner-container is-layout-flow wp-block-group-is-layout-flow\">\n<div style=\"height:150px\" aria-hidden=\"true\" class=\"wp-block-spacer\"><\/div>\n<\/div><\/div>\n\n\n\n<div class=\"wp-block-buttons alignwide is-content-justification-center is-nowrap is-layout-flex wp-container-core-buttons-is-layout-1fb9aab6 wp-block-buttons-is-layout-flex\">\n<div class=\"wp-block-button has-custom-width wp-block-button__width-75 is-style-primary\"><a class=\"wp-block-button__link has-text-align-center wp-element-button\" href=\"https:\/\/www.bio-laurentia.com\/index.php\/formations\/\" style=\"border-top-left-radius:100px;border-top-right-radius:100px;border-bottom-left-radius:100px;border-bottom-right-radius:100px\">Formations<\/a><\/div>\n<\/div>\n<\/div><\/div>\n<\/div>\n<\/div>\n\n\n\n<div style=\"height:40px\" aria-hidden=\"true\" class=\"wp-block-spacer\"><\/div>\n","protected":false},"excerpt":{"rendered":"<p>Nos nombreuses ann\u00e9es d&rsquo;exp\u00e9rience en photographie sous-marine ont permis \u00e0 Bio-Laurentia de d\u00e9velopper une expertise qui nous permet de r\u00e9pondre aux attentes de nos clients. Au fil du temps, nous avons d\u00e9velopp\u00e9 une expertise reconnue en photographie et en vid\u00e9o. Au-del\u00e0 de la recherche scientifique, Bio-Laurentia est d\u00e9sormais sollicit\u00e9e pour des projets audiovisuels (photo et&#8230;<\/p>\n","protected":false},"author":1,"featured_media":330,"parent":14,"menu_order":21,"comment_status":"closed","ping_status":"closed","template":"","meta":{"inline_featured_image":false,"_kad_post_transparent":"","_kad_post_title":"","_kad_post_layout":"","_kad_post_sidebar_id":"","_kad_post_content_style":"","_kad_post_vertical_padding":"","_kad_post_feature":"","_kad_post_feature_position":"","_kad_post_header":false,"_kad_post_footer":false,"_kad_post_classname":"","footnotes":""},"class_list":["post-39","page","type-page","status-publish","has-post-thumbnail","hentry"],"yoast_head":"<!-- This site is optimized with the Yoast SEO plugin v27.3 - https:\/\/yoast.com\/product\/yoast-seo-wordpress\/ -->\n<title>Photographie et Vid\u00e9o Sous-Marine | Bio-Laurentia<\/title>\n<meta name=\"description\" content=\"Prise d&#039;Images Sous-Marines | Expertise Photo et Vid\u00e9o | Services Audiovisuels Bio-Laurentia | Domaine Environnemental et Oc\u00e9anographie\" \/>\n<meta name=\"robots\" content=\"index, follow, max-snippet:-1, max-image-preview:large, max-video-preview:-1\" \/>\n<link rel=\"canonical\" href=\"http:\/\/www.bio-laurentia.com\/index.php\/competences-et-realisations\/audiovisuel\/\" \/>\n<meta property=\"og:locale\" content=\"fr_FR\" \/>\n<meta property=\"og:type\" content=\"article\" \/>\n<meta property=\"og:title\" content=\"Photographie et Vid\u00e9o Sous-Marine | Bio-Laurentia\" \/>\n<meta property=\"og:description\" content=\"Prise d&#039;Images Sous-Marines | Expertise Photo et Vid\u00e9o | Services Audiovisuels Bio-Laurentia | Domaine Environnemental et Oc\u00e9anographie\" \/>\n<meta property=\"og:url\" content=\"http:\/\/www.bio-laurentia.com\/index.php\/competences-et-realisations\/audiovisuel\/\" \/>\n<meta property=\"og:site_name\" content=\"Bio-Laurentia\" \/>\n<meta property=\"article:modified_time\" content=\"2026-01-30T10:24:10+00:00\" \/>\n<meta property=\"og:image\" content=\"http:\/\/www.bio-laurentia.com\/wp-content\/uploads\/2026\/01\/Audiovisuel-scaled.jpg\" \/>\n\t<meta property=\"og:image:width\" content=\"2560\" \/>\n\t<meta property=\"og:image:height\" content=\"1440\" \/>\n\t<meta property=\"og:image:type\" content=\"image\/jpeg\" \/>\n<meta name=\"twitter:card\" content=\"summary_large_image\" \/>\n<meta name=\"twitter:label1\" content=\"Dur\u00e9e de lecture estim\u00e9e\" \/>\n\t<meta name=\"twitter:data1\" content=\"2 minutes\" \/>\n<script type=\"application\/ld+json\" class=\"yoast-schema-graph\">{\"@context\":\"https:\\\/\\\/schema.org\",\"@graph\":[{\"@type\":\"WebPage\",\"@id\":\"http:\\\/\\\/www.bio-laurentia.com\\\/index.php\\\/competences-et-realisations\\\/audiovisuel\\\/\",\"url\":\"http:\\\/\\\/www.bio-laurentia.com\\\/index.php\\\/competences-et-realisations\\\/audiovisuel\\\/\",\"name\":\"Photographie et Vid\u00e9o Sous-Marine | Bio-Laurentia\",\"isPartOf\":{\"@id\":\"http:\\\/\\\/www.bio-laurentia.com\\\/#website\"},\"primaryImageOfPage\":{\"@id\":\"http:\\\/\\\/www.bio-laurentia.com\\\/index.php\\\/competences-et-realisations\\\/audiovisuel\\\/#primaryimage\"},\"image\":{\"@id\":\"http:\\\/\\\/www.bio-laurentia.com\\\/index.php\\\/competences-et-realisations\\\/audiovisuel\\\/#primaryimage\"},\"thumbnailUrl\":\"http:\\\/\\\/www.bio-laurentia.com\\\/wp-content\\\/uploads\\\/2026\\\/01\\\/Audiovisuel-scaled.jpg\",\"datePublished\":\"2026-01-12T08:31:29+00:00\",\"dateModified\":\"2026-01-30T10:24:10+00:00\",\"description\":\"Prise d'Images Sous-Marines | Expertise Photo et Vid\u00e9o | Services Audiovisuels Bio-Laurentia | Domaine Environnemental et Oc\u00e9anographie\",\"breadcrumb\":{\"@id\":\"http:\\\/\\\/www.bio-laurentia.com\\\/index.php\\\/competences-et-realisations\\\/audiovisuel\\\/#breadcrumb\"},\"inLanguage\":\"fr-FR\",\"potentialAction\":[{\"@type\":\"ReadAction\",\"target\":[\"http:\\\/\\\/www.bio-laurentia.com\\\/index.php\\\/competences-et-realisations\\\/audiovisuel\\\/\"]}]},{\"@type\":\"ImageObject\",\"inLanguage\":\"fr-FR\",\"@id\":\"http:\\\/\\\/www.bio-laurentia.com\\\/index.php\\\/competences-et-realisations\\\/audiovisuel\\\/#primaryimage\",\"url\":\"http:\\\/\\\/www.bio-laurentia.com\\\/wp-content\\\/uploads\\\/2026\\\/01\\\/Audiovisuel-scaled.jpg\",\"contentUrl\":\"http:\\\/\\\/www.bio-laurentia.com\\\/wp-content\\\/uploads\\\/2026\\\/01\\\/Audiovisuel-scaled.jpg\",\"width\":2560,\"height\":1440},{\"@type\":\"BreadcrumbList\",\"@id\":\"http:\\\/\\\/www.bio-laurentia.com\\\/index.php\\\/competences-et-realisations\\\/audiovisuel\\\/#breadcrumb\",\"itemListElement\":[{\"@type\":\"ListItem\",\"position\":1,\"name\":\"Accueil\",\"item\":\"https:\\\/\\\/www.bio-laurentia.com\\\/\"},{\"@type\":\"ListItem\",\"position\":2,\"name\":\"Comp\u00e9tences et r\u00e9alisations\",\"item\":\"https:\\\/\\\/www.bio-laurentia.com\\\/index.php\\\/competences-et-realisations\\\/\"},{\"@type\":\"ListItem\",\"position\":3,\"name\":\"Audiovisuel\"}]},{\"@type\":\"WebSite\",\"@id\":\"http:\\\/\\\/www.bio-laurentia.com\\\/#website\",\"url\":\"http:\\\/\\\/www.bio-laurentia.com\\\/\",\"name\":\"Bio-Laurentia\",\"description\":\"\",\"publisher\":{\"@id\":\"http:\\\/\\\/www.bio-laurentia.com\\\/#organization\"},\"potentialAction\":[{\"@type\":\"SearchAction\",\"target\":{\"@type\":\"EntryPoint\",\"urlTemplate\":\"http:\\\/\\\/www.bio-laurentia.com\\\/?s={search_term_string}\"},\"query-input\":{\"@type\":\"PropertyValueSpecification\",\"valueRequired\":true,\"valueName\":\"search_term_string\"}}],\"inLanguage\":\"fr-FR\"},{\"@type\":\"Organization\",\"@id\":\"http:\\\/\\\/www.bio-laurentia.com\\\/#organization\",\"name\":\"Bio-Laurentia\",\"url\":\"http:\\\/\\\/www.bio-laurentia.com\\\/\",\"logo\":{\"@type\":\"ImageObject\",\"inLanguage\":\"fr-FR\",\"@id\":\"http:\\\/\\\/www.bio-laurentia.com\\\/#\\\/schema\\\/logo\\\/image\\\/\",\"url\":\"http:\\\/\\\/www.bio-laurentia.com\\\/wp-content\\\/uploads\\\/2026\\\/01\\\/Logo-Bio-Laurentia-COULEURS-1-scaled.png\",\"contentUrl\":\"http:\\\/\\\/www.bio-laurentia.com\\\/wp-content\\\/uploads\\\/2026\\\/01\\\/Logo-Bio-Laurentia-COULEURS-1-scaled.png\",\"width\":2560,\"height\":1109,\"caption\":\"Bio-Laurentia\"},\"image\":{\"@id\":\"http:\\\/\\\/www.bio-laurentia.com\\\/#\\\/schema\\\/logo\\\/image\\\/\"}}]}<\/script>\n<!-- \/ Yoast SEO plugin. -->","yoast_head_json":{"title":"Photographie et Vid\u00e9o Sous-Marine | Bio-Laurentia","description":"Prise d'Images Sous-Marines | Expertise Photo et Vid\u00e9o | Services Audiovisuels Bio-Laurentia | Domaine Environnemental et Oc\u00e9anographie","robots":{"index":"index","follow":"follow","max-snippet":"max-snippet:-1","max-image-preview":"max-image-preview:large","max-video-preview":"max-video-preview:-1"},"canonical":"http:\/\/www.bio-laurentia.com\/index.php\/competences-et-realisations\/audiovisuel\/","og_locale":"fr_FR","og_type":"article","og_title":"Photographie et Vid\u00e9o Sous-Marine | Bio-Laurentia","og_description":"Prise d'Images Sous-Marines | Expertise Photo et Vid\u00e9o | Services Audiovisuels Bio-Laurentia | Domaine Environnemental et Oc\u00e9anographie","og_url":"http:\/\/www.bio-laurentia.com\/index.php\/competences-et-realisations\/audiovisuel\/","og_site_name":"Bio-Laurentia","article_modified_time":"2026-01-30T10:24:10+00:00","og_image":[{"width":2560,"height":1440,"url":"http:\/\/www.bio-laurentia.com\/wp-content\/uploads\/2026\/01\/Audiovisuel-scaled.jpg","type":"image\/jpeg"}],"twitter_card":"summary_large_image","twitter_misc":{"Dur\u00e9e de lecture estim\u00e9e":"2 minutes"},"schema":{"@context":"https:\/\/schema.org","@graph":[{"@type":"WebPage","@id":"http:\/\/www.bio-laurentia.com\/index.php\/competences-et-realisations\/audiovisuel\/","url":"http:\/\/www.bio-laurentia.com\/index.php\/competences-et-realisations\/audiovisuel\/","name":"Photographie et Vid\u00e9o Sous-Marine | Bio-Laurentia","isPartOf":{"@id":"http:\/\/www.bio-laurentia.com\/#website"},"primaryImageOfPage":{"@id":"http:\/\/www.bio-laurentia.com\/index.php\/competences-et-realisations\/audiovisuel\/#primaryimage"},"image":{"@id":"http:\/\/www.bio-laurentia.com\/index.php\/competences-et-realisations\/audiovisuel\/#primaryimage"},"thumbnailUrl":"http:\/\/www.bio-laurentia.com\/wp-content\/uploads\/2026\/01\/Audiovisuel-scaled.jpg","datePublished":"2026-01-12T08:31:29+00:00","dateModified":"2026-01-30T10:24:10+00:00","description":"Prise d'Images Sous-Marines | Expertise Photo et Vid\u00e9o | Services Audiovisuels Bio-Laurentia | Domaine Environnemental et Oc\u00e9anographie","breadcrumb":{"@id":"http:\/\/www.bio-laurentia.com\/index.php\/competences-et-realisations\/audiovisuel\/#breadcrumb"},"inLanguage":"fr-FR","potentialAction":[{"@type":"ReadAction","target":["http:\/\/www.bio-laurentia.com\/index.php\/competences-et-realisations\/audiovisuel\/"]}]},{"@type":"ImageObject","inLanguage":"fr-FR","@id":"http:\/\/www.bio-laurentia.com\/index.php\/competences-et-realisations\/audiovisuel\/#primaryimage","url":"http:\/\/www.bio-laurentia.com\/wp-content\/uploads\/2026\/01\/Audiovisuel-scaled.jpg","contentUrl":"http:\/\/www.bio-laurentia.com\/wp-content\/uploads\/2026\/01\/Audiovisuel-scaled.jpg","width":2560,"height":1440},{"@type":"BreadcrumbList","@id":"http:\/\/www.bio-laurentia.com\/index.php\/competences-et-realisations\/audiovisuel\/#breadcrumb","itemListElement":[{"@type":"ListItem","position":1,"name":"Accueil","item":"https:\/\/www.bio-laurentia.com\/"},{"@type":"ListItem","position":2,"name":"Comp\u00e9tences et r\u00e9alisations","item":"https:\/\/www.bio-laurentia.com\/index.php\/competences-et-realisations\/"},{"@type":"ListItem","position":3,"name":"Audiovisuel"}]},{"@type":"WebSite","@id":"http:\/\/www.bio-laurentia.com\/#website","url":"http:\/\/www.bio-laurentia.com\/","name":"Bio-Laurentia","description":"","publisher":{"@id":"http:\/\/www.bio-laurentia.com\/#organization"},"potentialAction":[{"@type":"SearchAction","target":{"@type":"EntryPoint","urlTemplate":"http:\/\/www.bio-laurentia.com\/?s={search_term_string}"},"query-input":{"@type":"PropertyValueSpecification","valueRequired":true,"valueName":"search_term_string"}}],"inLanguage":"fr-FR"},{"@type":"Organization","@id":"http:\/\/www.bio-laurentia.com\/#organization","name":"Bio-Laurentia","url":"http:\/\/www.bio-laurentia.com\/","logo":{"@type":"ImageObject","inLanguage":"fr-FR","@id":"http:\/\/www.bio-laurentia.com\/#\/schema\/logo\/image\/","url":"http:\/\/www.bio-laurentia.com\/wp-content\/uploads\/2026\/01\/Logo-Bio-Laurentia-COULEURS-1-scaled.png","contentUrl":"http:\/\/www.bio-laurentia.com\/wp-content\/uploads\/2026\/01\/Logo-Bio-Laurentia-COULEURS-1-scaled.png","width":2560,"height":1109,"caption":"Bio-Laurentia"},"image":{"@id":"http:\/\/www.bio-laurentia.com\/#\/schema\/logo\/image\/"}}]}},"_links":{"self":[{"href":"http:\/\/www.bio-laurentia.com\/index.php\/wp-json\/wp\/v2\/pages\/39","targetHints":{"allow":["GET"]}}],"collection":[{"href":"http:\/\/www.bio-laurentia.com\/index.php\/wp-json\/wp\/v2\/pages"}],"about":[{"href":"http:\/\/www.bio-laurentia.com\/index.php\/wp-json\/wp\/v2\/types\/page"}],"author":[{"embeddable":true,"href":"http:\/\/www.bio-laurentia.com\/index.php\/wp-json\/wp\/v2\/users\/1"}],"replies":[{"embeddable":true,"href":"http:\/\/www.bio-laurentia.com\/index.php\/wp-json\/wp\/v2\/comments?post=39"}],"version-history":[{"count":13,"href":"http:\/\/www.bio-laurentia.com\/index.php\/wp-json\/wp\/v2\/pages\/39\/revisions"}],"predecessor-version":[{"id":949,"href":"http:\/\/www.bio-laurentia.com\/index.php\/wp-json\/wp\/v2\/pages\/39\/revisions\/949"}],"up":[{"embeddable":true,"href":"http:\/\/www.bio-laurentia.com\/index.php\/wp-json\/wp\/v2\/pages\/14"}],"wp:featuredmedia":[{"embeddable":true,"href":"http:\/\/www.bio-laurentia.com\/index.php\/wp-json\/wp\/v2\/media\/330"}],"wp:attachment":[{"href":"http:\/\/www.bio-laurentia.com\/index.php\/wp-json\/wp\/v2\/media?parent=39"}],"curies":[{"name":"wp","href":"https:\/\/api.w.org\/{rel}","templated":true}]}}