{"id":236,"date":"2026-01-12T16:34:57","date_gmt":"2026-01-12T16:34:57","guid":{"rendered":"https:\/\/www.bio-laurentia.com\/?page_id=236"},"modified":"2026-01-23T17:49:13","modified_gmt":"2026-01-23T17:49:13","slug":"lectures","status":"publish","type":"page","link":"https:\/\/www.bio-laurentia.com\/index.php\/en\/communications-eng\/lectures\/","title":{"rendered":"Lectures"},"content":{"rendered":"\n<div class=\"wp-block-group has-theme-palette-7-background-color has-background\" style=\"border-top-left-radius:20px;border-top-right-radius:20px;border-bottom-left-radius:20px;border-bottom-right-radius:20px\"><div class=\"wp-block-group__inner-container is-layout-constrained wp-block-group-is-layout-constrained\">\n<p>Since Aquasearch was founded, we have always developed fundamental research topics in order to expand knowledge about rare species, better understand species that have already been studied, and thus better preserve the marine ecosystem.<\/p>\n\n\n\n<p>Aquasearch is currently working with several public and private scientific partners on knowledge acquisition projects. These projects also provide an opportunity to involve university partners and thus contribute to the training of graduate students.<\/p>\n<\/div><\/div>\n\n\n\n<h2 class=\"wp-block-heading has-text-align-center\">Our lectures<\/h2>\n\n\n\n<table id=\"tablepress-2\" class=\"tablepress tablepress-id-2\">\n<thead>\n<tr class=\"row-1\">\n\t<th class=\"column-1\">ANN\u00c9E<\/th><th class=\"column-2\">TITRE<\/th><th class=\"column-3\">AUTEURS<\/th><th class=\"column-4\">CONGR\u00c8S<\/th>\n<\/tr>\n<\/thead>\n<tbody class=\"row-striping row-hover\">\n<tr class=\"row-2\">\n\t<td class=\"column-1\">2025<\/td><td class=\"column-2\">Tracer l&rsquo;\u00e9cologie des tortues marines gr\u00e2ce aux biofilms et aux \u00e9l\u00e9ments traces m\u00e9talliques<\/td><td class=\"column-3\">J.-L. Langel, B. de Montgolfier, R. Tremblay, El M. Bendif<\/td><td class=\"column-4\">RAQ, Qu\u00e9bec, novembre 2025<\/td>\n<\/tr>\n<tr class=\"row-3\">\n\t<td class=\"column-1\">2025<\/td><td class=\"column-2\">In situ: assessment of priority stressors on freshwater mussels &#8211; Implications for conservation and management<\/td><td class=\"column-3\">H-F Ellefsen, B. de Montgolfier, L. Savard, S. Jacques, R. L\u00e9ger-Daigle, G. Durier, B. Genard, R. Tremblay<\/td><td class=\"column-4\">Burlington, novembre2025<\/td>\n<\/tr>\n<tr class=\"row-4\">\n\t<td class=\"column-1\">2025<\/td><td class=\"column-2\">\u00c9tude \u00e9tho-acoustique de l&rsquo;esturgeon jaune &#8211; de l&rsquo;id\u00e9e \u00e0 la r\u00e9alit\u00e9<\/td><td class=\"column-3\">B. de Montgolfier, M. Rivolet, M. Poupard, M-P Lessart, H-F Ellefsen, M. Mingelbier, C. Chion<\/td><td class=\"column-4\">MELCCFP, mars 2025<\/td>\n<\/tr>\n<tr class=\"row-5\">\n\t<td class=\"column-1\">2024<\/td><td class=\"column-2\">Suivi de la m\u00e9gafaune marine. Martinique SPEM: 2 endroits, les m\u00eames individus<\/td><td class=\"column-3\">B. de Montgolfier et M. Safi<\/td><td class=\"column-4\">Saint-Pierre et Miquelon,<\/td>\n<\/tr>\n<tr class=\"row-6\">\n\t<td class=\"column-1\">2023<\/td><td class=\"column-2\">\u00c9tude des populations de tortues marines en p\u00f4nte en Martinique<\/td><td class=\"column-3\">B. de Montgolfier et al.<\/td><td class=\"column-4\">Zoo de Granby, ao\u00fbt 2023<\/td>\n<\/tr>\n<\/tbody>\n<\/table>\n","protected":false},"excerpt":{"rendered":"<p>Since Aquasearch was founded, we have always developed fundamental research topics in order to expand knowledge about rare species, better understand species that have already been studied, and thus better preserve the marine ecosystem. Aquasearch is currently working with several public and private scientific partners on knowledge acquisition projects. These projects also provide an opportunity&#8230;<\/p>\n","protected":false},"author":1,"featured_media":332,"parent":188,"menu_order":26,"comment_status":"closed","ping_status":"closed","template":"","meta":{"inline_featured_image":false,"_kad_post_transparent":"","_kad_post_title":"","_kad_post_layout":"","_kad_post_sidebar_id":"","_kad_post_content_style":"","_kad_post_vertical_padding":"","_kad_post_feature":"","_kad_post_feature_position":"","_kad_post_header":false,"_kad_post_footer":false,"_kad_post_classname":"","footnotes":""},"class_list":["post-236","page","type-page","status-publish","has-post-thumbnail","hentry"],"yoast_head":"<!-- This site is optimized with the Yoast SEO plugin v27.4 - https:\/\/yoast.com\/product\/yoast-seo-wordpress\/ -->\n<title>Lectures - Bio-Laurentia<\/title>\n<meta name=\"robots\" content=\"index, follow, max-snippet:-1, max-image-preview:large, max-video-preview:-1\" \/>\n<link rel=\"canonical\" href=\"https:\/\/www.bio-laurentia.com\/index.php\/en\/communications-eng\/lectures\/\" \/>\n<meta property=\"og:locale\" content=\"fr_FR\" \/>\n<meta property=\"og:type\" content=\"article\" \/>\n<meta property=\"og:title\" content=\"Lectures - Bio-Laurentia\" \/>\n<meta property=\"og:description\" content=\"Since Aquasearch was founded, we have always developed fundamental research topics in order to expand knowledge about rare species, better understand species that have already been studied, and thus better preserve the marine ecosystem. Aquasearch is currently working with several public and private scientific partners on knowledge acquisition projects. These projects also provide an opportunity...\" \/>\n<meta property=\"og:url\" content=\"https:\/\/www.bio-laurentia.com\/index.php\/en\/communications-eng\/lectures\/\" \/>\n<meta property=\"og:site_name\" content=\"Bio-Laurentia\" \/>\n<meta property=\"article:modified_time\" content=\"2026-01-23T17:49:13+00:00\" \/>\n<meta property=\"og:image\" content=\"https:\/\/www.bio-laurentia.com\/wp-content\/uploads\/2026\/01\/Conferences-scaled.jpg\" \/>\n\t<meta property=\"og:image:width\" content=\"2560\" \/>\n\t<meta property=\"og:image:height\" content=\"1440\" \/>\n\t<meta property=\"og:image:type\" content=\"image\/jpeg\" \/>\n<meta name=\"twitter:card\" content=\"summary_large_image\" \/>\n<meta name=\"twitter:label1\" content=\"Dur\u00e9e de lecture estim\u00e9e\" \/>\n\t<meta name=\"twitter:data1\" content=\"1 minute\" \/>\n<script type=\"application\/ld+json\" class=\"yoast-schema-graph\">{\"@context\":\"https:\\\/\\\/schema.org\",\"@graph\":[{\"@type\":\"WebPage\",\"@id\":\"https:\\\/\\\/www.bio-laurentia.com\\\/index.php\\\/en\\\/communications-eng\\\/lectures\\\/\",\"url\":\"https:\\\/\\\/www.bio-laurentia.com\\\/index.php\\\/en\\\/communications-eng\\\/lectures\\\/\",\"name\":\"Lectures - Bio-Laurentia\",\"isPartOf\":{\"@id\":\"https:\\\/\\\/www.bio-laurentia.com\\\/#website\"},\"primaryImageOfPage\":{\"@id\":\"https:\\\/\\\/www.bio-laurentia.com\\\/index.php\\\/en\\\/communications-eng\\\/lectures\\\/#primaryimage\"},\"image\":{\"@id\":\"https:\\\/\\\/www.bio-laurentia.com\\\/index.php\\\/en\\\/communications-eng\\\/lectures\\\/#primaryimage\"},\"thumbnailUrl\":\"https:\\\/\\\/www.bio-laurentia.com\\\/wp-content\\\/uploads\\\/2026\\\/01\\\/Conferences-scaled.jpg\",\"datePublished\":\"2026-01-12T16:34:57+00:00\",\"dateModified\":\"2026-01-23T17:49:13+00:00\",\"breadcrumb\":{\"@id\":\"https:\\\/\\\/www.bio-laurentia.com\\\/index.php\\\/en\\\/communications-eng\\\/lectures\\\/#breadcrumb\"},\"inLanguage\":\"fr-FR\",\"potentialAction\":[{\"@type\":\"ReadAction\",\"target\":[\"https:\\\/\\\/www.bio-laurentia.com\\\/index.php\\\/en\\\/communications-eng\\\/lectures\\\/\"]}]},{\"@type\":\"ImageObject\",\"inLanguage\":\"fr-FR\",\"@id\":\"https:\\\/\\\/www.bio-laurentia.com\\\/index.php\\\/en\\\/communications-eng\\\/lectures\\\/#primaryimage\",\"url\":\"https:\\\/\\\/www.bio-laurentia.com\\\/wp-content\\\/uploads\\\/2026\\\/01\\\/Conferences-scaled.jpg\",\"contentUrl\":\"https:\\\/\\\/www.bio-laurentia.com\\\/wp-content\\\/uploads\\\/2026\\\/01\\\/Conferences-scaled.jpg\",\"width\":2560,\"height\":1440},{\"@type\":\"BreadcrumbList\",\"@id\":\"https:\\\/\\\/www.bio-laurentia.com\\\/index.php\\\/en\\\/communications-eng\\\/lectures\\\/#breadcrumb\",\"itemListElement\":[{\"@type\":\"ListItem\",\"position\":1,\"name\":\"Accueil\",\"item\":\"https:\\\/\\\/www.bio-laurentia.com\\\/\"},{\"@type\":\"ListItem\",\"position\":2,\"name\":\"Communications\",\"item\":\"https:\\\/\\\/www.bio-laurentia.com\\\/index.php\\\/en\\\/communications-eng\\\/\"},{\"@type\":\"ListItem\",\"position\":3,\"name\":\"Lectures\"}]},{\"@type\":\"WebSite\",\"@id\":\"https:\\\/\\\/www.bio-laurentia.com\\\/#website\",\"url\":\"https:\\\/\\\/www.bio-laurentia.com\\\/\",\"name\":\"Bio-Laurentia\",\"description\":\"\",\"publisher\":{\"@id\":\"https:\\\/\\\/www.bio-laurentia.com\\\/#organization\"},\"potentialAction\":[{\"@type\":\"SearchAction\",\"target\":{\"@type\":\"EntryPoint\",\"urlTemplate\":\"https:\\\/\\\/www.bio-laurentia.com\\\/?s={search_term_string}\"},\"query-input\":{\"@type\":\"PropertyValueSpecification\",\"valueRequired\":true,\"valueName\":\"search_term_string\"}}],\"inLanguage\":\"fr-FR\"},{\"@type\":\"Organization\",\"@id\":\"https:\\\/\\\/www.bio-laurentia.com\\\/#organization\",\"name\":\"Bio-Laurentia\",\"url\":\"https:\\\/\\\/www.bio-laurentia.com\\\/\",\"logo\":{\"@type\":\"ImageObject\",\"inLanguage\":\"fr-FR\",\"@id\":\"https:\\\/\\\/www.bio-laurentia.com\\\/#\\\/schema\\\/logo\\\/image\\\/\",\"url\":\"https:\\\/\\\/www.bio-laurentia.com\\\/wp-content\\\/uploads\\\/2026\\\/01\\\/Logo-Bio-Laurentia-COULEURS-1-scaled.png\",\"contentUrl\":\"https:\\\/\\\/www.bio-laurentia.com\\\/wp-content\\\/uploads\\\/2026\\\/01\\\/Logo-Bio-Laurentia-COULEURS-1-scaled.png\",\"width\":2560,\"height\":1109,\"caption\":\"Bio-Laurentia\"},\"image\":{\"@id\":\"https:\\\/\\\/www.bio-laurentia.com\\\/#\\\/schema\\\/logo\\\/image\\\/\"}}]}<\/script>\n<!-- \/ Yoast SEO plugin. -->","yoast_head_json":{"title":"Lectures - Bio-Laurentia","robots":{"index":"index","follow":"follow","max-snippet":"max-snippet:-1","max-image-preview":"max-image-preview:large","max-video-preview":"max-video-preview:-1"},"canonical":"https:\/\/www.bio-laurentia.com\/index.php\/en\/communications-eng\/lectures\/","og_locale":"fr_FR","og_type":"article","og_title":"Lectures - Bio-Laurentia","og_description":"Since Aquasearch was founded, we have always developed fundamental research topics in order to expand knowledge about rare species, better understand species that have already been studied, and thus better preserve the marine ecosystem. Aquasearch is currently working with several public and private scientific partners on knowledge acquisition projects. These projects also provide an opportunity...","og_url":"https:\/\/www.bio-laurentia.com\/index.php\/en\/communications-eng\/lectures\/","og_site_name":"Bio-Laurentia","article_modified_time":"2026-01-23T17:49:13+00:00","og_image":[{"width":2560,"height":1440,"url":"https:\/\/www.bio-laurentia.com\/wp-content\/uploads\/2026\/01\/Conferences-scaled.jpg","type":"image\/jpeg"}],"twitter_card":"summary_large_image","twitter_misc":{"Dur\u00e9e de lecture estim\u00e9e":"1 minute"},"schema":{"@context":"https:\/\/schema.org","@graph":[{"@type":"WebPage","@id":"https:\/\/www.bio-laurentia.com\/index.php\/en\/communications-eng\/lectures\/","url":"https:\/\/www.bio-laurentia.com\/index.php\/en\/communications-eng\/lectures\/","name":"Lectures - Bio-Laurentia","isPartOf":{"@id":"https:\/\/www.bio-laurentia.com\/#website"},"primaryImageOfPage":{"@id":"https:\/\/www.bio-laurentia.com\/index.php\/en\/communications-eng\/lectures\/#primaryimage"},"image":{"@id":"https:\/\/www.bio-laurentia.com\/index.php\/en\/communications-eng\/lectures\/#primaryimage"},"thumbnailUrl":"https:\/\/www.bio-laurentia.com\/wp-content\/uploads\/2026\/01\/Conferences-scaled.jpg","datePublished":"2026-01-12T16:34:57+00:00","dateModified":"2026-01-23T17:49:13+00:00","breadcrumb":{"@id":"https:\/\/www.bio-laurentia.com\/index.php\/en\/communications-eng\/lectures\/#breadcrumb"},"inLanguage":"fr-FR","potentialAction":[{"@type":"ReadAction","target":["https:\/\/www.bio-laurentia.com\/index.php\/en\/communications-eng\/lectures\/"]}]},{"@type":"ImageObject","inLanguage":"fr-FR","@id":"https:\/\/www.bio-laurentia.com\/index.php\/en\/communications-eng\/lectures\/#primaryimage","url":"https:\/\/www.bio-laurentia.com\/wp-content\/uploads\/2026\/01\/Conferences-scaled.jpg","contentUrl":"https:\/\/www.bio-laurentia.com\/wp-content\/uploads\/2026\/01\/Conferences-scaled.jpg","width":2560,"height":1440},{"@type":"BreadcrumbList","@id":"https:\/\/www.bio-laurentia.com\/index.php\/en\/communications-eng\/lectures\/#breadcrumb","itemListElement":[{"@type":"ListItem","position":1,"name":"Accueil","item":"https:\/\/www.bio-laurentia.com\/"},{"@type":"ListItem","position":2,"name":"Communications","item":"https:\/\/www.bio-laurentia.com\/index.php\/en\/communications-eng\/"},{"@type":"ListItem","position":3,"name":"Lectures"}]},{"@type":"WebSite","@id":"https:\/\/www.bio-laurentia.com\/#website","url":"https:\/\/www.bio-laurentia.com\/","name":"Bio-Laurentia","description":"","publisher":{"@id":"https:\/\/www.bio-laurentia.com\/#organization"},"potentialAction":[{"@type":"SearchAction","target":{"@type":"EntryPoint","urlTemplate":"https:\/\/www.bio-laurentia.com\/?s={search_term_string}"},"query-input":{"@type":"PropertyValueSpecification","valueRequired":true,"valueName":"search_term_string"}}],"inLanguage":"fr-FR"},{"@type":"Organization","@id":"https:\/\/www.bio-laurentia.com\/#organization","name":"Bio-Laurentia","url":"https:\/\/www.bio-laurentia.com\/","logo":{"@type":"ImageObject","inLanguage":"fr-FR","@id":"https:\/\/www.bio-laurentia.com\/#\/schema\/logo\/image\/","url":"https:\/\/www.bio-laurentia.com\/wp-content\/uploads\/2026\/01\/Logo-Bio-Laurentia-COULEURS-1-scaled.png","contentUrl":"https:\/\/www.bio-laurentia.com\/wp-content\/uploads\/2026\/01\/Logo-Bio-Laurentia-COULEURS-1-scaled.png","width":2560,"height":1109,"caption":"Bio-Laurentia"},"image":{"@id":"https:\/\/www.bio-laurentia.com\/#\/schema\/logo\/image\/"}}]}},"_links":{"self":[{"href":"https:\/\/www.bio-laurentia.com\/index.php\/wp-json\/wp\/v2\/pages\/236","targetHints":{"allow":["GET"]}}],"collection":[{"href":"https:\/\/www.bio-laurentia.com\/index.php\/wp-json\/wp\/v2\/pages"}],"about":[{"href":"https:\/\/www.bio-laurentia.com\/index.php\/wp-json\/wp\/v2\/types\/page"}],"author":[{"embeddable":true,"href":"https:\/\/www.bio-laurentia.com\/index.php\/wp-json\/wp\/v2\/users\/1"}],"replies":[{"embeddable":true,"href":"https:\/\/www.bio-laurentia.com\/index.php\/wp-json\/wp\/v2\/comments?post=236"}],"version-history":[{"count":2,"href":"https:\/\/www.bio-laurentia.com\/index.php\/wp-json\/wp\/v2\/pages\/236\/revisions"}],"predecessor-version":[{"id":926,"href":"https:\/\/www.bio-laurentia.com\/index.php\/wp-json\/wp\/v2\/pages\/236\/revisions\/926"}],"up":[{"embeddable":true,"href":"https:\/\/www.bio-laurentia.com\/index.php\/wp-json\/wp\/v2\/pages\/188"}],"wp:featuredmedia":[{"embeddable":true,"href":"https:\/\/www.bio-laurentia.com\/index.php\/wp-json\/wp\/v2\/media\/332"}],"wp:attachment":[{"href":"https:\/\/www.bio-laurentia.com\/index.php\/wp-json\/wp\/v2\/media?parent=236"}],"curies":[{"name":"wp","href":"https:\/\/api.w.org\/{rel}","templated":true}]}}