{"id":32,"date":"2026-01-12T08:29:16","date_gmt":"2026-01-12T08:29:16","guid":{"rendered":"https:\/\/www.bio-laurentia.com\/?page_id=32"},"modified":"2026-01-30T10:03:15","modified_gmt":"2026-01-30T10:03:15","slug":"recherche-scientifique","status":"publish","type":"page","link":"https:\/\/www.bio-laurentia.com\/index.php\/competences-et-realisations\/recherche-scientifique\/","title":{"rendered":"Recherche scientifique"},"content":{"rendered":"\n<p>Depuis&nbsp;la&nbsp;cr\u00e9ation&nbsp;de Bio-Laurentia, la recherche est au&nbsp;c\u0153ur&nbsp;de&nbsp;nos&nbsp;activit\u00e9s, nous&nbsp;permettant&nbsp;d&rsquo;approfondir&nbsp;nos&nbsp;connaissances&nbsp;sur les&nbsp;esp\u00e8ces&nbsp;rares, de&nbsp;mieux&nbsp;comprendre&nbsp;les&nbsp;esp\u00e8ces&nbsp;d\u00e9j\u00e0&nbsp;\u00e9tudi\u00e9es&nbsp;et&nbsp;ainsi&nbsp;de&nbsp;mieux&nbsp;pr\u00e9server&nbsp;l&rsquo;\u00e9cosyst\u00e8me&nbsp;marin.&nbsp;<\/p>\n\n\n\n<p>Bio-Laurentia est aujourd&rsquo;hui associ\u00e9e \u00e0 de nombreux partenaires scientifiques publics et priv\u00e9s dans le cadre de projets d&rsquo;acquisition de connaissances. Ces projets sont \u00e9galement l&rsquo;occasion d&rsquo;impliquer des partenaires universitaires et de contribuer ainsi \u00e0 la formation d&rsquo;\u00e9tudiants de premier cycle, de deuxi\u00e8me cycle et de troisi\u00e8me cycle.<\/p>\n\n\n\n<div style=\"height:20px\" aria-hidden=\"true\" class=\"wp-block-spacer\"><\/div>\n\n\n\n<div class=\"wp-block-group has-theme-palette-7-background-color has-background\" style=\"border-top-left-radius:20px;border-top-right-radius:20px;border-bottom-left-radius:20px;border-bottom-right-radius:20px\"><div class=\"wp-block-group__inner-container is-layout-constrained wp-block-group-is-layout-constrained\">\n<h2 class=\"wp-block-heading has-text-align-center\">Nos articles scientifiques<\/h2>\n\n\n\n<div style=\"height:20px\" aria-hidden=\"true\" class=\"wp-block-spacer\"><\/div>\n\n\n<ul style=\"font-style:normal;font-weight:500;\" class=\"wp-block-latest-posts__list is-grid columns-3 wp-block-latest-posts\"><li><div class=\"wp-block-latest-posts__featured-image\"><a href=\"https:\/\/www.bio-laurentia.com\/index.php\/2026\/01\/23\/projets-de-recherche-2025-2026\/\" aria-label=\"Projets de recherche scientifique de 2025 \u00e0 2026\"><img loading=\"lazy\" decoding=\"async\" width=\"1024\" height=\"768\" src=\"https:\/\/www.bio-laurentia.com\/wp-content\/uploads\/2026\/01\/Projets-de-recherche-2025-2026-1024x768.jpg\" class=\"attachment-large size-large wp-post-image\" alt=\"\" style=\"\" srcset=\"https:\/\/www.bio-laurentia.com\/wp-content\/uploads\/2026\/01\/Projets-de-recherche-2025-2026-1024x768.jpg 1024w, https:\/\/www.bio-laurentia.com\/wp-content\/uploads\/2026\/01\/Projets-de-recherche-2025-2026-300x225.jpg 300w, https:\/\/www.bio-laurentia.com\/wp-content\/uploads\/2026\/01\/Projets-de-recherche-2025-2026-768x576.jpg 768w, https:\/\/www.bio-laurentia.com\/wp-content\/uploads\/2026\/01\/Projets-de-recherche-2025-2026.jpg 1333w\" sizes=\"auto, (max-width: 1024px) 100vw, 1024px\" \/><\/a><\/div><a class=\"wp-block-latest-posts__post-title\" href=\"https:\/\/www.bio-laurentia.com\/index.php\/2026\/01\/23\/projets-de-recherche-2025-2026\/\">Projets de recherche scientifique de 2025 \u00e0 2026<\/a><\/li>\n<li><div class=\"wp-block-latest-posts__featured-image\"><a href=\"https:\/\/www.bio-laurentia.com\/index.php\/2026\/01\/23\/projet-de-recherche-2023-2024\/\" aria-label=\"Projets de recherche scientifique de 2023 \u00e0 2024\"><img loading=\"lazy\" decoding=\"async\" width=\"1024\" height=\"768\" src=\"https:\/\/www.bio-laurentia.com\/wp-content\/uploads\/2026\/01\/Projets-de-recherche-2023-2024-1024x768.jpg\" class=\"attachment-large size-large wp-post-image\" alt=\"\" style=\"\" srcset=\"https:\/\/www.bio-laurentia.com\/wp-content\/uploads\/2026\/01\/Projets-de-recherche-2023-2024-1024x768.jpg 1024w, https:\/\/www.bio-laurentia.com\/wp-content\/uploads\/2026\/01\/Projets-de-recherche-2023-2024-300x225.jpg 300w, https:\/\/www.bio-laurentia.com\/wp-content\/uploads\/2026\/01\/Projets-de-recherche-2023-2024-768x576.jpg 768w, https:\/\/www.bio-laurentia.com\/wp-content\/uploads\/2026\/01\/Projets-de-recherche-2023-2024-1536x1152.jpg 1536w, https:\/\/www.bio-laurentia.com\/wp-content\/uploads\/2026\/01\/Projets-de-recherche-2023-2024-2048x1536.jpg 2048w\" sizes=\"auto, (max-width: 1024px) 100vw, 1024px\" \/><\/a><\/div><a class=\"wp-block-latest-posts__post-title\" href=\"https:\/\/www.bio-laurentia.com\/index.php\/2026\/01\/23\/projet-de-recherche-2023-2024\/\">Projets de recherche scientifique de 2023 \u00e0 2024<\/a><\/li>\n<\/ul><\/div><\/div>\n\n\n\n<div style=\"height:20px\" aria-hidden=\"true\" class=\"wp-block-spacer\"><\/div>\n\n\n\n<h2 class=\"wp-block-heading has-text-align-center\">Nos autres comp\u00e9tences et r\u00e9alisations<\/h2>\n\n\n\n<div style=\"height:20px\" aria-hidden=\"true\" class=\"wp-block-spacer\"><\/div>\n\n\n\n<div class=\"wp-block-columns are-vertically-aligned-center is-layout-flex wp-container-core-columns-is-layout-9d6595d7 wp-block-columns-is-layout-flex\">\n<div class=\"wp-block-column is-vertically-aligned-center is-layout-flow wp-block-column-is-layout-flow\" style=\"flex-basis:50%\">\n<div class=\"wp-block-cover aligncenter has-aspect-ratio wp-duotone-unset-1\" style=\"border-top-left-radius:20px;border-top-right-radius:20px;border-bottom-left-radius:20px;border-bottom-right-radius:20px;margin-top:0;padding-top:1vw;padding-right:1vw;padding-bottom:1vw;padding-left:1vw;min-height:50vh;aspect-ratio:1;min-height:unset;\"><img loading=\"lazy\" decoding=\"async\" width=\"1024\" height=\"1024\" class=\"wp-block-cover__image-background wp-image-386 size-large\" alt=\"\" src=\"http:\/\/www.bio-laurentia.com\/wp-content\/uploads\/2026\/01\/Etudes-dimpact-Carre-1024x1024.jpg\" data-object-fit=\"cover\" srcset=\"https:\/\/www.bio-laurentia.com\/wp-content\/uploads\/2026\/01\/Etudes-dimpact-Carre-1024x1024.jpg 1024w, https:\/\/www.bio-laurentia.com\/wp-content\/uploads\/2026\/01\/Etudes-dimpact-Carre-300x300.jpg 300w, https:\/\/www.bio-laurentia.com\/wp-content\/uploads\/2026\/01\/Etudes-dimpact-Carre-150x150.jpg 150w, https:\/\/www.bio-laurentia.com\/wp-content\/uploads\/2026\/01\/Etudes-dimpact-Carre-768x768.jpg 768w, https:\/\/www.bio-laurentia.com\/wp-content\/uploads\/2026\/01\/Etudes-dimpact-Carre-1536x1536.jpg 1536w, https:\/\/www.bio-laurentia.com\/wp-content\/uploads\/2026\/01\/Etudes-dimpact-Carre-2048x2048.jpg 2048w\" sizes=\"auto, (max-width: 1024px) 100vw, 1024px\" \/><span aria-hidden=\"true\" class=\"wp-block-cover__background has-background-dim-0 has-background-dim\"><\/span><div class=\"wp-block-cover__inner-container is-layout-flow wp-block-cover-is-layout-flow\">\n<div class=\"wp-block-group\"><div class=\"wp-block-group__inner-container is-layout-flow wp-block-group-is-layout-flow\">\n<div style=\"height:150px\" aria-hidden=\"true\" class=\"wp-block-spacer\"><\/div>\n<\/div><\/div>\n\n\n\n<div class=\"wp-block-buttons alignwide is-content-justification-center is-nowrap is-layout-flex wp-container-core-buttons-is-layout-1fb9aab6 wp-block-buttons-is-layout-flex\">\n<div class=\"wp-block-button has-custom-width wp-block-button__width-75 is-style-primary\"><a class=\"wp-block-button__link has-text-align-center wp-element-button\" href=\"https:\/\/www.bio-laurentia.com\/index.php\/etudes-dimpact\/\" style=\"border-top-left-radius:100px;border-top-right-radius:100px;border-bottom-left-radius:100px;border-bottom-right-radius:100px\">Etudes d&rsquo;impact<\/a><\/div>\n<\/div>\n<\/div><\/div>\n<\/div>\n\n\n\n<div class=\"wp-block-column is-vertically-aligned-center is-layout-flow wp-block-column-is-layout-flow\" style=\"flex-basis:50%\">\n<div class=\"wp-block-cover aligncenter has-aspect-ratio wp-duotone-unset-2\" style=\"border-top-left-radius:20px;border-top-right-radius:20px;border-bottom-left-radius:20px;border-bottom-right-radius:20px;margin-top:0;padding-top:1vw;padding-right:1vw;padding-bottom:1vw;padding-left:1vw;min-height:50vh;aspect-ratio:1;min-height:unset;\"><img loading=\"lazy\" decoding=\"async\" width=\"1024\" height=\"1024\" class=\"wp-block-cover__image-background wp-image-402 size-large\" alt=\"\" src=\"https:\/\/www.bio-laurentia.com\/wp-content\/uploads\/2026\/01\/Formation-Carre-1024x1024.jpg\" data-object-fit=\"cover\" srcset=\"https:\/\/www.bio-laurentia.com\/wp-content\/uploads\/2026\/01\/Formation-Carre-1024x1024.jpg 1024w, https:\/\/www.bio-laurentia.com\/wp-content\/uploads\/2026\/01\/Formation-Carre-300x300.jpg 300w, https:\/\/www.bio-laurentia.com\/wp-content\/uploads\/2026\/01\/Formation-Carre-150x150.jpg 150w, https:\/\/www.bio-laurentia.com\/wp-content\/uploads\/2026\/01\/Formation-Carre-768x768.jpg 768w, https:\/\/www.bio-laurentia.com\/wp-content\/uploads\/2026\/01\/Formation-Carre-1536x1536.jpg 1536w, https:\/\/www.bio-laurentia.com\/wp-content\/uploads\/2026\/01\/Formation-Carre-2048x2048.jpg 2048w\" sizes=\"auto, (max-width: 1024px) 100vw, 1024px\" \/><span aria-hidden=\"true\" class=\"wp-block-cover__background has-background-dim-0 has-background-dim\"><\/span><div class=\"wp-block-cover__inner-container is-layout-flow wp-block-cover-is-layout-flow\">\n<div class=\"wp-block-group\"><div class=\"wp-block-group__inner-container is-layout-flow wp-block-group-is-layout-flow\">\n<div style=\"height:150px\" aria-hidden=\"true\" class=\"wp-block-spacer\"><\/div>\n<\/div><\/div>\n\n\n\n<div class=\"wp-block-buttons alignwide is-content-justification-center is-nowrap is-layout-flex wp-container-core-buttons-is-layout-1fb9aab6 wp-block-buttons-is-layout-flex\">\n<div class=\"wp-block-button has-custom-width wp-block-button__width-75 is-style-primary\"><a class=\"wp-block-button__link has-text-align-center wp-element-button\" href=\"https:\/\/www.bio-laurentia.com\/index.php\/formations\/\" style=\"border-top-left-radius:100px;border-top-right-radius:100px;border-bottom-left-radius:100px;border-bottom-right-radius:100px\">Formations<\/a><\/div>\n<\/div>\n<\/div><\/div>\n<\/div>\n\n\n\n<div class=\"wp-block-column is-vertically-aligned-center is-layout-flow wp-block-column-is-layout-flow\" style=\"flex-basis:50%\">\n<div class=\"wp-block-cover aligncenter has-aspect-ratio wp-duotone-unset-3\" style=\"border-top-left-radius:20px;border-top-right-radius:20px;border-bottom-left-radius:20px;border-bottom-right-radius:20px;margin-top:0;padding-top:1vw;padding-right:1vw;padding-bottom:1vw;padding-left:1vw;min-height:50vh;aspect-ratio:1;min-height:unset;\"><img loading=\"lazy\" decoding=\"async\" width=\"1024\" height=\"1024\" class=\"wp-block-cover__image-background wp-image-403 size-large\" alt=\"\" src=\"https:\/\/www.bio-laurentia.com\/wp-content\/uploads\/2026\/01\/Audiovisuel-Carre-1024x1024.jpg\" data-object-fit=\"cover\" srcset=\"https:\/\/www.bio-laurentia.com\/wp-content\/uploads\/2026\/01\/Audiovisuel-Carre-1024x1024.jpg 1024w, https:\/\/www.bio-laurentia.com\/wp-content\/uploads\/2026\/01\/Audiovisuel-Carre-300x300.jpg 300w, https:\/\/www.bio-laurentia.com\/wp-content\/uploads\/2026\/01\/Audiovisuel-Carre-150x150.jpg 150w, https:\/\/www.bio-laurentia.com\/wp-content\/uploads\/2026\/01\/Audiovisuel-Carre-768x768.jpg 768w, https:\/\/www.bio-laurentia.com\/wp-content\/uploads\/2026\/01\/Audiovisuel-Carre-1536x1536.jpg 1536w, https:\/\/www.bio-laurentia.com\/wp-content\/uploads\/2026\/01\/Audiovisuel-Carre-2048x2048.jpg 2048w\" sizes=\"auto, (max-width: 1024px) 100vw, 1024px\" \/><span aria-hidden=\"true\" class=\"wp-block-cover__background has-background-dim-0 has-background-dim\"><\/span><div class=\"wp-block-cover__inner-container is-layout-flow wp-block-cover-is-layout-flow\">\n<div class=\"wp-block-group\"><div class=\"wp-block-group__inner-container is-layout-flow wp-block-group-is-layout-flow\">\n<div style=\"height:150px\" aria-hidden=\"true\" class=\"wp-block-spacer\"><\/div>\n<\/div><\/div>\n\n\n\n<div class=\"wp-block-buttons alignwide is-content-justification-center is-nowrap is-layout-flex wp-container-core-buttons-is-layout-1fb9aab6 wp-block-buttons-is-layout-flex\">\n<div class=\"wp-block-button has-custom-width wp-block-button__width-75 is-style-primary\"><a class=\"wp-block-button__link has-text-align-center wp-element-button\" href=\"https:\/\/www.bio-laurentia.com\/index.php\/en\/audiovisuel\/\" style=\"border-top-left-radius:100px;border-top-right-radius:100px;border-bottom-left-radius:100px;border-bottom-right-radius:100px\">Audiovisuel<\/a><\/div>\n<\/div>\n<\/div><\/div>\n<\/div>\n<\/div>\n\n\n\n<div style=\"height:40px\" aria-hidden=\"true\" class=\"wp-block-spacer\"><\/div>\n","protected":false},"excerpt":{"rendered":"<p>Depuis&nbsp;la&nbsp;cr\u00e9ation&nbsp;de Bio-Laurentia, la recherche est au&nbsp;c\u0153ur&nbsp;de&nbsp;nos&nbsp;activit\u00e9s, nous&nbsp;permettant&nbsp;d&rsquo;approfondir&nbsp;nos&nbsp;connaissances&nbsp;sur les&nbsp;esp\u00e8ces&nbsp;rares, de&nbsp;mieux&nbsp;comprendre&nbsp;les&nbsp;esp\u00e8ces&nbsp;d\u00e9j\u00e0&nbsp;\u00e9tudi\u00e9es&nbsp;et&nbsp;ainsi&nbsp;de&nbsp;mieux&nbsp;pr\u00e9server&nbsp;l&rsquo;\u00e9cosyst\u00e8me&nbsp;marin.&nbsp; Bio-Laurentia est aujourd&rsquo;hui associ\u00e9e \u00e0 de nombreux partenaires scientifiques publics et priv\u00e9s dans le cadre de projets d&rsquo;acquisition de connaissances. Ces projets sont \u00e9galement l&rsquo;occasion d&rsquo;impliquer des partenaires universitaires et de contribuer ainsi \u00e0 la formation d&rsquo;\u00e9tudiants de premier cycle, de deuxi\u00e8me cycle et de troisi\u00e8me&#8230;<\/p>\n","protected":false},"author":1,"featured_media":426,"parent":14,"menu_order":15,"comment_status":"closed","ping_status":"closed","template":"","meta":{"inline_featured_image":false,"_kad_post_transparent":"","_kad_post_title":"","_kad_post_layout":"","_kad_post_sidebar_id":"","_kad_post_content_style":"","_kad_post_vertical_padding":"","_kad_post_feature":"","_kad_post_feature_position":"","_kad_post_header":false,"_kad_post_footer":false,"_kad_post_classname":"","footnotes":""},"class_list":["post-32","page","type-page","status-publish","has-post-thumbnail","hentry"],"yoast_head":"<!-- This site is optimized with the Yoast SEO plugin v27.3 - https:\/\/yoast.com\/product\/yoast-seo-wordpress\/ -->\n<title>Recherche Scientifique Environnementale et Oc\u00e9anographique<\/title>\n<meta name=\"description\" content=\"Bureau d&#039;Etude Bio-Laurentia | Sp\u00e9cialis\u00e9 en Recherche Scientifique Esp\u00e8ces Marines | Th\u00e9matiques Environnement &amp; Oc\u00e9anographie\" \/>\n<meta name=\"robots\" content=\"index, follow, max-snippet:-1, max-image-preview:large, max-video-preview:-1\" \/>\n<link rel=\"canonical\" href=\"https:\/\/www.bio-laurentia.com\/index.php\/competences-et-realisations\/recherche-scientifique\/\" \/>\n<meta property=\"og:locale\" content=\"fr_FR\" \/>\n<meta property=\"og:type\" content=\"article\" \/>\n<meta property=\"og:title\" content=\"Recherche Scientifique Environnementale et Oc\u00e9anographique\" \/>\n<meta property=\"og:description\" content=\"Bureau d&#039;Etude Bio-Laurentia | Sp\u00e9cialis\u00e9 en Recherche Scientifique Esp\u00e8ces Marines | Th\u00e9matiques Environnement &amp; Oc\u00e9anographie\" \/>\n<meta property=\"og:url\" content=\"https:\/\/www.bio-laurentia.com\/index.php\/competences-et-realisations\/recherche-scientifique\/\" \/>\n<meta property=\"og:site_name\" content=\"Bio-Laurentia\" \/>\n<meta property=\"article:modified_time\" content=\"2026-01-30T10:03:15+00:00\" \/>\n<meta property=\"og:image\" content=\"https:\/\/www.bio-laurentia.com\/wp-content\/uploads\/2026\/01\/Jobs-1-scaled.jpg\" \/>\n\t<meta property=\"og:image:width\" content=\"2560\" \/>\n\t<meta property=\"og:image:height\" content=\"1440\" \/>\n\t<meta property=\"og:image:type\" content=\"image\/jpeg\" \/>\n<meta name=\"twitter:card\" content=\"summary_large_image\" \/>\n<meta name=\"twitter:label1\" content=\"Dur\u00e9e de lecture estim\u00e9e\" \/>\n\t<meta name=\"twitter:data1\" content=\"2 minutes\" \/>\n<script type=\"application\/ld+json\" class=\"yoast-schema-graph\">{\"@context\":\"https:\\\/\\\/schema.org\",\"@graph\":[{\"@type\":\"WebPage\",\"@id\":\"https:\\\/\\\/www.bio-laurentia.com\\\/index.php\\\/competences-et-realisations\\\/recherche-scientifique\\\/\",\"url\":\"https:\\\/\\\/www.bio-laurentia.com\\\/index.php\\\/competences-et-realisations\\\/recherche-scientifique\\\/\",\"name\":\"Recherche Scientifique Environnementale et Oc\u00e9anographique\",\"isPartOf\":{\"@id\":\"https:\\\/\\\/www.bio-laurentia.com\\\/#website\"},\"primaryImageOfPage\":{\"@id\":\"https:\\\/\\\/www.bio-laurentia.com\\\/index.php\\\/competences-et-realisations\\\/recherche-scientifique\\\/#primaryimage\"},\"image\":{\"@id\":\"https:\\\/\\\/www.bio-laurentia.com\\\/index.php\\\/competences-et-realisations\\\/recherche-scientifique\\\/#primaryimage\"},\"thumbnailUrl\":\"https:\\\/\\\/www.bio-laurentia.com\\\/wp-content\\\/uploads\\\/2026\\\/01\\\/Jobs-1-scaled.jpg\",\"datePublished\":\"2026-01-12T08:29:16+00:00\",\"dateModified\":\"2026-01-30T10:03:15+00:00\",\"description\":\"Bureau d'Etude Bio-Laurentia | Sp\u00e9cialis\u00e9 en Recherche Scientifique Esp\u00e8ces Marines | Th\u00e9matiques Environnement & Oc\u00e9anographie\",\"breadcrumb\":{\"@id\":\"https:\\\/\\\/www.bio-laurentia.com\\\/index.php\\\/competences-et-realisations\\\/recherche-scientifique\\\/#breadcrumb\"},\"inLanguage\":\"fr-FR\",\"potentialAction\":[{\"@type\":\"ReadAction\",\"target\":[\"https:\\\/\\\/www.bio-laurentia.com\\\/index.php\\\/competences-et-realisations\\\/recherche-scientifique\\\/\"]}]},{\"@type\":\"ImageObject\",\"inLanguage\":\"fr-FR\",\"@id\":\"https:\\\/\\\/www.bio-laurentia.com\\\/index.php\\\/competences-et-realisations\\\/recherche-scientifique\\\/#primaryimage\",\"url\":\"https:\\\/\\\/www.bio-laurentia.com\\\/wp-content\\\/uploads\\\/2026\\\/01\\\/Jobs-1-scaled.jpg\",\"contentUrl\":\"https:\\\/\\\/www.bio-laurentia.com\\\/wp-content\\\/uploads\\\/2026\\\/01\\\/Jobs-1-scaled.jpg\",\"width\":2560,\"height\":1440},{\"@type\":\"BreadcrumbList\",\"@id\":\"https:\\\/\\\/www.bio-laurentia.com\\\/index.php\\\/competences-et-realisations\\\/recherche-scientifique\\\/#breadcrumb\",\"itemListElement\":[{\"@type\":\"ListItem\",\"position\":1,\"name\":\"Accueil\",\"item\":\"https:\\\/\\\/www.bio-laurentia.com\\\/\"},{\"@type\":\"ListItem\",\"position\":2,\"name\":\"Comp\u00e9tences et r\u00e9alisations\",\"item\":\"https:\\\/\\\/www.bio-laurentia.com\\\/index.php\\\/competences-et-realisations\\\/\"},{\"@type\":\"ListItem\",\"position\":3,\"name\":\"Recherche scientifique\"}]},{\"@type\":\"WebSite\",\"@id\":\"https:\\\/\\\/www.bio-laurentia.com\\\/#website\",\"url\":\"https:\\\/\\\/www.bio-laurentia.com\\\/\",\"name\":\"Bio-Laurentia\",\"description\":\"\",\"publisher\":{\"@id\":\"https:\\\/\\\/www.bio-laurentia.com\\\/#organization\"},\"potentialAction\":[{\"@type\":\"SearchAction\",\"target\":{\"@type\":\"EntryPoint\",\"urlTemplate\":\"https:\\\/\\\/www.bio-laurentia.com\\\/?s={search_term_string}\"},\"query-input\":{\"@type\":\"PropertyValueSpecification\",\"valueRequired\":true,\"valueName\":\"search_term_string\"}}],\"inLanguage\":\"fr-FR\"},{\"@type\":\"Organization\",\"@id\":\"https:\\\/\\\/www.bio-laurentia.com\\\/#organization\",\"name\":\"Bio-Laurentia\",\"url\":\"https:\\\/\\\/www.bio-laurentia.com\\\/\",\"logo\":{\"@type\":\"ImageObject\",\"inLanguage\":\"fr-FR\",\"@id\":\"https:\\\/\\\/www.bio-laurentia.com\\\/#\\\/schema\\\/logo\\\/image\\\/\",\"url\":\"https:\\\/\\\/www.bio-laurentia.com\\\/wp-content\\\/uploads\\\/2026\\\/01\\\/Logo-Bio-Laurentia-COULEURS-1-scaled.png\",\"contentUrl\":\"https:\\\/\\\/www.bio-laurentia.com\\\/wp-content\\\/uploads\\\/2026\\\/01\\\/Logo-Bio-Laurentia-COULEURS-1-scaled.png\",\"width\":2560,\"height\":1109,\"caption\":\"Bio-Laurentia\"},\"image\":{\"@id\":\"https:\\\/\\\/www.bio-laurentia.com\\\/#\\\/schema\\\/logo\\\/image\\\/\"}}]}<\/script>\n<!-- \/ Yoast SEO plugin. -->","yoast_head_json":{"title":"Recherche Scientifique Environnementale et Oc\u00e9anographique","description":"Bureau d'Etude Bio-Laurentia | Sp\u00e9cialis\u00e9 en Recherche Scientifique Esp\u00e8ces Marines | Th\u00e9matiques Environnement & Oc\u00e9anographie","robots":{"index":"index","follow":"follow","max-snippet":"max-snippet:-1","max-image-preview":"max-image-preview:large","max-video-preview":"max-video-preview:-1"},"canonical":"https:\/\/www.bio-laurentia.com\/index.php\/competences-et-realisations\/recherche-scientifique\/","og_locale":"fr_FR","og_type":"article","og_title":"Recherche Scientifique Environnementale et Oc\u00e9anographique","og_description":"Bureau d'Etude Bio-Laurentia | Sp\u00e9cialis\u00e9 en Recherche Scientifique Esp\u00e8ces Marines | Th\u00e9matiques Environnement & Oc\u00e9anographie","og_url":"https:\/\/www.bio-laurentia.com\/index.php\/competences-et-realisations\/recherche-scientifique\/","og_site_name":"Bio-Laurentia","article_modified_time":"2026-01-30T10:03:15+00:00","og_image":[{"width":2560,"height":1440,"url":"https:\/\/www.bio-laurentia.com\/wp-content\/uploads\/2026\/01\/Jobs-1-scaled.jpg","type":"image\/jpeg"}],"twitter_card":"summary_large_image","twitter_misc":{"Dur\u00e9e de lecture estim\u00e9e":"2 minutes"},"schema":{"@context":"https:\/\/schema.org","@graph":[{"@type":"WebPage","@id":"https:\/\/www.bio-laurentia.com\/index.php\/competences-et-realisations\/recherche-scientifique\/","url":"https:\/\/www.bio-laurentia.com\/index.php\/competences-et-realisations\/recherche-scientifique\/","name":"Recherche Scientifique Environnementale et Oc\u00e9anographique","isPartOf":{"@id":"https:\/\/www.bio-laurentia.com\/#website"},"primaryImageOfPage":{"@id":"https:\/\/www.bio-laurentia.com\/index.php\/competences-et-realisations\/recherche-scientifique\/#primaryimage"},"image":{"@id":"https:\/\/www.bio-laurentia.com\/index.php\/competences-et-realisations\/recherche-scientifique\/#primaryimage"},"thumbnailUrl":"https:\/\/www.bio-laurentia.com\/wp-content\/uploads\/2026\/01\/Jobs-1-scaled.jpg","datePublished":"2026-01-12T08:29:16+00:00","dateModified":"2026-01-30T10:03:15+00:00","description":"Bureau d'Etude Bio-Laurentia | Sp\u00e9cialis\u00e9 en Recherche Scientifique Esp\u00e8ces Marines | Th\u00e9matiques Environnement & Oc\u00e9anographie","breadcrumb":{"@id":"https:\/\/www.bio-laurentia.com\/index.php\/competences-et-realisations\/recherche-scientifique\/#breadcrumb"},"inLanguage":"fr-FR","potentialAction":[{"@type":"ReadAction","target":["https:\/\/www.bio-laurentia.com\/index.php\/competences-et-realisations\/recherche-scientifique\/"]}]},{"@type":"ImageObject","inLanguage":"fr-FR","@id":"https:\/\/www.bio-laurentia.com\/index.php\/competences-et-realisations\/recherche-scientifique\/#primaryimage","url":"https:\/\/www.bio-laurentia.com\/wp-content\/uploads\/2026\/01\/Jobs-1-scaled.jpg","contentUrl":"https:\/\/www.bio-laurentia.com\/wp-content\/uploads\/2026\/01\/Jobs-1-scaled.jpg","width":2560,"height":1440},{"@type":"BreadcrumbList","@id":"https:\/\/www.bio-laurentia.com\/index.php\/competences-et-realisations\/recherche-scientifique\/#breadcrumb","itemListElement":[{"@type":"ListItem","position":1,"name":"Accueil","item":"https:\/\/www.bio-laurentia.com\/"},{"@type":"ListItem","position":2,"name":"Comp\u00e9tences et r\u00e9alisations","item":"https:\/\/www.bio-laurentia.com\/index.php\/competences-et-realisations\/"},{"@type":"ListItem","position":3,"name":"Recherche scientifique"}]},{"@type":"WebSite","@id":"https:\/\/www.bio-laurentia.com\/#website","url":"https:\/\/www.bio-laurentia.com\/","name":"Bio-Laurentia","description":"","publisher":{"@id":"https:\/\/www.bio-laurentia.com\/#organization"},"potentialAction":[{"@type":"SearchAction","target":{"@type":"EntryPoint","urlTemplate":"https:\/\/www.bio-laurentia.com\/?s={search_term_string}"},"query-input":{"@type":"PropertyValueSpecification","valueRequired":true,"valueName":"search_term_string"}}],"inLanguage":"fr-FR"},{"@type":"Organization","@id":"https:\/\/www.bio-laurentia.com\/#organization","name":"Bio-Laurentia","url":"https:\/\/www.bio-laurentia.com\/","logo":{"@type":"ImageObject","inLanguage":"fr-FR","@id":"https:\/\/www.bio-laurentia.com\/#\/schema\/logo\/image\/","url":"https:\/\/www.bio-laurentia.com\/wp-content\/uploads\/2026\/01\/Logo-Bio-Laurentia-COULEURS-1-scaled.png","contentUrl":"https:\/\/www.bio-laurentia.com\/wp-content\/uploads\/2026\/01\/Logo-Bio-Laurentia-COULEURS-1-scaled.png","width":2560,"height":1109,"caption":"Bio-Laurentia"},"image":{"@id":"https:\/\/www.bio-laurentia.com\/#\/schema\/logo\/image\/"}}]}},"_links":{"self":[{"href":"https:\/\/www.bio-laurentia.com\/index.php\/wp-json\/wp\/v2\/pages\/32","targetHints":{"allow":["GET"]}}],"collection":[{"href":"https:\/\/www.bio-laurentia.com\/index.php\/wp-json\/wp\/v2\/pages"}],"about":[{"href":"https:\/\/www.bio-laurentia.com\/index.php\/wp-json\/wp\/v2\/types\/page"}],"author":[{"embeddable":true,"href":"https:\/\/www.bio-laurentia.com\/index.php\/wp-json\/wp\/v2\/users\/1"}],"replies":[{"embeddable":true,"href":"https:\/\/www.bio-laurentia.com\/index.php\/wp-json\/wp\/v2\/comments?post=32"}],"version-history":[{"count":11,"href":"https:\/\/www.bio-laurentia.com\/index.php\/wp-json\/wp\/v2\/pages\/32\/revisions"}],"predecessor-version":[{"id":945,"href":"https:\/\/www.bio-laurentia.com\/index.php\/wp-json\/wp\/v2\/pages\/32\/revisions\/945"}],"up":[{"embeddable":true,"href":"https:\/\/www.bio-laurentia.com\/index.php\/wp-json\/wp\/v2\/pages\/14"}],"wp:featuredmedia":[{"embeddable":true,"href":"https:\/\/www.bio-laurentia.com\/index.php\/wp-json\/wp\/v2\/media\/426"}],"wp:attachment":[{"href":"https:\/\/www.bio-laurentia.com\/index.php\/wp-json\/wp\/v2\/media?parent=32"}],"curies":[{"name":"wp","href":"https:\/\/api.w.org\/{rel}","templated":true}]}}