{"id":41,"date":"2026-01-12T08:32:01","date_gmt":"2026-01-12T08:32:01","guid":{"rendered":"https:\/\/www.bio-laurentia.com\/?page_id=41"},"modified":"2026-01-23T17:44:09","modified_gmt":"2026-01-23T17:44:09","slug":"articles-scientifiques","status":"publish","type":"page","link":"https:\/\/www.bio-laurentia.com\/index.php\/communications\/articles-scientifiques\/","title":{"rendered":"Articles scientifiques"},"content":{"rendered":"\n<div class=\"wp-block-group has-theme-palette-7-background-color has-background\" style=\"border-top-left-radius:20px;border-top-right-radius:20px;border-bottom-left-radius:20px;border-bottom-right-radius:20px\"><div class=\"wp-block-group__inner-container is-layout-constrained wp-block-group-is-layout-constrained\">\n<p>Depuis la cr\u00e9ation de Bio-Laurentia, nous avons toujours d\u00e9velopp\u00e9 des probl\u00e9matiques de recherche fondamentale afin d\u2019\u00e9toffer les connaissances sur des esp\u00e8ces rares, mieux comprendre des esp\u00e8ces d\u00e9j\u00e0 \u00e9tudi\u00e9es, et donc mieux pr\u00e9server l\u2019\u00e9cosyst\u00e8me marin.<\/p>\n\n\n\n<p>Bio-Laurentia est aujourd\u2019hui associ\u00e9 avec plusieurs partenaires scientifiques publiques et priv\u00e9s sur des projets d\u2019acquisition de connaissances. Ces projets sont \u00e9galement l\u2019occasion d\u2019associer des partenaires universitaires, et de contribuer ainsi \u00e0 la formation d\u2019\u00e9tudiants en second cycle.<\/p>\n<\/div><\/div>\n\n\n\n<h2 class=\"wp-block-heading has-text-align-center\">Nos articles<\/h2>\n\n\n\n<table id=\"tablepress-1\" class=\"tablepress tablepress-id-1\">\n<thead>\n<tr class=\"row-1\">\n\t<th class=\"column-1\">ANN\u00c9E<\/th><th class=\"column-2\">AUTEURS<\/th><th class=\"column-3\">Article<\/th><th class=\"column-4\">Publication<\/th>\n<\/tr>\n<\/thead>\n<tbody class=\"row-striping row-hover\">\n<tr class=\"row-2\">\n\t<td class=\"column-1\">2025<\/td><td class=\"column-2\">Rossi M., Safi M., de Montgolfier B.<\/td><td class=\"column-3\">First characterization of nesting behaviors of leatherback turtles (Dermochelys coriacea) and hawksbill turtles (Eretmochelys imbricata) in Martinique and inter-species comparison.<\/td><td class=\"column-4\">Wild 2, doi : 10.3390\/wild2020012<\/td>\n<\/tr>\n<tr class=\"row-3\">\n\t<td class=\"column-1\">2025<\/td><td class=\"column-2\">Laurent S., Poupard M., Ortol\u00e9 C., Valin C., de Montgolfier B.<\/td><td class=\"column-3\">Intraspecific and spatial variation in habitat use by sperm whales (Physeter macrocephalus) along the west coast of Martinique.<\/td><td class=\"column-4\">PeerJ.19614. doi : 10.7717\/peerj.19614<\/td>\n<\/tr>\n<tr class=\"row-4\">\n\t<td class=\"column-1\">2025<\/td><td class=\"column-2\">Violo C., Gros-Martial A., Ortol\u00e9 C., Poupard M., Safi M., de Montgolfier B.<\/td><td class=\"column-3\">Cetacean habitat use and occurence in Fort-de-France bay (Martinique).<\/td><td class=\"column-4\">Animals 1, 2640. https:\/\/doi.org\/10.3390\/ani15182640<\/td>\n<\/tr>\n<tr class=\"row-5\">\n\t<td class=\"column-1\">2025<\/td><td class=\"column-2\">Langel J-L., Calabretta V., Valin C., Fraboulet E., Tremblay R., El Mahdi B., de Montgolfier B.<\/td><td class=\"column-3\">Nesting dynamics of hawksbill and leatherback turtles : a four year photo-identification study in Martinique.<\/td><td class=\"column-4\">Journal of Nature Conservation 89, 127124<\/td>\n<\/tr>\n<tr class=\"row-6\">\n\t<td class=\"column-1\">2025<\/td><td class=\"column-2\">Riou M., C\u00f4t\u00e9 J., de Montgolfier B., Morissette G. L., Deslauriers D.<\/td><td class=\"column-3\">Cetacean use of shallow lobster fishing areas in southern Gasp\u00e9 (2019\u20132024): relevance for North Atlantic right whale (Eubalaena glacialis, M\u00fcller, 1776) protection measures in the Gulf of St. Lawrence.<\/td><td class=\"column-4\">Canadian Journal of Zoology 103.<\/td>\n<\/tr>\n<\/tbody>\n<\/table>\n<!-- #tablepress-1 from cache -->","protected":false},"excerpt":{"rendered":"<p>Depuis la cr\u00e9ation de Bio-Laurentia, nous avons toujours d\u00e9velopp\u00e9 des probl\u00e9matiques de recherche fondamentale afin d\u2019\u00e9toffer les connaissances sur des esp\u00e8ces rares, mieux comprendre des esp\u00e8ces d\u00e9j\u00e0 \u00e9tudi\u00e9es, et donc mieux pr\u00e9server l\u2019\u00e9cosyst\u00e8me marin. Bio-Laurentia est aujourd\u2019hui associ\u00e9 avec plusieurs partenaires scientifiques publiques et priv\u00e9s sur des projets d\u2019acquisition de connaissances. Ces projets sont \u00e9galement&#8230;<\/p>\n","protected":false},"author":1,"featured_media":329,"parent":18,"menu_order":23,"comment_status":"closed","ping_status":"closed","template":"","meta":{"inline_featured_image":false,"_kad_post_transparent":"","_kad_post_title":"","_kad_post_layout":"","_kad_post_sidebar_id":"","_kad_post_content_style":"","_kad_post_vertical_padding":"","_kad_post_feature":"","_kad_post_feature_position":"","_kad_post_header":false,"_kad_post_footer":false,"_kad_post_classname":"","footnotes":""},"class_list":["post-41","page","type-page","status-publish","has-post-thumbnail","hentry"],"yoast_head":"<!-- This site is optimized with the Yoast SEO plugin v27.4 - https:\/\/yoast.com\/product\/yoast-seo-wordpress\/ -->\n<title>Articles Scientifiques Milieux Marins | Bio-Laurentia<\/title>\n<meta name=\"description\" content=\"Retrouvez tous nos Articles Scientifiques sur les Th\u00e8mes de l&#039;Environnement et de l&#039;Oc\u00e9anographie | Bio-Laurentia : Expert en Milieux Marins\" \/>\n<meta name=\"robots\" content=\"index, follow, max-snippet:-1, max-image-preview:large, max-video-preview:-1\" \/>\n<link rel=\"canonical\" href=\"https:\/\/www.bio-laurentia.com\/index.php\/communications\/articles-scientifiques\/\" \/>\n<meta property=\"og:locale\" content=\"fr_FR\" \/>\n<meta property=\"og:type\" content=\"article\" \/>\n<meta property=\"og:title\" content=\"Articles Scientifiques Milieux Marins | Bio-Laurentia\" \/>\n<meta property=\"og:description\" content=\"Retrouvez tous nos Articles Scientifiques sur les Th\u00e8mes de l&#039;Environnement et de l&#039;Oc\u00e9anographie | Bio-Laurentia : Expert en Milieux Marins\" \/>\n<meta property=\"og:url\" content=\"https:\/\/www.bio-laurentia.com\/index.php\/communications\/articles-scientifiques\/\" \/>\n<meta property=\"og:site_name\" content=\"Bio-Laurentia\" \/>\n<meta property=\"article:modified_time\" content=\"2026-01-23T17:44:09+00:00\" \/>\n<meta property=\"og:image\" content=\"http:\/\/www.bio-laurentia.com\/wp-content\/uploads\/2026\/01\/Articles-scientifiques-scaled.jpg\" \/>\n\t<meta property=\"og:image:width\" content=\"2560\" \/>\n\t<meta property=\"og:image:height\" content=\"1440\" \/>\n\t<meta property=\"og:image:type\" content=\"image\/jpeg\" \/>\n<meta name=\"twitter:card\" content=\"summary_large_image\" \/>\n<meta name=\"twitter:label1\" content=\"Dur\u00e9e de lecture estim\u00e9e\" \/>\n\t<meta name=\"twitter:data1\" content=\"1 minute\" \/>\n<script type=\"application\/ld+json\" class=\"yoast-schema-graph\">{\"@context\":\"https:\\\/\\\/schema.org\",\"@graph\":[{\"@type\":\"WebPage\",\"@id\":\"https:\\\/\\\/www.bio-laurentia.com\\\/index.php\\\/communications\\\/articles-scientifiques\\\/\",\"url\":\"https:\\\/\\\/www.bio-laurentia.com\\\/index.php\\\/communications\\\/articles-scientifiques\\\/\",\"name\":\"Articles Scientifiques Milieux Marins | Bio-Laurentia\",\"isPartOf\":{\"@id\":\"https:\\\/\\\/www.bio-laurentia.com\\\/#website\"},\"primaryImageOfPage\":{\"@id\":\"https:\\\/\\\/www.bio-laurentia.com\\\/index.php\\\/communications\\\/articles-scientifiques\\\/#primaryimage\"},\"image\":{\"@id\":\"https:\\\/\\\/www.bio-laurentia.com\\\/index.php\\\/communications\\\/articles-scientifiques\\\/#primaryimage\"},\"thumbnailUrl\":\"https:\\\/\\\/www.bio-laurentia.com\\\/wp-content\\\/uploads\\\/2026\\\/01\\\/Articles-scientifiques-scaled.jpg\",\"datePublished\":\"2026-01-12T08:32:01+00:00\",\"dateModified\":\"2026-01-23T17:44:09+00:00\",\"description\":\"Retrouvez tous nos Articles Scientifiques sur les Th\u00e8mes de l'Environnement et de l'Oc\u00e9anographie | Bio-Laurentia : Expert en Milieux Marins\",\"breadcrumb\":{\"@id\":\"https:\\\/\\\/www.bio-laurentia.com\\\/index.php\\\/communications\\\/articles-scientifiques\\\/#breadcrumb\"},\"inLanguage\":\"fr-FR\",\"potentialAction\":[{\"@type\":\"ReadAction\",\"target\":[\"https:\\\/\\\/www.bio-laurentia.com\\\/index.php\\\/communications\\\/articles-scientifiques\\\/\"]}]},{\"@type\":\"ImageObject\",\"inLanguage\":\"fr-FR\",\"@id\":\"https:\\\/\\\/www.bio-laurentia.com\\\/index.php\\\/communications\\\/articles-scientifiques\\\/#primaryimage\",\"url\":\"https:\\\/\\\/www.bio-laurentia.com\\\/wp-content\\\/uploads\\\/2026\\\/01\\\/Articles-scientifiques-scaled.jpg\",\"contentUrl\":\"https:\\\/\\\/www.bio-laurentia.com\\\/wp-content\\\/uploads\\\/2026\\\/01\\\/Articles-scientifiques-scaled.jpg\",\"width\":2560,\"height\":1440,\"caption\":\"Phoque commun se r\u00e9chauffant au soleil sur son rocher - Harbour seal warming up in the sun on its rock\"},{\"@type\":\"BreadcrumbList\",\"@id\":\"https:\\\/\\\/www.bio-laurentia.com\\\/index.php\\\/communications\\\/articles-scientifiques\\\/#breadcrumb\",\"itemListElement\":[{\"@type\":\"ListItem\",\"position\":1,\"name\":\"Accueil\",\"item\":\"https:\\\/\\\/www.bio-laurentia.com\\\/\"},{\"@type\":\"ListItem\",\"position\":2,\"name\":\"Communications\",\"item\":\"https:\\\/\\\/www.bio-laurentia.com\\\/index.php\\\/communications\\\/\"},{\"@type\":\"ListItem\",\"position\":3,\"name\":\"Articles scientifiques\"}]},{\"@type\":\"WebSite\",\"@id\":\"https:\\\/\\\/www.bio-laurentia.com\\\/#website\",\"url\":\"https:\\\/\\\/www.bio-laurentia.com\\\/\",\"name\":\"Bio-Laurentia\",\"description\":\"\",\"publisher\":{\"@id\":\"https:\\\/\\\/www.bio-laurentia.com\\\/#organization\"},\"potentialAction\":[{\"@type\":\"SearchAction\",\"target\":{\"@type\":\"EntryPoint\",\"urlTemplate\":\"https:\\\/\\\/www.bio-laurentia.com\\\/?s={search_term_string}\"},\"query-input\":{\"@type\":\"PropertyValueSpecification\",\"valueRequired\":true,\"valueName\":\"search_term_string\"}}],\"inLanguage\":\"fr-FR\"},{\"@type\":\"Organization\",\"@id\":\"https:\\\/\\\/www.bio-laurentia.com\\\/#organization\",\"name\":\"Bio-Laurentia\",\"url\":\"https:\\\/\\\/www.bio-laurentia.com\\\/\",\"logo\":{\"@type\":\"ImageObject\",\"inLanguage\":\"fr-FR\",\"@id\":\"https:\\\/\\\/www.bio-laurentia.com\\\/#\\\/schema\\\/logo\\\/image\\\/\",\"url\":\"https:\\\/\\\/www.bio-laurentia.com\\\/wp-content\\\/uploads\\\/2026\\\/01\\\/Logo-Bio-Laurentia-COULEURS-1-scaled.png\",\"contentUrl\":\"https:\\\/\\\/www.bio-laurentia.com\\\/wp-content\\\/uploads\\\/2026\\\/01\\\/Logo-Bio-Laurentia-COULEURS-1-scaled.png\",\"width\":2560,\"height\":1109,\"caption\":\"Bio-Laurentia\"},\"image\":{\"@id\":\"https:\\\/\\\/www.bio-laurentia.com\\\/#\\\/schema\\\/logo\\\/image\\\/\"}}]}<\/script>\n<!-- \/ Yoast SEO plugin. -->","yoast_head_json":{"title":"Articles Scientifiques Milieux Marins | Bio-Laurentia","description":"Retrouvez tous nos Articles Scientifiques sur les Th\u00e8mes de l'Environnement et de l'Oc\u00e9anographie | Bio-Laurentia : Expert en Milieux Marins","robots":{"index":"index","follow":"follow","max-snippet":"max-snippet:-1","max-image-preview":"max-image-preview:large","max-video-preview":"max-video-preview:-1"},"canonical":"https:\/\/www.bio-laurentia.com\/index.php\/communications\/articles-scientifiques\/","og_locale":"fr_FR","og_type":"article","og_title":"Articles Scientifiques Milieux Marins | Bio-Laurentia","og_description":"Retrouvez tous nos Articles Scientifiques sur les Th\u00e8mes de l'Environnement et de l'Oc\u00e9anographie | Bio-Laurentia : Expert en Milieux Marins","og_url":"https:\/\/www.bio-laurentia.com\/index.php\/communications\/articles-scientifiques\/","og_site_name":"Bio-Laurentia","article_modified_time":"2026-01-23T17:44:09+00:00","og_image":[{"width":2560,"height":1440,"url":"http:\/\/www.bio-laurentia.com\/wp-content\/uploads\/2026\/01\/Articles-scientifiques-scaled.jpg","type":"image\/jpeg"}],"twitter_card":"summary_large_image","twitter_misc":{"Dur\u00e9e de lecture estim\u00e9e":"1 minute"},"schema":{"@context":"https:\/\/schema.org","@graph":[{"@type":"WebPage","@id":"https:\/\/www.bio-laurentia.com\/index.php\/communications\/articles-scientifiques\/","url":"https:\/\/www.bio-laurentia.com\/index.php\/communications\/articles-scientifiques\/","name":"Articles Scientifiques Milieux Marins | Bio-Laurentia","isPartOf":{"@id":"https:\/\/www.bio-laurentia.com\/#website"},"primaryImageOfPage":{"@id":"https:\/\/www.bio-laurentia.com\/index.php\/communications\/articles-scientifiques\/#primaryimage"},"image":{"@id":"https:\/\/www.bio-laurentia.com\/index.php\/communications\/articles-scientifiques\/#primaryimage"},"thumbnailUrl":"https:\/\/www.bio-laurentia.com\/wp-content\/uploads\/2026\/01\/Articles-scientifiques-scaled.jpg","datePublished":"2026-01-12T08:32:01+00:00","dateModified":"2026-01-23T17:44:09+00:00","description":"Retrouvez tous nos Articles Scientifiques sur les Th\u00e8mes de l'Environnement et de l'Oc\u00e9anographie | Bio-Laurentia : Expert en Milieux Marins","breadcrumb":{"@id":"https:\/\/www.bio-laurentia.com\/index.php\/communications\/articles-scientifiques\/#breadcrumb"},"inLanguage":"fr-FR","potentialAction":[{"@type":"ReadAction","target":["https:\/\/www.bio-laurentia.com\/index.php\/communications\/articles-scientifiques\/"]}]},{"@type":"ImageObject","inLanguage":"fr-FR","@id":"https:\/\/www.bio-laurentia.com\/index.php\/communications\/articles-scientifiques\/#primaryimage","url":"https:\/\/www.bio-laurentia.com\/wp-content\/uploads\/2026\/01\/Articles-scientifiques-scaled.jpg","contentUrl":"https:\/\/www.bio-laurentia.com\/wp-content\/uploads\/2026\/01\/Articles-scientifiques-scaled.jpg","width":2560,"height":1440,"caption":"Phoque commun se r\u00e9chauffant au soleil sur son rocher - Harbour seal warming up in the sun on its rock"},{"@type":"BreadcrumbList","@id":"https:\/\/www.bio-laurentia.com\/index.php\/communications\/articles-scientifiques\/#breadcrumb","itemListElement":[{"@type":"ListItem","position":1,"name":"Accueil","item":"https:\/\/www.bio-laurentia.com\/"},{"@type":"ListItem","position":2,"name":"Communications","item":"https:\/\/www.bio-laurentia.com\/index.php\/communications\/"},{"@type":"ListItem","position":3,"name":"Articles scientifiques"}]},{"@type":"WebSite","@id":"https:\/\/www.bio-laurentia.com\/#website","url":"https:\/\/www.bio-laurentia.com\/","name":"Bio-Laurentia","description":"","publisher":{"@id":"https:\/\/www.bio-laurentia.com\/#organization"},"potentialAction":[{"@type":"SearchAction","target":{"@type":"EntryPoint","urlTemplate":"https:\/\/www.bio-laurentia.com\/?s={search_term_string}"},"query-input":{"@type":"PropertyValueSpecification","valueRequired":true,"valueName":"search_term_string"}}],"inLanguage":"fr-FR"},{"@type":"Organization","@id":"https:\/\/www.bio-laurentia.com\/#organization","name":"Bio-Laurentia","url":"https:\/\/www.bio-laurentia.com\/","logo":{"@type":"ImageObject","inLanguage":"fr-FR","@id":"https:\/\/www.bio-laurentia.com\/#\/schema\/logo\/image\/","url":"https:\/\/www.bio-laurentia.com\/wp-content\/uploads\/2026\/01\/Logo-Bio-Laurentia-COULEURS-1-scaled.png","contentUrl":"https:\/\/www.bio-laurentia.com\/wp-content\/uploads\/2026\/01\/Logo-Bio-Laurentia-COULEURS-1-scaled.png","width":2560,"height":1109,"caption":"Bio-Laurentia"},"image":{"@id":"https:\/\/www.bio-laurentia.com\/#\/schema\/logo\/image\/"}}]}},"_links":{"self":[{"href":"https:\/\/www.bio-laurentia.com\/index.php\/wp-json\/wp\/v2\/pages\/41","targetHints":{"allow":["GET"]}}],"collection":[{"href":"https:\/\/www.bio-laurentia.com\/index.php\/wp-json\/wp\/v2\/pages"}],"about":[{"href":"https:\/\/www.bio-laurentia.com\/index.php\/wp-json\/wp\/v2\/types\/page"}],"author":[{"embeddable":true,"href":"https:\/\/www.bio-laurentia.com\/index.php\/wp-json\/wp\/v2\/users\/1"}],"replies":[{"embeddable":true,"href":"https:\/\/www.bio-laurentia.com\/index.php\/wp-json\/wp\/v2\/comments?post=41"}],"version-history":[{"count":8,"href":"https:\/\/www.bio-laurentia.com\/index.php\/wp-json\/wp\/v2\/pages\/41\/revisions"}],"predecessor-version":[{"id":916,"href":"https:\/\/www.bio-laurentia.com\/index.php\/wp-json\/wp\/v2\/pages\/41\/revisions\/916"}],"up":[{"embeddable":true,"href":"https:\/\/www.bio-laurentia.com\/index.php\/wp-json\/wp\/v2\/pages\/18"}],"wp:featuredmedia":[{"embeddable":true,"href":"https:\/\/www.bio-laurentia.com\/index.php\/wp-json\/wp\/v2\/media\/329"}],"wp:attachment":[{"href":"https:\/\/www.bio-laurentia.com\/index.php\/wp-json\/wp\/v2\/media?parent=41"}],"curies":[{"name":"wp","href":"https:\/\/api.w.org\/{rel}","templated":true}]}}