{"id":47,"date":"2026-01-12T08:33:48","date_gmt":"2026-01-12T08:33:48","guid":{"rendered":"https:\/\/www.bio-laurentia.com\/?page_id=47"},"modified":"2026-01-23T17:46:36","modified_gmt":"2026-01-23T17:46:36","slug":"posters","status":"publish","type":"page","link":"https:\/\/www.bio-laurentia.com\/index.php\/communications\/posters\/","title":{"rendered":"Posters"},"content":{"rendered":"\n<div class=\"wp-block-group has-theme-palette-7-background-color has-background\" style=\"border-top-left-radius:20px;border-top-right-radius:20px;border-bottom-left-radius:20px;border-bottom-right-radius:20px\"><div class=\"wp-block-group__inner-container is-layout-constrained wp-block-group-is-layout-constrained\">\n<p>Depuis la cr\u00e9ation de Bio-Laurentia, nous avons toujours d\u00e9velopp\u00e9 des probl\u00e9matiques de recherche fondamentale afin d\u2019\u00e9toffer les connaissances sur des esp\u00e8ces rares, mieux comprendre des esp\u00e8ces d\u00e9j\u00e0 \u00e9tudi\u00e9es, et donc mieux pr\u00e9server l\u2019\u00e9cosyst\u00e8me marin.<\/p>\n\n\n\n<p>Bio-Laurentia est aujourd\u2019hui associ\u00e9 avec plusieurs partenaires scientifiques publiques et priv\u00e9s sur des projets d\u2019acquisition de connaissances. Ces projets sont \u00e9galement l\u2019occasion d\u2019associer des partenaires universitaires, et de contribuer ainsi \u00e0 la formation d\u2019\u00e9tudiants en second cycle.<\/p>\n<\/div><\/div>\n\n\n\n<h2 class=\"wp-block-heading has-text-align-center\">Les m\u00e9moires et th\u00e8ses<\/h2>\n\n\n\n<table id=\"tablepress-3\" class=\"tablepress tablepress-id-3\">\n<thead>\n<tr class=\"row-1\">\n\t<th class=\"column-1\">ANN\u00c9E<\/th><th class=\"column-2\">TITRE<\/th><th class=\"column-3\">AUTEURS<\/th><th class=\"column-4\">CONGR\u00c8S<\/th>\n<\/tr>\n<\/thead>\n<tbody class=\"row-striping row-hover\">\n<tr class=\"row-2\">\n\t<td class=\"column-1\">2025<\/td><td class=\"column-2\">\u00c9valuation in situ des facteurs de stress prioritaires sur les moules d&rsquo;eau douce: Implications pour la conservation et la gestion<\/td><td class=\"column-3\">B. de Montgolfier, L. Savard, S. Jacques, R. L\u00e9ger-Daigle, G. Durier, R. Tremblay, H-F Ellefsen<\/td><td class=\"column-4\">RAQ, Qu\u00e9bec, novembre 2025<\/td>\n<\/tr>\n<tr class=\"row-3\">\n\t<td class=\"column-1\">2025<\/td><td class=\"column-2\">Can eDNA be a decision support for sea turtle nesting monitoring<\/td><td class=\"column-3\">J-L Langel, E. Fraboulet, El M. Bendif, R. Tremblay, B. de Montgolfier<\/td><td class=\"column-4\">AquaEcomic<\/td>\n<\/tr>\n<tr class=\"row-4\">\n\t<td class=\"column-1\">2024<\/td><td class=\"column-2\">Caract\u00e9risation \u00e9tho-acoustique de l&rsquo;esturgeon jaune<\/td><td class=\"column-3\">B. de Montgolfier, M. Rivolet, M. Poupard, M-P Lessart, H-F Ellefsen, M. Mingelbier, C. Chion<\/td><td class=\"column-4\">RAQ, Qu\u00e9bec, octobre 2025<\/td>\n<\/tr>\n<\/tbody>\n<\/table>\n<!-- #tablepress-3 from cache -->","protected":false},"excerpt":{"rendered":"<p>Depuis la cr\u00e9ation de Bio-Laurentia, nous avons toujours d\u00e9velopp\u00e9 des probl\u00e9matiques de recherche fondamentale afin d\u2019\u00e9toffer les connaissances sur des esp\u00e8ces rares, mieux comprendre des esp\u00e8ces d\u00e9j\u00e0 \u00e9tudi\u00e9es, et donc mieux pr\u00e9server l\u2019\u00e9cosyst\u00e8me marin. Bio-Laurentia est aujourd\u2019hui associ\u00e9 avec plusieurs partenaires scientifiques publiques et priv\u00e9s sur des projets d\u2019acquisition de connaissances. Ces projets sont \u00e9galement&#8230;<\/p>\n","protected":false},"author":1,"featured_media":339,"parent":18,"menu_order":29,"comment_status":"closed","ping_status":"closed","template":"","meta":{"inline_featured_image":false,"_kad_post_transparent":"","_kad_post_title":"","_kad_post_layout":"","_kad_post_sidebar_id":"","_kad_post_content_style":"","_kad_post_vertical_padding":"","_kad_post_feature":"","_kad_post_feature_position":"","_kad_post_header":false,"_kad_post_footer":false,"_kad_post_classname":"","footnotes":""},"class_list":["post-47","page","type-page","status-publish","has-post-thumbnail","hentry"],"yoast_head":"<!-- This site is optimized with the Yoast SEO plugin v27.4 - https:\/\/yoast.com\/product\/yoast-seo-wordpress\/ -->\n<title>Posters Scientifiques Milieux Marins | Bio Laurentia<\/title>\n<meta name=\"description\" content=\"Retrouvez tous nos Posters Scientifiques sur les Th\u00e8mes de l&#039;Environnement et de l&#039;Oc\u00e9anographie | Bio-Laurentia : Expert en Milieux Marins\" \/>\n<meta name=\"robots\" content=\"index, follow, max-snippet:-1, max-image-preview:large, max-video-preview:-1\" \/>\n<link rel=\"canonical\" href=\"https:\/\/www.bio-laurentia.com\/index.php\/communications\/posters\/\" \/>\n<meta property=\"og:locale\" content=\"fr_FR\" \/>\n<meta property=\"og:type\" content=\"article\" \/>\n<meta property=\"og:title\" content=\"Posters Scientifiques Milieux Marins | Bio Laurentia\" \/>\n<meta property=\"og:description\" content=\"Retrouvez tous nos Posters Scientifiques sur les Th\u00e8mes de l&#039;Environnement et de l&#039;Oc\u00e9anographie | Bio-Laurentia : Expert en Milieux Marins\" \/>\n<meta property=\"og:url\" content=\"https:\/\/www.bio-laurentia.com\/index.php\/communications\/posters\/\" \/>\n<meta property=\"og:site_name\" content=\"Bio-Laurentia\" \/>\n<meta property=\"article:modified_time\" content=\"2026-01-23T17:46:36+00:00\" \/>\n<meta property=\"og:image\" content=\"http:\/\/www.bio-laurentia.com\/wp-content\/uploads\/2026\/01\/Posters-scaled.jpg\" \/>\n\t<meta property=\"og:image:width\" content=\"2560\" \/>\n\t<meta property=\"og:image:height\" content=\"1440\" \/>\n\t<meta property=\"og:image:type\" content=\"image\/jpeg\" \/>\n<meta name=\"twitter:card\" content=\"summary_large_image\" \/>\n<meta name=\"twitter:label1\" content=\"Dur\u00e9e de lecture estim\u00e9e\" \/>\n\t<meta name=\"twitter:data1\" content=\"1 minute\" \/>\n<script type=\"application\/ld+json\" class=\"yoast-schema-graph\">{\"@context\":\"https:\\\/\\\/schema.org\",\"@graph\":[{\"@type\":\"WebPage\",\"@id\":\"https:\\\/\\\/www.bio-laurentia.com\\\/index.php\\\/communications\\\/posters\\\/\",\"url\":\"https:\\\/\\\/www.bio-laurentia.com\\\/index.php\\\/communications\\\/posters\\\/\",\"name\":\"Posters Scientifiques Milieux Marins | Bio Laurentia\",\"isPartOf\":{\"@id\":\"https:\\\/\\\/www.bio-laurentia.com\\\/#website\"},\"primaryImageOfPage\":{\"@id\":\"https:\\\/\\\/www.bio-laurentia.com\\\/index.php\\\/communications\\\/posters\\\/#primaryimage\"},\"image\":{\"@id\":\"https:\\\/\\\/www.bio-laurentia.com\\\/index.php\\\/communications\\\/posters\\\/#primaryimage\"},\"thumbnailUrl\":\"https:\\\/\\\/www.bio-laurentia.com\\\/wp-content\\\/uploads\\\/2026\\\/01\\\/Posters-scaled.jpg\",\"datePublished\":\"2026-01-12T08:33:48+00:00\",\"dateModified\":\"2026-01-23T17:46:36+00:00\",\"description\":\"Retrouvez tous nos Posters Scientifiques sur les Th\u00e8mes de l'Environnement et de l'Oc\u00e9anographie | Bio-Laurentia : Expert en Milieux Marins\",\"breadcrumb\":{\"@id\":\"https:\\\/\\\/www.bio-laurentia.com\\\/index.php\\\/communications\\\/posters\\\/#breadcrumb\"},\"inLanguage\":\"fr-FR\",\"potentialAction\":[{\"@type\":\"ReadAction\",\"target\":[\"https:\\\/\\\/www.bio-laurentia.com\\\/index.php\\\/communications\\\/posters\\\/\"]}]},{\"@type\":\"ImageObject\",\"inLanguage\":\"fr-FR\",\"@id\":\"https:\\\/\\\/www.bio-laurentia.com\\\/index.php\\\/communications\\\/posters\\\/#primaryimage\",\"url\":\"https:\\\/\\\/www.bio-laurentia.com\\\/wp-content\\\/uploads\\\/2026\\\/01\\\/Posters-scaled.jpg\",\"contentUrl\":\"https:\\\/\\\/www.bio-laurentia.com\\\/wp-content\\\/uploads\\\/2026\\\/01\\\/Posters-scaled.jpg\",\"width\":2560,\"height\":1440,\"caption\":\"Coucher de soleil au Parc du Bic - Sunset at Parc du Bic\"},{\"@type\":\"BreadcrumbList\",\"@id\":\"https:\\\/\\\/www.bio-laurentia.com\\\/index.php\\\/communications\\\/posters\\\/#breadcrumb\",\"itemListElement\":[{\"@type\":\"ListItem\",\"position\":1,\"name\":\"Accueil\",\"item\":\"https:\\\/\\\/www.bio-laurentia.com\\\/\"},{\"@type\":\"ListItem\",\"position\":2,\"name\":\"Communications\",\"item\":\"https:\\\/\\\/www.bio-laurentia.com\\\/index.php\\\/communications\\\/\"},{\"@type\":\"ListItem\",\"position\":3,\"name\":\"Posters\"}]},{\"@type\":\"WebSite\",\"@id\":\"https:\\\/\\\/www.bio-laurentia.com\\\/#website\",\"url\":\"https:\\\/\\\/www.bio-laurentia.com\\\/\",\"name\":\"Bio-Laurentia\",\"description\":\"\",\"publisher\":{\"@id\":\"https:\\\/\\\/www.bio-laurentia.com\\\/#organization\"},\"potentialAction\":[{\"@type\":\"SearchAction\",\"target\":{\"@type\":\"EntryPoint\",\"urlTemplate\":\"https:\\\/\\\/www.bio-laurentia.com\\\/?s={search_term_string}\"},\"query-input\":{\"@type\":\"PropertyValueSpecification\",\"valueRequired\":true,\"valueName\":\"search_term_string\"}}],\"inLanguage\":\"fr-FR\"},{\"@type\":\"Organization\",\"@id\":\"https:\\\/\\\/www.bio-laurentia.com\\\/#organization\",\"name\":\"Bio-Laurentia\",\"url\":\"https:\\\/\\\/www.bio-laurentia.com\\\/\",\"logo\":{\"@type\":\"ImageObject\",\"inLanguage\":\"fr-FR\",\"@id\":\"https:\\\/\\\/www.bio-laurentia.com\\\/#\\\/schema\\\/logo\\\/image\\\/\",\"url\":\"https:\\\/\\\/www.bio-laurentia.com\\\/wp-content\\\/uploads\\\/2026\\\/01\\\/Logo-Bio-Laurentia-COULEURS-1-scaled.png\",\"contentUrl\":\"https:\\\/\\\/www.bio-laurentia.com\\\/wp-content\\\/uploads\\\/2026\\\/01\\\/Logo-Bio-Laurentia-COULEURS-1-scaled.png\",\"width\":2560,\"height\":1109,\"caption\":\"Bio-Laurentia\"},\"image\":{\"@id\":\"https:\\\/\\\/www.bio-laurentia.com\\\/#\\\/schema\\\/logo\\\/image\\\/\"}}]}<\/script>\n<!-- \/ Yoast SEO plugin. -->","yoast_head_json":{"title":"Posters Scientifiques Milieux Marins | Bio Laurentia","description":"Retrouvez tous nos Posters Scientifiques sur les Th\u00e8mes de l'Environnement et de l'Oc\u00e9anographie | Bio-Laurentia : Expert en Milieux Marins","robots":{"index":"index","follow":"follow","max-snippet":"max-snippet:-1","max-image-preview":"max-image-preview:large","max-video-preview":"max-video-preview:-1"},"canonical":"https:\/\/www.bio-laurentia.com\/index.php\/communications\/posters\/","og_locale":"fr_FR","og_type":"article","og_title":"Posters Scientifiques Milieux Marins | Bio Laurentia","og_description":"Retrouvez tous nos Posters Scientifiques sur les Th\u00e8mes de l'Environnement et de l'Oc\u00e9anographie | Bio-Laurentia : Expert en Milieux Marins","og_url":"https:\/\/www.bio-laurentia.com\/index.php\/communications\/posters\/","og_site_name":"Bio-Laurentia","article_modified_time":"2026-01-23T17:46:36+00:00","og_image":[{"width":2560,"height":1440,"url":"http:\/\/www.bio-laurentia.com\/wp-content\/uploads\/2026\/01\/Posters-scaled.jpg","type":"image\/jpeg"}],"twitter_card":"summary_large_image","twitter_misc":{"Dur\u00e9e de lecture estim\u00e9e":"1 minute"},"schema":{"@context":"https:\/\/schema.org","@graph":[{"@type":"WebPage","@id":"https:\/\/www.bio-laurentia.com\/index.php\/communications\/posters\/","url":"https:\/\/www.bio-laurentia.com\/index.php\/communications\/posters\/","name":"Posters Scientifiques Milieux Marins | Bio Laurentia","isPartOf":{"@id":"https:\/\/www.bio-laurentia.com\/#website"},"primaryImageOfPage":{"@id":"https:\/\/www.bio-laurentia.com\/index.php\/communications\/posters\/#primaryimage"},"image":{"@id":"https:\/\/www.bio-laurentia.com\/index.php\/communications\/posters\/#primaryimage"},"thumbnailUrl":"https:\/\/www.bio-laurentia.com\/wp-content\/uploads\/2026\/01\/Posters-scaled.jpg","datePublished":"2026-01-12T08:33:48+00:00","dateModified":"2026-01-23T17:46:36+00:00","description":"Retrouvez tous nos Posters Scientifiques sur les Th\u00e8mes de l'Environnement et de l'Oc\u00e9anographie | Bio-Laurentia : Expert en Milieux Marins","breadcrumb":{"@id":"https:\/\/www.bio-laurentia.com\/index.php\/communications\/posters\/#breadcrumb"},"inLanguage":"fr-FR","potentialAction":[{"@type":"ReadAction","target":["https:\/\/www.bio-laurentia.com\/index.php\/communications\/posters\/"]}]},{"@type":"ImageObject","inLanguage":"fr-FR","@id":"https:\/\/www.bio-laurentia.com\/index.php\/communications\/posters\/#primaryimage","url":"https:\/\/www.bio-laurentia.com\/wp-content\/uploads\/2026\/01\/Posters-scaled.jpg","contentUrl":"https:\/\/www.bio-laurentia.com\/wp-content\/uploads\/2026\/01\/Posters-scaled.jpg","width":2560,"height":1440,"caption":"Coucher de soleil au Parc du Bic - Sunset at Parc du Bic"},{"@type":"BreadcrumbList","@id":"https:\/\/www.bio-laurentia.com\/index.php\/communications\/posters\/#breadcrumb","itemListElement":[{"@type":"ListItem","position":1,"name":"Accueil","item":"https:\/\/www.bio-laurentia.com\/"},{"@type":"ListItem","position":2,"name":"Communications","item":"https:\/\/www.bio-laurentia.com\/index.php\/communications\/"},{"@type":"ListItem","position":3,"name":"Posters"}]},{"@type":"WebSite","@id":"https:\/\/www.bio-laurentia.com\/#website","url":"https:\/\/www.bio-laurentia.com\/","name":"Bio-Laurentia","description":"","publisher":{"@id":"https:\/\/www.bio-laurentia.com\/#organization"},"potentialAction":[{"@type":"SearchAction","target":{"@type":"EntryPoint","urlTemplate":"https:\/\/www.bio-laurentia.com\/?s={search_term_string}"},"query-input":{"@type":"PropertyValueSpecification","valueRequired":true,"valueName":"search_term_string"}}],"inLanguage":"fr-FR"},{"@type":"Organization","@id":"https:\/\/www.bio-laurentia.com\/#organization","name":"Bio-Laurentia","url":"https:\/\/www.bio-laurentia.com\/","logo":{"@type":"ImageObject","inLanguage":"fr-FR","@id":"https:\/\/www.bio-laurentia.com\/#\/schema\/logo\/image\/","url":"https:\/\/www.bio-laurentia.com\/wp-content\/uploads\/2026\/01\/Logo-Bio-Laurentia-COULEURS-1-scaled.png","contentUrl":"https:\/\/www.bio-laurentia.com\/wp-content\/uploads\/2026\/01\/Logo-Bio-Laurentia-COULEURS-1-scaled.png","width":2560,"height":1109,"caption":"Bio-Laurentia"},"image":{"@id":"https:\/\/www.bio-laurentia.com\/#\/schema\/logo\/image\/"}}]}},"_links":{"self":[{"href":"https:\/\/www.bio-laurentia.com\/index.php\/wp-json\/wp\/v2\/pages\/47","targetHints":{"allow":["GET"]}}],"collection":[{"href":"https:\/\/www.bio-laurentia.com\/index.php\/wp-json\/wp\/v2\/pages"}],"about":[{"href":"https:\/\/www.bio-laurentia.com\/index.php\/wp-json\/wp\/v2\/types\/page"}],"author":[{"embeddable":true,"href":"https:\/\/www.bio-laurentia.com\/index.php\/wp-json\/wp\/v2\/users\/1"}],"replies":[{"embeddable":true,"href":"https:\/\/www.bio-laurentia.com\/index.php\/wp-json\/wp\/v2\/comments?post=47"}],"version-history":[{"count":3,"href":"https:\/\/www.bio-laurentia.com\/index.php\/wp-json\/wp\/v2\/pages\/47\/revisions"}],"predecessor-version":[{"id":920,"href":"https:\/\/www.bio-laurentia.com\/index.php\/wp-json\/wp\/v2\/pages\/47\/revisions\/920"}],"up":[{"embeddable":true,"href":"https:\/\/www.bio-laurentia.com\/index.php\/wp-json\/wp\/v2\/pages\/18"}],"wp:featuredmedia":[{"embeddable":true,"href":"https:\/\/www.bio-laurentia.com\/index.php\/wp-json\/wp\/v2\/media\/339"}],"wp:attachment":[{"href":"https:\/\/www.bio-laurentia.com\/index.php\/wp-json\/wp\/v2\/media?parent=47"}],"curies":[{"name":"wp","href":"https:\/\/api.w.org\/{rel}","templated":true}]}}