{"id":49,"date":"2026-01-12T08:34:26","date_gmt":"2026-01-12T08:34:26","guid":{"rendered":"https:\/\/www.bio-laurentia.com\/?page_id=49"},"modified":"2026-01-23T17:47:12","modified_gmt":"2026-01-23T17:47:12","slug":"rapports-memoires-livres","status":"publish","type":"page","link":"https:\/\/www.bio-laurentia.com\/index.php\/communications\/rapports-memoires-livres\/","title":{"rendered":"Rapports, m\u00e9moires, livres"},"content":{"rendered":"\n<div class=\"wp-block-group has-theme-palette-7-background-color has-background\" style=\"border-top-left-radius:20px;border-top-right-radius:20px;border-bottom-left-radius:20px;border-bottom-right-radius:20px\"><div class=\"wp-block-group__inner-container is-layout-constrained wp-block-group-is-layout-constrained\">\n<p>Depuis la cr\u00e9ation de Bio-Laurentia, nous avons toujours d\u00e9velopp\u00e9 des probl\u00e9matiques de recherche fondamentale afin d\u2019\u00e9toffer les connaissances sur des esp\u00e8ces rares, mieux comprendre des esp\u00e8ces d\u00e9j\u00e0 \u00e9tudi\u00e9es, et donc mieux pr\u00e9server l\u2019\u00e9cosyst\u00e8me marin.<\/p>\n\n\n\n<p>Bio-Laurentia est aujourd\u2019hui associ\u00e9 avec plusieurs partenaires scientifiques publiques et priv\u00e9s sur des projets d\u2019acquisition de connaissances. Ces projets sont \u00e9galement l\u2019occasion d\u2019associer des partenaires universitaires, et de contribuer ainsi \u00e0 la formation d\u2019\u00e9tudiants en second cycle.<\/p>\n<\/div><\/div>\n\n\n\n<h2 class=\"wp-block-heading has-text-align-center\">Nos rapports<\/h2>\n\n\n\n<table id=\"tablepress-4\" class=\"tablepress tablepress-id-4\">\n<thead>\n<tr class=\"row-1\">\n\t<th class=\"column-1\">Ann\u00e9e<\/th><th class=\"column-2\">Auteurs<\/th><th class=\"column-3\">Titre<\/th><th class=\"column-4\">Nbre de pages<\/th><th class=\"column-5\">Client<\/th><th class=\"column-6\">Zone<\/th>\n<\/tr>\n<\/thead>\n<tbody class=\"row-striping row-hover\">\n<tr class=\"row-2\">\n\t<td class=\"column-1\">2023<\/td><td class=\"column-2\">Safi M., Vachon N., Valin C., Bellego A., Audet C., de Montgolfier B.<\/td><td class=\"column-3\">\u00c9valuation de l\u2019invasion du poisson-lion dans les eaux de la Martinique apr\u00e8s la mise en place de mesures de lutte.<\/td><td class=\"column-4\">85<\/td><td class=\"column-5\">Office de l&rsquo;eau de Martinique<\/td><td class=\"column-6\">Cara\u00efbe<\/td>\n<\/tr>\n<tr class=\"row-3\">\n\t<td class=\"column-1\">2024<\/td><td class=\"column-2\">Poupard  Marion, Laurent S\u00e9r\u00e9na, Ortol\u00e9 C\u00e9lia, Valin C\u00e9line, Safi Morjane, de Montgolfier Benjamin<\/td><td class=\"column-3\">Utilisation de l\u2019habitat par les populations de c\u00e9tac\u00e9s, caract\u00e9risation acoustique de leur environnement &#8211; Impacts anthropiques acoustiques et risque de collision.<\/td><td class=\"column-4\">64<\/td><td class=\"column-5\">Grand Port Maritime de la Martinique<\/td><td class=\"column-6\">Cara\u00efbe<\/td>\n<\/tr>\n<tr class=\"row-4\">\n\t<td class=\"column-1\">2024<\/td><td class=\"column-2\">Safi  Morjane, Ortol\u00e9 C\u00e9lia, de Montgolfier Benjamin<\/td><td class=\"column-3\">Suivi des populations de tortues marines en ponte sur la plage de Madiana (Schoelcher, Martinique).<\/td><td class=\"column-4\">25<\/td><td class=\"column-5\">Orange SA<\/td><td class=\"column-6\">Cara\u00efbe<\/td>\n<\/tr>\n<tr class=\"row-5\">\n\t<td class=\"column-1\">2024<\/td><td class=\"column-2\">de Montgolfier  Benjamin, Ortol\u00e9 C\u00e9lia, Riou Manon, Morissette Lyne<\/td><td class=\"column-3\">\u00c9tat de pr\u00e9sence de la baleine noire de l\u2019Atlantique Nord en zone c\u00f4ti\u00e8re dans la Baie des Chaleurs \u2013 \u00e9t\u00e9 2023<\/td><td class=\"column-4\">26<\/td><td class=\"column-5\">RPPSG<\/td><td class=\"column-6\">Cara\u00efbe<\/td>\n<\/tr>\n<tr class=\"row-6\">\n\t<td class=\"column-1\">2025<\/td><td class=\"column-2\">Ortol\u00e9  C\u00e9lia, Safi Morjane, de Montgolfier Benjamin<\/td><td class=\"column-3\">Suivi des populations de tortues marines en ponte sur la plage de Madiana (Schoelcher, Martinique).<\/td><td class=\"column-4\">31<\/td><td class=\"column-5\">Orange SA<\/td><td class=\"column-6\">Cara\u00efbe<\/td>\n<\/tr>\n<tr class=\"row-7\">\n\t<td class=\"column-1\">2025<\/td><td class=\"column-2\">de Montgolfier Benjamin<\/td><td class=\"column-3\">\u00c9valuation de l&rsquo;impact des s\u00e9diments d\u00e9pos\u00e9s dans le lac St-Pierre<\/td><td class=\"column-4\">29<\/td><td class=\"column-5\">Groupement Forestier du Grand Portage<\/td><td class=\"column-6\">Qu\u00e9bec<\/td>\n<\/tr>\n<tr class=\"row-8\">\n\t<td class=\"column-1\">2025<\/td><td class=\"column-2\">de Montgolfier Benjamin, Rivolet Marine<\/td><td class=\"column-3\">Analyse des donn\u00e9es sur l&rsquo;impact des moules envahissantes sur l&rsquo;obovarie oliv\u00e2tre<\/td><td class=\"column-4\">56<\/td><td class=\"column-5\">Minist\u00e8re P\u00eache et Oc\u00e9ans Canada<\/td><td class=\"column-6\">Qu\u00e9bec<\/td>\n<\/tr>\n<\/tbody>\n<\/table>\n<!-- #tablepress-4 from cache -->","protected":false},"excerpt":{"rendered":"<p>Depuis la cr\u00e9ation de Bio-Laurentia, nous avons toujours d\u00e9velopp\u00e9 des probl\u00e9matiques de recherche fondamentale afin d\u2019\u00e9toffer les connaissances sur des esp\u00e8ces rares, mieux comprendre des esp\u00e8ces d\u00e9j\u00e0 \u00e9tudi\u00e9es, et donc mieux pr\u00e9server l\u2019\u00e9cosyst\u00e8me marin. Bio-Laurentia est aujourd\u2019hui associ\u00e9 avec plusieurs partenaires scientifiques publiques et priv\u00e9s sur des projets d\u2019acquisition de connaissances. Ces projets sont \u00e9galement&#8230;<\/p>\n","protected":false},"author":1,"featured_media":755,"parent":18,"menu_order":31,"comment_status":"closed","ping_status":"closed","template":"","meta":{"inline_featured_image":false,"_kad_post_transparent":"","_kad_post_title":"","_kad_post_layout":"","_kad_post_sidebar_id":"","_kad_post_content_style":"","_kad_post_vertical_padding":"","_kad_post_feature":"","_kad_post_feature_position":"","_kad_post_header":false,"_kad_post_footer":false,"_kad_post_classname":"","footnotes":""},"class_list":["post-49","page","type-page","status-publish","has-post-thumbnail","hentry"],"yoast_head":"<!-- This site is optimized with the Yoast SEO plugin v27.4 - https:\/\/yoast.com\/product\/yoast-seo-wordpress\/ -->\n<title>Rapports Scientifiques | Environnement et Milieux Marins<\/title>\n<meta name=\"description\" content=\"Retrouvez tous nos Rapports, M\u00e9moires et Livres Scientifiques | Bio-Laurentia : Expert en Milieux Marins &amp; Environnement\" \/>\n<meta name=\"robots\" content=\"index, follow, max-snippet:-1, max-image-preview:large, max-video-preview:-1\" \/>\n<link rel=\"canonical\" href=\"https:\/\/www.bio-laurentia.com\/index.php\/communications\/rapports-memoires-livres\/\" \/>\n<meta property=\"og:locale\" content=\"fr_FR\" \/>\n<meta property=\"og:type\" content=\"article\" \/>\n<meta property=\"og:title\" content=\"Rapports Scientifiques | Environnement et Milieux Marins\" \/>\n<meta property=\"og:description\" content=\"Retrouvez tous nos Rapports, M\u00e9moires et Livres Scientifiques | Bio-Laurentia : Expert en Milieux Marins &amp; Environnement\" \/>\n<meta property=\"og:url\" content=\"https:\/\/www.bio-laurentia.com\/index.php\/communications\/rapports-memoires-livres\/\" \/>\n<meta property=\"og:site_name\" content=\"Bio-Laurentia\" \/>\n<meta property=\"article:modified_time\" content=\"2026-01-23T17:47:12+00:00\" \/>\n<meta property=\"og:image\" content=\"http:\/\/www.bio-laurentia.com\/wp-content\/uploads\/2026\/01\/Rapports-2-scaled.jpg\" \/>\n\t<meta property=\"og:image:width\" content=\"2560\" \/>\n\t<meta property=\"og:image:height\" content=\"1440\" \/>\n\t<meta property=\"og:image:type\" content=\"image\/jpeg\" \/>\n<meta name=\"twitter:card\" content=\"summary_large_image\" \/>\n<meta name=\"twitter:label1\" content=\"Dur\u00e9e de lecture estim\u00e9e\" \/>\n\t<meta name=\"twitter:data1\" content=\"1 minute\" \/>\n<script type=\"application\/ld+json\" class=\"yoast-schema-graph\">{\"@context\":\"https:\\\/\\\/schema.org\",\"@graph\":[{\"@type\":\"WebPage\",\"@id\":\"https:\\\/\\\/www.bio-laurentia.com\\\/index.php\\\/communications\\\/rapports-memoires-livres\\\/\",\"url\":\"https:\\\/\\\/www.bio-laurentia.com\\\/index.php\\\/communications\\\/rapports-memoires-livres\\\/\",\"name\":\"Rapports Scientifiques | Environnement et Milieux Marins\",\"isPartOf\":{\"@id\":\"https:\\\/\\\/www.bio-laurentia.com\\\/#website\"},\"primaryImageOfPage\":{\"@id\":\"https:\\\/\\\/www.bio-laurentia.com\\\/index.php\\\/communications\\\/rapports-memoires-livres\\\/#primaryimage\"},\"image\":{\"@id\":\"https:\\\/\\\/www.bio-laurentia.com\\\/index.php\\\/communications\\\/rapports-memoires-livres\\\/#primaryimage\"},\"thumbnailUrl\":\"https:\\\/\\\/www.bio-laurentia.com\\\/wp-content\\\/uploads\\\/2026\\\/01\\\/Rapports-2-scaled.jpg\",\"datePublished\":\"2026-01-12T08:34:26+00:00\",\"dateModified\":\"2026-01-23T17:47:12+00:00\",\"description\":\"Retrouvez tous nos Rapports, M\u00e9moires et Livres Scientifiques | Bio-Laurentia : Expert en Milieux Marins & Environnement\",\"breadcrumb\":{\"@id\":\"https:\\\/\\\/www.bio-laurentia.com\\\/index.php\\\/communications\\\/rapports-memoires-livres\\\/#breadcrumb\"},\"inLanguage\":\"fr-FR\",\"potentialAction\":[{\"@type\":\"ReadAction\",\"target\":[\"https:\\\/\\\/www.bio-laurentia.com\\\/index.php\\\/communications\\\/rapports-memoires-livres\\\/\"]}]},{\"@type\":\"ImageObject\",\"inLanguage\":\"fr-FR\",\"@id\":\"https:\\\/\\\/www.bio-laurentia.com\\\/index.php\\\/communications\\\/rapports-memoires-livres\\\/#primaryimage\",\"url\":\"https:\\\/\\\/www.bio-laurentia.com\\\/wp-content\\\/uploads\\\/2026\\\/01\\\/Rapports-2-scaled.jpg\",\"contentUrl\":\"https:\\\/\\\/www.bio-laurentia.com\\\/wp-content\\\/uploads\\\/2026\\\/01\\\/Rapports-2-scaled.jpg\",\"width\":2560,\"height\":1440},{\"@type\":\"BreadcrumbList\",\"@id\":\"https:\\\/\\\/www.bio-laurentia.com\\\/index.php\\\/communications\\\/rapports-memoires-livres\\\/#breadcrumb\",\"itemListElement\":[{\"@type\":\"ListItem\",\"position\":1,\"name\":\"Accueil\",\"item\":\"https:\\\/\\\/www.bio-laurentia.com\\\/\"},{\"@type\":\"ListItem\",\"position\":2,\"name\":\"Communications\",\"item\":\"https:\\\/\\\/www.bio-laurentia.com\\\/index.php\\\/communications\\\/\"},{\"@type\":\"ListItem\",\"position\":3,\"name\":\"Rapports, m\u00e9moires, livres\"}]},{\"@type\":\"WebSite\",\"@id\":\"https:\\\/\\\/www.bio-laurentia.com\\\/#website\",\"url\":\"https:\\\/\\\/www.bio-laurentia.com\\\/\",\"name\":\"Bio-Laurentia\",\"description\":\"\",\"publisher\":{\"@id\":\"https:\\\/\\\/www.bio-laurentia.com\\\/#organization\"},\"potentialAction\":[{\"@type\":\"SearchAction\",\"target\":{\"@type\":\"EntryPoint\",\"urlTemplate\":\"https:\\\/\\\/www.bio-laurentia.com\\\/?s={search_term_string}\"},\"query-input\":{\"@type\":\"PropertyValueSpecification\",\"valueRequired\":true,\"valueName\":\"search_term_string\"}}],\"inLanguage\":\"fr-FR\"},{\"@type\":\"Organization\",\"@id\":\"https:\\\/\\\/www.bio-laurentia.com\\\/#organization\",\"name\":\"Bio-Laurentia\",\"url\":\"https:\\\/\\\/www.bio-laurentia.com\\\/\",\"logo\":{\"@type\":\"ImageObject\",\"inLanguage\":\"fr-FR\",\"@id\":\"https:\\\/\\\/www.bio-laurentia.com\\\/#\\\/schema\\\/logo\\\/image\\\/\",\"url\":\"https:\\\/\\\/www.bio-laurentia.com\\\/wp-content\\\/uploads\\\/2026\\\/01\\\/Logo-Bio-Laurentia-COULEURS-1-scaled.png\",\"contentUrl\":\"https:\\\/\\\/www.bio-laurentia.com\\\/wp-content\\\/uploads\\\/2026\\\/01\\\/Logo-Bio-Laurentia-COULEURS-1-scaled.png\",\"width\":2560,\"height\":1109,\"caption\":\"Bio-Laurentia\"},\"image\":{\"@id\":\"https:\\\/\\\/www.bio-laurentia.com\\\/#\\\/schema\\\/logo\\\/image\\\/\"}}]}<\/script>\n<!-- \/ Yoast SEO plugin. -->","yoast_head_json":{"title":"Rapports Scientifiques | Environnement et Milieux Marins","description":"Retrouvez tous nos Rapports, M\u00e9moires et Livres Scientifiques | Bio-Laurentia : Expert en Milieux Marins & Environnement","robots":{"index":"index","follow":"follow","max-snippet":"max-snippet:-1","max-image-preview":"max-image-preview:large","max-video-preview":"max-video-preview:-1"},"canonical":"https:\/\/www.bio-laurentia.com\/index.php\/communications\/rapports-memoires-livres\/","og_locale":"fr_FR","og_type":"article","og_title":"Rapports Scientifiques | Environnement et Milieux Marins","og_description":"Retrouvez tous nos Rapports, M\u00e9moires et Livres Scientifiques | Bio-Laurentia : Expert en Milieux Marins & Environnement","og_url":"https:\/\/www.bio-laurentia.com\/index.php\/communications\/rapports-memoires-livres\/","og_site_name":"Bio-Laurentia","article_modified_time":"2026-01-23T17:47:12+00:00","og_image":[{"width":2560,"height":1440,"url":"http:\/\/www.bio-laurentia.com\/wp-content\/uploads\/2026\/01\/Rapports-2-scaled.jpg","type":"image\/jpeg"}],"twitter_card":"summary_large_image","twitter_misc":{"Dur\u00e9e de lecture estim\u00e9e":"1 minute"},"schema":{"@context":"https:\/\/schema.org","@graph":[{"@type":"WebPage","@id":"https:\/\/www.bio-laurentia.com\/index.php\/communications\/rapports-memoires-livres\/","url":"https:\/\/www.bio-laurentia.com\/index.php\/communications\/rapports-memoires-livres\/","name":"Rapports Scientifiques | Environnement et Milieux Marins","isPartOf":{"@id":"https:\/\/www.bio-laurentia.com\/#website"},"primaryImageOfPage":{"@id":"https:\/\/www.bio-laurentia.com\/index.php\/communications\/rapports-memoires-livres\/#primaryimage"},"image":{"@id":"https:\/\/www.bio-laurentia.com\/index.php\/communications\/rapports-memoires-livres\/#primaryimage"},"thumbnailUrl":"https:\/\/www.bio-laurentia.com\/wp-content\/uploads\/2026\/01\/Rapports-2-scaled.jpg","datePublished":"2026-01-12T08:34:26+00:00","dateModified":"2026-01-23T17:47:12+00:00","description":"Retrouvez tous nos Rapports, M\u00e9moires et Livres Scientifiques | Bio-Laurentia : Expert en Milieux Marins & Environnement","breadcrumb":{"@id":"https:\/\/www.bio-laurentia.com\/index.php\/communications\/rapports-memoires-livres\/#breadcrumb"},"inLanguage":"fr-FR","potentialAction":[{"@type":"ReadAction","target":["https:\/\/www.bio-laurentia.com\/index.php\/communications\/rapports-memoires-livres\/"]}]},{"@type":"ImageObject","inLanguage":"fr-FR","@id":"https:\/\/www.bio-laurentia.com\/index.php\/communications\/rapports-memoires-livres\/#primaryimage","url":"https:\/\/www.bio-laurentia.com\/wp-content\/uploads\/2026\/01\/Rapports-2-scaled.jpg","contentUrl":"https:\/\/www.bio-laurentia.com\/wp-content\/uploads\/2026\/01\/Rapports-2-scaled.jpg","width":2560,"height":1440},{"@type":"BreadcrumbList","@id":"https:\/\/www.bio-laurentia.com\/index.php\/communications\/rapports-memoires-livres\/#breadcrumb","itemListElement":[{"@type":"ListItem","position":1,"name":"Accueil","item":"https:\/\/www.bio-laurentia.com\/"},{"@type":"ListItem","position":2,"name":"Communications","item":"https:\/\/www.bio-laurentia.com\/index.php\/communications\/"},{"@type":"ListItem","position":3,"name":"Rapports, m\u00e9moires, livres"}]},{"@type":"WebSite","@id":"https:\/\/www.bio-laurentia.com\/#website","url":"https:\/\/www.bio-laurentia.com\/","name":"Bio-Laurentia","description":"","publisher":{"@id":"https:\/\/www.bio-laurentia.com\/#organization"},"potentialAction":[{"@type":"SearchAction","target":{"@type":"EntryPoint","urlTemplate":"https:\/\/www.bio-laurentia.com\/?s={search_term_string}"},"query-input":{"@type":"PropertyValueSpecification","valueRequired":true,"valueName":"search_term_string"}}],"inLanguage":"fr-FR"},{"@type":"Organization","@id":"https:\/\/www.bio-laurentia.com\/#organization","name":"Bio-Laurentia","url":"https:\/\/www.bio-laurentia.com\/","logo":{"@type":"ImageObject","inLanguage":"fr-FR","@id":"https:\/\/www.bio-laurentia.com\/#\/schema\/logo\/image\/","url":"https:\/\/www.bio-laurentia.com\/wp-content\/uploads\/2026\/01\/Logo-Bio-Laurentia-COULEURS-1-scaled.png","contentUrl":"https:\/\/www.bio-laurentia.com\/wp-content\/uploads\/2026\/01\/Logo-Bio-Laurentia-COULEURS-1-scaled.png","width":2560,"height":1109,"caption":"Bio-Laurentia"},"image":{"@id":"https:\/\/www.bio-laurentia.com\/#\/schema\/logo\/image\/"}}]}},"_links":{"self":[{"href":"https:\/\/www.bio-laurentia.com\/index.php\/wp-json\/wp\/v2\/pages\/49","targetHints":{"allow":["GET"]}}],"collection":[{"href":"https:\/\/www.bio-laurentia.com\/index.php\/wp-json\/wp\/v2\/pages"}],"about":[{"href":"https:\/\/www.bio-laurentia.com\/index.php\/wp-json\/wp\/v2\/types\/page"}],"author":[{"embeddable":true,"href":"https:\/\/www.bio-laurentia.com\/index.php\/wp-json\/wp\/v2\/users\/1"}],"replies":[{"embeddable":true,"href":"https:\/\/www.bio-laurentia.com\/index.php\/wp-json\/wp\/v2\/comments?post=49"}],"version-history":[{"count":3,"href":"https:\/\/www.bio-laurentia.com\/index.php\/wp-json\/wp\/v2\/pages\/49\/revisions"}],"predecessor-version":[{"id":922,"href":"https:\/\/www.bio-laurentia.com\/index.php\/wp-json\/wp\/v2\/pages\/49\/revisions\/922"}],"up":[{"embeddable":true,"href":"https:\/\/www.bio-laurentia.com\/index.php\/wp-json\/wp\/v2\/pages\/18"}],"wp:featuredmedia":[{"embeddable":true,"href":"https:\/\/www.bio-laurentia.com\/index.php\/wp-json\/wp\/v2\/media\/755"}],"wp:attachment":[{"href":"https:\/\/www.bio-laurentia.com\/index.php\/wp-json\/wp\/v2\/media?parent=49"}],"curies":[{"name":"wp","href":"https:\/\/api.w.org\/{rel}","templated":true}]}}