{"id":51,"date":"2026-01-12T08:35:05","date_gmt":"2026-01-12T08:35:05","guid":{"rendered":"https:\/\/www.bio-laurentia.com\/?page_id=51"},"modified":"2026-01-14T15:02:14","modified_gmt":"2026-01-14T15:02:14","slug":"politique-de-confidentialite","status":"publish","type":"page","link":"https:\/\/www.bio-laurentia.com\/index.php\/politique-de-confidentialite\/","title":{"rendered":"Politique de confidentialit\u00e9"},"content":{"rendered":"\n<div style=\"height:30px\" aria-hidden=\"true\" class=\"wp-block-spacer\"><\/div>\n\n\n\n<h1 class=\"wp-block-heading has-custom-1-color has-text-color has-link-color wp-elements-c0c60fa116d954dfd1f11667f81eb8d3\">Politique de Confidentialit\u00e9 &#8211; Bio-Laurentia<\/h1>\n\n\n\n<p>Cette page vous explique notre politique de confidentialit\u00e9 en mati\u00e8re de collecte, d\u2019utilisation et de communication des donn\u00e9es \u00e0 caract\u00e8re personnel lorsque vous utilisez notre Service ainsi que les choix qui s\u2019offrent \u00e0 vous en ce qui concerne ces donn\u00e9es. Nous utilisons vos donn\u00e9es pour fournir et am\u00e9liorer le Service. En utilisant le Service, vous consentez \u00e0 la collecte et \u00e0 l\u2019utilisation d\u2019informations conform\u00e9ment \u00e0 la pr\u00e9sente politique.<\/p>\n\n\n\n<h2 class=\"wp-block-heading has-custom-1-color has-text-color has-link-color wp-elements-d7546069d4ecb3a7f55528780c4e8ee2\"><strong>D\u00e9finitions :<\/strong><\/h2>\n\n\n\n<p class=\"has-custom-1-color has-text-color has-link-color wp-elements-4d2ee6bdf1fccf3f7a6dc7ba04afc436\"><strong>Service<\/strong>&nbsp;: Par Service, nous entendons le site web www.bio-laurentia.com.<\/p>\n\n\n\n<p><strong>Donn\u00e9es \u00e0 caract\u00e8re personnel<\/strong>&nbsp;: Donn\u00e9es \u00e0 Caract\u00e8re Personnel d\u00e9signe des donn\u00e9es concernant un individu vivant qui peut \u00eatre identifi\u00e9 \u00e0 partir de ces donn\u00e9es (ou \u00e0 partir de ces donn\u00e9es et d\u2019autres informations en notre possession ou susceptibles d\u2019entrer en notre possession).<\/p>\n\n\n\n<p><strong>Donn\u00e9es d\u2019Utilisation<\/strong>&nbsp;: Les Donn\u00e9es d\u2019Utilisation sont recueillies automatiquement et sont g\u00e9n\u00e9r\u00e9es soit par l\u2019utilisation du Service, soit par l\u2019infrastructure du Service proprement dite (par exemple, dur\u00e9e de consultation d\u2019une page).<\/p>\n\n\n\n<p><strong>Cookies<\/strong>&nbsp;: Les cookies sont de petits fichiers enregistr\u00e9s sur votre dispositif (ordinateur ou dispositif mobile).<\/p>\n\n\n\n<p><strong>Responsable du Traitement<\/strong>&nbsp;: Responsable du Traitement d\u00e9signe la personne physique ou morale (seule, ou conjointement ou en commun avec d\u2019autres personnes) qui d\u00e9termine les finalit\u00e9s et les modalit\u00e9s selon lesquelles toutes les donn\u00e9es personnelles sont trait\u00e9es ou doivent l\u2019\u00eatre. Aux fins de la pr\u00e9sente Politique de Confidentialit\u00e9, nous sommes un Responsable du Traitement de vos donn\u00e9es \u00e0 caract\u00e8re personnel.<\/p>\n\n\n\n<p><strong>Sous-Traitants (ou Prestataires de Services)<\/strong>&nbsp;: Le terme Sous-Traitant (ou Prestataire de Service) d\u00e9signe toute personne physique ou morale qui traite les donn\u00e9es au nom du Responsable du Traitement. Il se peut que nous fassions appel aux services de plusieurs Prestataires de Services afin de traiter vos donn\u00e9es plus efficacement.<\/p>\n\n\n\n<p class=\"has-custom-1-color has-text-color has-link-color wp-elements-96122c847831b2a546e5fbb41d434146\"><strong>Personne Concern\u00e9e (ou Utilisateur)<\/strong>&nbsp;: Par Personne Concern\u00e9e, on entend toute personne vivante qui utilise notre Service et est le sujet de Donn\u00e9es \u00e0 Caract\u00e8re Personnel.<\/p>\n\n\n\n<h2 class=\"wp-block-heading\"><strong>1. Renseignements personnels et confidentiels recueillis<\/strong><\/h2>\n\n\n\n<p>Des renseignements personnels et confidentiels sont demand\u00e9s lorsque vous faites une demande d\u2019information. Ces renseignements visent \u00e0 bien r\u00e9pondre \u00e0 votre demande, permettre l\u2019envoi de newsletters et de tenir des statistiques sur la fr\u00e9quentation.<\/p>\n\n\n\n<p>Les renseignements personnels et confidentiels que vous acceptez de fournir sont prot\u00e9g\u00e9s conform\u00e9ment \u00e0 la Loi sur l\u2019acc\u00e8s aux documents des organismes publics et sur la protection des renseignements personnels au Qu\u00e9bec (loi 25), pour prot\u00e9ger la vie priv\u00e9e de ses citoyens, et toute autre loi applicable.<\/p>\n\n\n\n<p>Si vous transmettez d\u2019autres renseignements lorsque vous communiquez avec Bio-Laurentia par courrier \u00e9lectronique, notamment lors de signalement concernant le non-respect d\u2019un droit d\u2019auteur ou une atteinte \u00e0 la vie priv\u00e9e, ils ne seront utilis\u00e9s que pour r\u00e9pondre \u00e0 votre demande. S\u2019il y a lieu, les renseignements personnels et confidentiels que vous acceptez de fournir sont prot\u00e9g\u00e9s conform\u00e9ment \u00e0 la Loi sur la protection des renseignements personnels et \u00e0 toute autre loi applicable.<\/p>\n\n\n\n<h2 class=\"wp-block-heading\"><strong>2. S\u00e9curit\u00e9<\/strong><\/h2>\n\n\n\n<p>Bio Laurentia utilise des mesures de s\u00e9curit\u00e9, dont des moyens de chiffrement reconnus, afin de garantir en tout temps la confidentialit\u00e9 de votre adresse de courrier \u00e9lectronique, ainsi que des autres informations recueillies lors d\u2019un abonnement \u00e0 une newsletter, d\u2019une demande d\u2019information ou de la publication d\u2019un commentaire sur le blog.<\/p>\n\n\n\n<h2 class=\"wp-block-heading\"><strong>3. Autres renseignements recueillis automatiquement<\/strong><\/h2>\n\n\n\n<p>D\u00e8s que vous acc\u00e9dez \u00e0 l\u2019un des sites, un \u00e9change de renseignements s\u2019effectue automatiquement entre l\u2019ordinateur que vous utilisez, le serveur du site et les serveurs de Google Analytics. Cet \u00e9change de renseignements est n\u00e9cessaire au bon fonctionnement du site.<\/p>\n\n\n\n<ul class=\"wp-block-list\">\n<li>le nom de domaine de votre fournisseur d\u2019acc\u00e8s \u00e0 Internet et votre adresse IP;<\/li>\n\n\n\n<li>le type de navigateur et de syst\u00e8me d\u2019exploitation utilis\u00e9s pour acc\u00e9der au site;<\/li>\n\n\n\n<li>la date et l\u2019heure de votre acc\u00e8s au site;<\/li>\n\n\n\n<li>les pages du site que vous visitez;<\/li>\n\n\n\n<li>l\u2019adresse du site de provenance.<\/li>\n<\/ul>\n\n\n\n<p>Les renseignements sont conserv\u00e9s pour des raisons statistiques, notamment pour comptabiliser le nombre de visiteurs, les pages les plus fr\u00e9quent\u00e9es et la technologie utilis\u00e9e par les internautes. Ils sont \u00e9galement conserv\u00e9s dans des journaux de donn\u00e9es pour des raisons de s\u00e9curit\u00e9 du site et de production de statistiques de fr\u00e9quentation. Les renseignements contenus dans les journaux de donn\u00e9es du site peuvent \u00eatre communiqu\u00e9s \u00e0 des tiers en cas de v\u00e9rifications de s\u00e9curit\u00e9 ou d\u2019enqu\u00eates en application de la loi. Ils ne sont utilis\u00e9s \u00e0 aucune autre fin.<\/p>\n\n\n\n<p>Les sites Internet utilisent deux types de fichiers t\u00e9moins (cookies): le t\u00e9moin temporaire et le t\u00e9moin persistant.<\/p>\n\n\n\n<p>Le t\u00e9moin temporaire est requis en raison des exigences technologiques et de s\u00e9curit\u00e9 inh\u00e9rentes \u00e0 la navigation sur Internet. Ce fichier est inscrit dans la m\u00e9moire vive de votre ordinateur et est supprim\u00e9 automatiquement quand vous quittez le site. Le t\u00e9moin temporaire ne contient aucun renseignement permettant de vous identifier.<\/p>\n\n\n\n<p>Le t\u00e9moin persistant est enregistr\u00e9 sur votre disque dur. Il contient des donn\u00e9es permettant d\u2019identifier votre ordinateur. Ces donn\u00e9es ne peuvent \u00eatre lues que par le site et par Google Analytics, pour la production de statistiques de fr\u00e9quentation du site. Si vous le souhaitez, vous pouvez \u00e9liminer vous-m\u00eame le t\u00e9moin persistant \u00e0 l\u2019aide des options de votre navigateur Web. Veuillez noter cependant que certains t\u00e9moins seront cr\u00e9\u00e9s \u00e0 nouveau d\u00e8s la visite subs\u00e9quente d\u2019une page du site.<\/p>\n\n\n\n<h2 class=\"wp-block-heading\"><strong>4. Questions et commentaires<\/strong><\/h2>\n\n\n\n<p>Si vous d\u00e9tectez une erreur dans des renseignements que nous avons, pour toute question ou commentaires li\u00e9s \u00e0 la pr\u00e9sente politique ou pour faire une demande pour acc\u00e9der aux donn\u00e9es personnelles et en conna\u00eetre l\u2019utilisation, vous pouvez faire une demande pour les corriger en communiquant directement \u00e0 contact@bio-laurentia.com ou via notre <a href=\"https:\/\/www.bio-laurentia.com\/index.php\/contact\/\">formulaire de contact<\/a>. <\/p>\n\n\n\n<h2 class=\"wp-block-heading\">5. <strong>Modifications de la pr\u00e9sente Politique de Confidentialit\u00e9<\/strong><\/h2>\n\n\n\n<p>Nous nous r\u00e9servons le droit d\u2019actualiser notre Politique de Confidentialit\u00e9 de temps \u00e0 autre. Vous serez inform\u00e9 de toute modification en publiant la nouvelle Politique de Confidentialit\u00e9 sur cette page.<\/p>\n\n\n\n<p>Nous vous conseillons de consulter la pr\u00e9sente Politique de Confidentialit\u00e9 p\u00e9riodiquement pour prendre connaissance de toute modification. Les modifications apport\u00e9es \u00e0 la pr\u00e9sente Politique de Confidentialit\u00e9 prennent effet lorsqu\u2019elles sont publi\u00e9es sur cette page.<\/p>\n\n\n\n<div style=\"height:30px\" aria-hidden=\"true\" class=\"wp-block-spacer\"><\/div>\n\n\n\n<div class=\"wp-block-columns is-layout-flex wp-container-core-columns-is-layout-9d6595d7 wp-block-columns-is-layout-flex\">\n<div class=\"wp-block-column is-vertically-aligned-center is-layout-flow wp-block-column-is-layout-flow\" style=\"flex-basis:100%\">\n<h2 class=\"wp-block-heading has-custom-1-color has-text-color has-link-color wp-elements-9e6f53b053bb724ae95ca7e6ad0ed788\">Une question \u00e0 nous poser ? N&rsquo;attendez plus pour nous contacter !<\/h2>\n<\/div>\n\n\n\n<div class=\"wp-block-column is-layout-flow wp-block-column-is-layout-flow\" style=\"flex-basis:100%\">\n<div class=\"wp-block-buttons is-content-justification-center is-layout-flex wp-container-core-buttons-is-layout-16018d1d wp-block-buttons-is-layout-flex\">\n<div class=\"wp-block-button is-style-primary\"><a class=\"wp-block-button__link wp-element-button\" href=\"https:\/\/www.bio-laurentia.com\/index.php\/contact\/\" style=\"border-style:none;border-width:0px;border-radius:100px\">Ecrivez-nous<\/a><\/div>\n<\/div>\n<\/div>\n<\/div>\n","protected":false},"excerpt":{"rendered":"<p>Politique de Confidentialit\u00e9 &#8211; Bio-Laurentia Cette page vous explique notre politique de confidentialit\u00e9 en mati\u00e8re de collecte, d\u2019utilisation et de communication des donn\u00e9es \u00e0 caract\u00e8re personnel lorsque vous utilisez notre Service ainsi que les choix qui s\u2019offrent \u00e0 vous en ce qui concerne ces donn\u00e9es. Nous utilisons vos donn\u00e9es pour fournir et am\u00e9liorer le Service&#8230;.<\/p>\n","protected":false},"author":1,"featured_media":0,"parent":0,"menu_order":33,"comment_status":"closed","ping_status":"closed","template":"","meta":{"inline_featured_image":false,"_kad_post_transparent":"","_kad_post_title":"","_kad_post_layout":"","_kad_post_sidebar_id":"","_kad_post_content_style":"","_kad_post_vertical_padding":"","_kad_post_feature":"","_kad_post_feature_position":"","_kad_post_header":false,"_kad_post_footer":false,"_kad_post_classname":"","footnotes":""},"class_list":["post-51","page","type-page","status-publish","hentry"],"yoast_head":"<!-- This site is optimized with the Yoast SEO plugin v27.3 - https:\/\/yoast.com\/product\/yoast-seo-wordpress\/ -->\n<title>Politique de Confidentialit\u00e9 | Bio-Laurentia<\/title>\n<meta name=\"description\" content=\"Notre politique en mati\u00e8re de confidentialit\u00e9 et de traitement de donn\u00e9es | Bio-Laurentia | Bureau d\u2019Etude Environnemental et Oc\u00e9anographique\" \/>\n<meta name=\"robots\" content=\"index, follow, max-snippet:-1, max-image-preview:large, max-video-preview:-1\" \/>\n<link rel=\"canonical\" href=\"https:\/\/www.bio-laurentia.com\/index.php\/politique-de-confidentialite\/\" \/>\n<meta property=\"og:locale\" content=\"fr_FR\" \/>\n<meta property=\"og:type\" content=\"article\" \/>\n<meta property=\"og:title\" content=\"Politique de Confidentialit\u00e9 | Bio-Laurentia\" \/>\n<meta property=\"og:description\" content=\"Notre politique en mati\u00e8re de confidentialit\u00e9 et de traitement de donn\u00e9es | Bio-Laurentia | Bureau d\u2019Etude Environnemental et Oc\u00e9anographique\" \/>\n<meta property=\"og:url\" content=\"https:\/\/www.bio-laurentia.com\/index.php\/politique-de-confidentialite\/\" \/>\n<meta property=\"og:site_name\" content=\"Bio-Laurentia\" \/>\n<meta property=\"article:modified_time\" content=\"2026-01-14T15:02:14+00:00\" \/>\n<meta name=\"twitter:card\" content=\"summary_large_image\" \/>\n<meta name=\"twitter:label1\" content=\"Dur\u00e9e de lecture estim\u00e9e\" \/>\n\t<meta name=\"twitter:data1\" content=\"6 minutes\" \/>\n<script type=\"application\/ld+json\" class=\"yoast-schema-graph\">{\"@context\":\"https:\\\/\\\/schema.org\",\"@graph\":[{\"@type\":\"WebPage\",\"@id\":\"https:\\\/\\\/www.bio-laurentia.com\\\/index.php\\\/politique-de-confidentialite\\\/\",\"url\":\"https:\\\/\\\/www.bio-laurentia.com\\\/index.php\\\/politique-de-confidentialite\\\/\",\"name\":\"Politique de Confidentialit\u00e9 | Bio-Laurentia\",\"isPartOf\":{\"@id\":\"https:\\\/\\\/www.bio-laurentia.com\\\/#website\"},\"datePublished\":\"2026-01-12T08:35:05+00:00\",\"dateModified\":\"2026-01-14T15:02:14+00:00\",\"description\":\"Notre politique en mati\u00e8re de confidentialit\u00e9 et de traitement de donn\u00e9es | Bio-Laurentia | Bureau d\u2019Etude Environnemental et Oc\u00e9anographique\",\"breadcrumb\":{\"@id\":\"https:\\\/\\\/www.bio-laurentia.com\\\/index.php\\\/politique-de-confidentialite\\\/#breadcrumb\"},\"inLanguage\":\"fr-FR\",\"potentialAction\":[{\"@type\":\"ReadAction\",\"target\":[\"https:\\\/\\\/www.bio-laurentia.com\\\/index.php\\\/politique-de-confidentialite\\\/\"]}]},{\"@type\":\"BreadcrumbList\",\"@id\":\"https:\\\/\\\/www.bio-laurentia.com\\\/index.php\\\/politique-de-confidentialite\\\/#breadcrumb\",\"itemListElement\":[{\"@type\":\"ListItem\",\"position\":1,\"name\":\"Accueil\",\"item\":\"https:\\\/\\\/www.bio-laurentia.com\\\/\"},{\"@type\":\"ListItem\",\"position\":2,\"name\":\"Politique de confidentialit\u00e9\"}]},{\"@type\":\"WebSite\",\"@id\":\"https:\\\/\\\/www.bio-laurentia.com\\\/#website\",\"url\":\"https:\\\/\\\/www.bio-laurentia.com\\\/\",\"name\":\"Bio-Laurentia\",\"description\":\"\",\"publisher\":{\"@id\":\"https:\\\/\\\/www.bio-laurentia.com\\\/#organization\"},\"potentialAction\":[{\"@type\":\"SearchAction\",\"target\":{\"@type\":\"EntryPoint\",\"urlTemplate\":\"https:\\\/\\\/www.bio-laurentia.com\\\/?s={search_term_string}\"},\"query-input\":{\"@type\":\"PropertyValueSpecification\",\"valueRequired\":true,\"valueName\":\"search_term_string\"}}],\"inLanguage\":\"fr-FR\"},{\"@type\":\"Organization\",\"@id\":\"https:\\\/\\\/www.bio-laurentia.com\\\/#organization\",\"name\":\"Bio-Laurentia\",\"url\":\"https:\\\/\\\/www.bio-laurentia.com\\\/\",\"logo\":{\"@type\":\"ImageObject\",\"inLanguage\":\"fr-FR\",\"@id\":\"https:\\\/\\\/www.bio-laurentia.com\\\/#\\\/schema\\\/logo\\\/image\\\/\",\"url\":\"https:\\\/\\\/www.bio-laurentia.com\\\/wp-content\\\/uploads\\\/2026\\\/01\\\/Logo-Bio-Laurentia-COULEURS-1-scaled.png\",\"contentUrl\":\"https:\\\/\\\/www.bio-laurentia.com\\\/wp-content\\\/uploads\\\/2026\\\/01\\\/Logo-Bio-Laurentia-COULEURS-1-scaled.png\",\"width\":2560,\"height\":1109,\"caption\":\"Bio-Laurentia\"},\"image\":{\"@id\":\"https:\\\/\\\/www.bio-laurentia.com\\\/#\\\/schema\\\/logo\\\/image\\\/\"}}]}<\/script>\n<!-- \/ Yoast SEO plugin. -->","yoast_head_json":{"title":"Politique de Confidentialit\u00e9 | Bio-Laurentia","description":"Notre politique en mati\u00e8re de confidentialit\u00e9 et de traitement de donn\u00e9es | Bio-Laurentia | Bureau d\u2019Etude Environnemental et Oc\u00e9anographique","robots":{"index":"index","follow":"follow","max-snippet":"max-snippet:-1","max-image-preview":"max-image-preview:large","max-video-preview":"max-video-preview:-1"},"canonical":"https:\/\/www.bio-laurentia.com\/index.php\/politique-de-confidentialite\/","og_locale":"fr_FR","og_type":"article","og_title":"Politique de Confidentialit\u00e9 | Bio-Laurentia","og_description":"Notre politique en mati\u00e8re de confidentialit\u00e9 et de traitement de donn\u00e9es | Bio-Laurentia | Bureau d\u2019Etude Environnemental et Oc\u00e9anographique","og_url":"https:\/\/www.bio-laurentia.com\/index.php\/politique-de-confidentialite\/","og_site_name":"Bio-Laurentia","article_modified_time":"2026-01-14T15:02:14+00:00","twitter_card":"summary_large_image","twitter_misc":{"Dur\u00e9e de lecture estim\u00e9e":"6 minutes"},"schema":{"@context":"https:\/\/schema.org","@graph":[{"@type":"WebPage","@id":"https:\/\/www.bio-laurentia.com\/index.php\/politique-de-confidentialite\/","url":"https:\/\/www.bio-laurentia.com\/index.php\/politique-de-confidentialite\/","name":"Politique de Confidentialit\u00e9 | Bio-Laurentia","isPartOf":{"@id":"https:\/\/www.bio-laurentia.com\/#website"},"datePublished":"2026-01-12T08:35:05+00:00","dateModified":"2026-01-14T15:02:14+00:00","description":"Notre politique en mati\u00e8re de confidentialit\u00e9 et de traitement de donn\u00e9es | Bio-Laurentia | Bureau d\u2019Etude Environnemental et Oc\u00e9anographique","breadcrumb":{"@id":"https:\/\/www.bio-laurentia.com\/index.php\/politique-de-confidentialite\/#breadcrumb"},"inLanguage":"fr-FR","potentialAction":[{"@type":"ReadAction","target":["https:\/\/www.bio-laurentia.com\/index.php\/politique-de-confidentialite\/"]}]},{"@type":"BreadcrumbList","@id":"https:\/\/www.bio-laurentia.com\/index.php\/politique-de-confidentialite\/#breadcrumb","itemListElement":[{"@type":"ListItem","position":1,"name":"Accueil","item":"https:\/\/www.bio-laurentia.com\/"},{"@type":"ListItem","position":2,"name":"Politique de confidentialit\u00e9"}]},{"@type":"WebSite","@id":"https:\/\/www.bio-laurentia.com\/#website","url":"https:\/\/www.bio-laurentia.com\/","name":"Bio-Laurentia","description":"","publisher":{"@id":"https:\/\/www.bio-laurentia.com\/#organization"},"potentialAction":[{"@type":"SearchAction","target":{"@type":"EntryPoint","urlTemplate":"https:\/\/www.bio-laurentia.com\/?s={search_term_string}"},"query-input":{"@type":"PropertyValueSpecification","valueRequired":true,"valueName":"search_term_string"}}],"inLanguage":"fr-FR"},{"@type":"Organization","@id":"https:\/\/www.bio-laurentia.com\/#organization","name":"Bio-Laurentia","url":"https:\/\/www.bio-laurentia.com\/","logo":{"@type":"ImageObject","inLanguage":"fr-FR","@id":"https:\/\/www.bio-laurentia.com\/#\/schema\/logo\/image\/","url":"https:\/\/www.bio-laurentia.com\/wp-content\/uploads\/2026\/01\/Logo-Bio-Laurentia-COULEURS-1-scaled.png","contentUrl":"https:\/\/www.bio-laurentia.com\/wp-content\/uploads\/2026\/01\/Logo-Bio-Laurentia-COULEURS-1-scaled.png","width":2560,"height":1109,"caption":"Bio-Laurentia"},"image":{"@id":"https:\/\/www.bio-laurentia.com\/#\/schema\/logo\/image\/"}}]}},"_links":{"self":[{"href":"https:\/\/www.bio-laurentia.com\/index.php\/wp-json\/wp\/v2\/pages\/51","targetHints":{"allow":["GET"]}}],"collection":[{"href":"https:\/\/www.bio-laurentia.com\/index.php\/wp-json\/wp\/v2\/pages"}],"about":[{"href":"https:\/\/www.bio-laurentia.com\/index.php\/wp-json\/wp\/v2\/types\/page"}],"author":[{"embeddable":true,"href":"https:\/\/www.bio-laurentia.com\/index.php\/wp-json\/wp\/v2\/users\/1"}],"replies":[{"embeddable":true,"href":"https:\/\/www.bio-laurentia.com\/index.php\/wp-json\/wp\/v2\/comments?post=51"}],"version-history":[{"count":4,"href":"https:\/\/www.bio-laurentia.com\/index.php\/wp-json\/wp\/v2\/pages\/51\/revisions"}],"predecessor-version":[{"id":566,"href":"https:\/\/www.bio-laurentia.com\/index.php\/wp-json\/wp\/v2\/pages\/51\/revisions\/566"}],"wp:attachment":[{"href":"https:\/\/www.bio-laurentia.com\/index.php\/wp-json\/wp\/v2\/media?parent=51"}],"curies":[{"name":"wp","href":"https:\/\/api.w.org\/{rel}","templated":true}]}}