{"id":53,"date":"2026-01-12T08:35:32","date_gmt":"2026-01-12T08:35:32","guid":{"rendered":"https:\/\/www.bio-laurentia.com\/?page_id=53"},"modified":"2026-01-14T15:01:10","modified_gmt":"2026-01-14T15:01:10","slug":"mentions-legales","status":"publish","type":"page","link":"https:\/\/www.bio-laurentia.com\/index.php\/mentions-legales\/","title":{"rendered":"Mentions l\u00e9gales"},"content":{"rendered":"\n<div style=\"height:50px\" aria-hidden=\"true\" class=\"wp-block-spacer\"><\/div>\n\n\n\n<div class=\"wp-block-columns is-layout-flex wp-container-core-columns-is-layout-9d6595d7 wp-block-columns-is-layout-flex\">\n<div class=\"wp-block-column has-theme-palette-7-background-color has-background is-layout-flow wp-block-column-is-layout-flow\" style=\"border-radius:20px;padding-top:var(--wp--preset--spacing--40);padding-right:var(--wp--preset--spacing--40);padding-bottom:var(--wp--preset--spacing--40);padding-left:var(--wp--preset--spacing--40)\">\n<h2 class=\"wp-block-heading has-custom-1-color has-text-color has-link-color wp-elements-1a500804ce3cdeb3a10af8db787d8765\"><strong>Editeur \/ propri\u00e9taire :<\/strong><\/h2>\n\n\n\n<p class=\"has-custom-1-color has-text-color has-link-color wp-elements-69d311f0534bcbfb8debfcebbb66f882\">Bio-Laurentia<br>Message via le <a href=\"https:\/\/www.bio-laurentia.com\/index.php\/contact\/\">formulaire de contact<\/a><\/p>\n<\/div>\n\n\n\n<div class=\"wp-block-column has-theme-palette-7-background-color has-background is-layout-flow wp-block-column-is-layout-flow\" style=\"border-radius:20px;padding-top:var(--wp--preset--spacing--40);padding-right:var(--wp--preset--spacing--40);padding-bottom:var(--wp--preset--spacing--40);padding-left:var(--wp--preset--spacing--40)\">\n<h2 class=\"wp-block-heading has-custom-1-color has-text-color has-link-color wp-elements-6778344b37514e83441d28324e87d381\"><strong>H\u00e9bergement :<\/strong><\/h2>\n\n\n\n<p class=\"has-custom-1-color has-text-color has-link-color wp-elements-b6140e6304277bed233e5e1a30a55178\"><strong>OVH Cloud Canada<\/strong><br>1801, avenue McGill College &#8211; Bureau 800<br>Montr\u00e9al (Qu\u00e9bec) H3A 2N4 &#8211; Canada<br>Site web : <a href=\"https:\/\/www.ovhcloud.com\/fr-ca\/\" target=\"_blank\" rel=\"noreferrer noopener\">https:\/\/www.ovhcloud.com\/fr-ca\/<\/a><\/p>\n<\/div>\n<\/div>\n\n\n\n<div class=\"wp-block-columns is-layout-flex wp-container-core-columns-is-layout-9d6595d7 wp-block-columns-is-layout-flex\">\n<div class=\"wp-block-column has-theme-palette-7-background-color has-background is-layout-flow wp-block-column-is-layout-flow\" style=\"border-radius:20px;padding-top:var(--wp--preset--spacing--40);padding-right:var(--wp--preset--spacing--40);padding-bottom:var(--wp--preset--spacing--40);padding-left:var(--wp--preset--spacing--40)\">\n<h2 class=\"wp-block-heading has-custom-1-color has-text-color has-link-color wp-elements-fdfc8e7a198b9ee85bbed251c49c23d3\"><strong>Webmaster et graphisme :<\/strong><\/h2>\n\n\n\n<p class=\"has-custom-1-color has-text-color has-link-color wp-elements-6c8cfd0d7f3f2791b5f7a3970597edf9\">Atelier Pix\u2019Art\u00ae \u2013 Julie DESVAUX<br>25 000 BESANCON<br>SIREN&nbsp;930435730<br><a href=\"http:\/\/www.atelierpixart.fr\" target=\"_blank\" rel=\"noreferrer noopener\">www.atelierpixart.fr<\/a><\/p>\n<\/div>\n\n\n\n<div class=\"wp-block-column has-theme-palette-7-background-color has-background is-layout-flow wp-block-column-is-layout-flow\" style=\"border-radius:20px;padding-top:var(--wp--preset--spacing--40);padding-right:var(--wp--preset--spacing--40);padding-bottom:var(--wp--preset--spacing--40);padding-left:var(--wp--preset--spacing--40)\">\n<h2 class=\"wp-block-heading has-custom-1-color has-text-color has-link-color wp-elements-9cffb317e50fa9df695e719ec0fca2eb\"><strong>Liens hypertextes :<\/strong><\/h2>\n\n\n\n<p class=\"has-custom-1-color has-text-color has-link-color wp-elements-04f0add7852ac766669823cd898a5ab4\">Les liens hypertextes mis en place dans le cadre du pr\u00e9sent site en direction d&rsquo;autres ressources pr\u00e9sentes sur le r\u00e9seau Internet, ne sauraient engager la responsabilit\u00e9 de Bio-Laurentia.<\/p>\n<\/div>\n<\/div>\n\n\n\n<div class=\"wp-block-group has-theme-palette-7-background-color has-background\" style=\"border-radius:20px;padding-top:var(--wp--preset--spacing--40);padding-right:var(--wp--preset--spacing--40);padding-bottom:var(--wp--preset--spacing--40);padding-left:var(--wp--preset--spacing--40)\"><div class=\"wp-block-group__inner-container is-layout-constrained wp-container-core-group-is-layout-af10a197 wp-block-group-is-layout-constrained\">\n<h2 class=\"wp-block-heading has-custom-1-color has-text-color has-link-color wp-elements-7ed5f62acf7b353a33a9bc93fbcc9e0b\"><strong>Contenu du site Bio Laurentia :<\/strong><\/h2>\n\n\n\n<p class=\"has-custom-1-color has-text-color has-link-color wp-elements-806c7ad65a853401302e8e358f4f260d\">Le substantif \u00ab\u00a0contenu\u00a0\u00bb englobe la structure g\u00e9n\u00e9rale, les textes, les images anim\u00e9es ou non dont le site est compos\u00e9.<br>Ce contenu est donn\u00e9 \u00e0 titre indicatif. Notre responsabilit\u00e9 ne saurait \u00eatre engag\u00e9e en cas de non-conformit\u00e9 de ces informations.<br>Toute repr\u00e9sentation totale ou partielle de ce site et de son contenu sans autorisation pr\u00e9alable \u00e9crite de Bio-Laurentia est interdite. Aucune exploitation commerciale de son contenu ne peut \u00eatre exploit\u00e9e sans l&rsquo;accord \u00e9crit de Bio Laurentia.<\/p>\n\n\n\n<h2 class=\"wp-block-heading has-custom-1-color has-text-color has-link-color wp-elements-98238292a4c07584db0bb3a024851a92\"><strong>Droits d&rsquo;auteur<\/strong><\/h2>\n\n\n\n<p class=\"has-custom-1-color has-text-color has-link-color wp-elements-d9462b8a84509b76e24e066405c42ef2\">\u00a92026 Bio-Laurentia \u2013 Tous droits r\u00e9serv\u00e9s \u2013 Reproduction partielle ou int\u00e9grale interdite.<\/p>\n<\/div><\/div>\n\n\n\n<div style=\"height:25px\" aria-hidden=\"true\" class=\"wp-block-spacer\"><\/div>\n\n\n\n<div class=\"wp-block-group has-theme-palette-7-background-color has-background\" style=\"border-style:none;border-width:0px;border-radius:20px;padding-top:var(--wp--preset--spacing--40);padding-right:var(--wp--preset--spacing--40);padding-bottom:var(--wp--preset--spacing--40);padding-left:var(--wp--preset--spacing--40)\"><div class=\"wp-block-group__inner-container is-layout-constrained wp-container-core-group-is-layout-af10a197 wp-block-group-is-layout-constrained\">\n<h2 class=\"wp-block-heading has-custom-1-color has-text-color has-link-color wp-elements-ae8d38d91e0345d9adf123878e286d22\"><strong>Donn\u00e9es personnelles&nbsp;:<\/strong><\/h2>\n\n\n\n<p class=\"has-custom-1-color has-text-color has-link-color wp-elements-4971fe44b6723afc983ec076ed95ef03\">Les informations que vous saisirez seront enregistr\u00e9es par Bio-Laurentia. Vous disposez d\u2019un droit d\u2019acc\u00e8s, de modification, de rectification et de suppression concernant les donn\u00e9es collect\u00e9es sur ce site. Pour l\u2019exercer, adressez-vous par message au gestionnaire du site via le <a href=\"https:\/\/www.bio-laurentia.com\/index.php\/contact\/\">formulaire de contact<\/a>.<\/p>\n<\/div><\/div>\n\n\n\n<div style=\"height:25px\" aria-hidden=\"true\" class=\"wp-block-spacer\"><\/div>\n\n\n\n<div class=\"wp-block-group has-theme-palette-7-background-color has-background\" style=\"border-radius:20px;padding-top:var(--wp--preset--spacing--40);padding-right:var(--wp--preset--spacing--40);padding-bottom:var(--wp--preset--spacing--40);padding-left:var(--wp--preset--spacing--40)\"><div class=\"wp-block-group__inner-container is-layout-constrained wp-container-core-group-is-layout-af10a197 wp-block-group-is-layout-constrained\">\n<h2 class=\"wp-block-heading has-custom-1-color has-text-color has-link-color wp-elements-408e2b56f66ed12128c10dcff8e8107b\"><strong>Droit applicable et attribution de juridiction :<\/strong><\/h2>\n\n\n\n<p class=\"has-custom-1-color has-text-color has-link-color wp-elements-3821de2e944bbc494b23b7b8cdbdc29d\">Tout litige en relation avec l\u2019utilisation de ce site est soumis au droit Qu\u00e9b\u00e9cois. <\/p>\n<\/div><\/div>\n\n\n\n<div style=\"height:30px\" aria-hidden=\"true\" class=\"wp-block-spacer\"><\/div>\n\n\n\n<div class=\"wp-block-columns are-vertically-aligned-center is-layout-flex wp-container-core-columns-is-layout-66d11289 wp-block-columns-is-layout-flex\" style=\"padding-top:var(--wp--preset--spacing--20);padding-bottom:var(--wp--preset--spacing--20)\">\n<div class=\"wp-block-column is-vertically-aligned-center is-layout-flow wp-block-column-is-layout-flow\" style=\"flex-basis:66.66%\">\n<h2 class=\"wp-block-heading has-custom-1-color has-text-color has-link-color wp-elements-9e6f53b053bb724ae95ca7e6ad0ed788\">Une question \u00e0 nous poser ? N&rsquo;attendez plus pour nous contacter !<\/h2>\n<\/div>\n\n\n\n<div class=\"wp-block-column is-vertically-aligned-center is-layout-flow wp-block-column-is-layout-flow\" style=\"flex-basis:33.33%\">\n<div class=\"wp-block-buttons is-content-justification-center is-layout-flex wp-container-core-buttons-is-layout-16018d1d wp-block-buttons-is-layout-flex\">\n<div class=\"wp-block-button has-custom-width wp-block-button__width-50 is-style-primary\"><a class=\"wp-block-button__link wp-element-button\" href=\"https:\/\/www.bio-laurentia.com\/index.php\/contact\/\" style=\"border-style:none;border-width:0px;border-radius:100px\">Ecrivez-nous<\/a><\/div>\n<\/div>\n<\/div>\n<\/div>\n","protected":false},"excerpt":{"rendered":"<p>Editeur \/ propri\u00e9taire : Bio-LaurentiaMessage via le formulaire de contact H\u00e9bergement : OVH Cloud Canada1801, avenue McGill College &#8211; Bureau 800Montr\u00e9al (Qu\u00e9bec) H3A 2N4 &#8211; CanadaSite web : https:\/\/www.ovhcloud.com\/fr-ca\/ Webmaster et graphisme : Atelier Pix\u2019Art\u00ae \u2013 Julie DESVAUX25 000 BESANCONSIREN&nbsp;930435730www.atelierpixart.fr Liens hypertextes : Les liens hypertextes mis en place dans le cadre du pr\u00e9sent site&#8230;<\/p>\n","protected":false},"author":1,"featured_media":0,"parent":0,"menu_order":35,"comment_status":"closed","ping_status":"closed","template":"","meta":{"inline_featured_image":false,"_kad_post_transparent":"","_kad_post_title":"","_kad_post_layout":"","_kad_post_sidebar_id":"","_kad_post_content_style":"","_kad_post_vertical_padding":"","_kad_post_feature":"","_kad_post_feature_position":"","_kad_post_header":false,"_kad_post_footer":false,"_kad_post_classname":"","footnotes":""},"class_list":["post-53","page","type-page","status-publish","hentry"],"yoast_head":"<!-- This site is optimized with the Yoast SEO plugin v27.3 - https:\/\/yoast.com\/product\/yoast-seo-wordpress\/ -->\n<title>Mentions L\u00e9gales | Bio-Laurentia<\/title>\n<meta name=\"description\" content=\"Retrouvez ici Toutes nos Mentions L\u00e9gales | Bio-Laurentia | Bureau d\u2019Etude Environnemental et Oc\u00e9anographique\" \/>\n<meta name=\"robots\" content=\"index, follow, max-snippet:-1, max-image-preview:large, max-video-preview:-1\" \/>\n<link rel=\"canonical\" href=\"https:\/\/www.bio-laurentia.com\/index.php\/mentions-legales\/\" \/>\n<meta property=\"og:locale\" content=\"fr_FR\" \/>\n<meta property=\"og:type\" content=\"article\" \/>\n<meta property=\"og:title\" content=\"Mentions L\u00e9gales | Bio-Laurentia\" \/>\n<meta property=\"og:description\" content=\"Retrouvez ici Toutes nos Mentions L\u00e9gales | Bio-Laurentia | Bureau d\u2019Etude Environnemental et Oc\u00e9anographique\" \/>\n<meta property=\"og:url\" content=\"https:\/\/www.bio-laurentia.com\/index.php\/mentions-legales\/\" \/>\n<meta property=\"og:site_name\" content=\"Bio-Laurentia\" \/>\n<meta property=\"article:modified_time\" content=\"2026-01-14T15:01:10+00:00\" \/>\n<meta name=\"twitter:card\" content=\"summary_large_image\" \/>\n<meta name=\"twitter:label1\" content=\"Dur\u00e9e de lecture estim\u00e9e\" \/>\n\t<meta name=\"twitter:data1\" content=\"2 minutes\" \/>\n<script type=\"application\/ld+json\" class=\"yoast-schema-graph\">{\"@context\":\"https:\\\/\\\/schema.org\",\"@graph\":[{\"@type\":\"WebPage\",\"@id\":\"https:\\\/\\\/www.bio-laurentia.com\\\/index.php\\\/mentions-legales\\\/\",\"url\":\"https:\\\/\\\/www.bio-laurentia.com\\\/index.php\\\/mentions-legales\\\/\",\"name\":\"Mentions L\u00e9gales | Bio-Laurentia\",\"isPartOf\":{\"@id\":\"https:\\\/\\\/www.bio-laurentia.com\\\/#website\"},\"datePublished\":\"2026-01-12T08:35:32+00:00\",\"dateModified\":\"2026-01-14T15:01:10+00:00\",\"description\":\"Retrouvez ici Toutes nos Mentions L\u00e9gales | Bio-Laurentia | Bureau d\u2019Etude Environnemental et Oc\u00e9anographique\",\"breadcrumb\":{\"@id\":\"https:\\\/\\\/www.bio-laurentia.com\\\/index.php\\\/mentions-legales\\\/#breadcrumb\"},\"inLanguage\":\"fr-FR\",\"potentialAction\":[{\"@type\":\"ReadAction\",\"target\":[\"https:\\\/\\\/www.bio-laurentia.com\\\/index.php\\\/mentions-legales\\\/\"]}]},{\"@type\":\"BreadcrumbList\",\"@id\":\"https:\\\/\\\/www.bio-laurentia.com\\\/index.php\\\/mentions-legales\\\/#breadcrumb\",\"itemListElement\":[{\"@type\":\"ListItem\",\"position\":1,\"name\":\"Accueil\",\"item\":\"https:\\\/\\\/www.bio-laurentia.com\\\/\"},{\"@type\":\"ListItem\",\"position\":2,\"name\":\"Mentions l\u00e9gales\"}]},{\"@type\":\"WebSite\",\"@id\":\"https:\\\/\\\/www.bio-laurentia.com\\\/#website\",\"url\":\"https:\\\/\\\/www.bio-laurentia.com\\\/\",\"name\":\"Bio-Laurentia\",\"description\":\"\",\"publisher\":{\"@id\":\"https:\\\/\\\/www.bio-laurentia.com\\\/#organization\"},\"potentialAction\":[{\"@type\":\"SearchAction\",\"target\":{\"@type\":\"EntryPoint\",\"urlTemplate\":\"https:\\\/\\\/www.bio-laurentia.com\\\/?s={search_term_string}\"},\"query-input\":{\"@type\":\"PropertyValueSpecification\",\"valueRequired\":true,\"valueName\":\"search_term_string\"}}],\"inLanguage\":\"fr-FR\"},{\"@type\":\"Organization\",\"@id\":\"https:\\\/\\\/www.bio-laurentia.com\\\/#organization\",\"name\":\"Bio-Laurentia\",\"url\":\"https:\\\/\\\/www.bio-laurentia.com\\\/\",\"logo\":{\"@type\":\"ImageObject\",\"inLanguage\":\"fr-FR\",\"@id\":\"https:\\\/\\\/www.bio-laurentia.com\\\/#\\\/schema\\\/logo\\\/image\\\/\",\"url\":\"https:\\\/\\\/www.bio-laurentia.com\\\/wp-content\\\/uploads\\\/2026\\\/01\\\/Logo-Bio-Laurentia-COULEURS-1-scaled.png\",\"contentUrl\":\"https:\\\/\\\/www.bio-laurentia.com\\\/wp-content\\\/uploads\\\/2026\\\/01\\\/Logo-Bio-Laurentia-COULEURS-1-scaled.png\",\"width\":2560,\"height\":1109,\"caption\":\"Bio-Laurentia\"},\"image\":{\"@id\":\"https:\\\/\\\/www.bio-laurentia.com\\\/#\\\/schema\\\/logo\\\/image\\\/\"}}]}<\/script>\n<!-- \/ Yoast SEO plugin. -->","yoast_head_json":{"title":"Mentions L\u00e9gales | Bio-Laurentia","description":"Retrouvez ici Toutes nos Mentions L\u00e9gales | Bio-Laurentia | Bureau d\u2019Etude Environnemental et Oc\u00e9anographique","robots":{"index":"index","follow":"follow","max-snippet":"max-snippet:-1","max-image-preview":"max-image-preview:large","max-video-preview":"max-video-preview:-1"},"canonical":"https:\/\/www.bio-laurentia.com\/index.php\/mentions-legales\/","og_locale":"fr_FR","og_type":"article","og_title":"Mentions L\u00e9gales | Bio-Laurentia","og_description":"Retrouvez ici Toutes nos Mentions L\u00e9gales | Bio-Laurentia | Bureau d\u2019Etude Environnemental et Oc\u00e9anographique","og_url":"https:\/\/www.bio-laurentia.com\/index.php\/mentions-legales\/","og_site_name":"Bio-Laurentia","article_modified_time":"2026-01-14T15:01:10+00:00","twitter_card":"summary_large_image","twitter_misc":{"Dur\u00e9e de lecture estim\u00e9e":"2 minutes"},"schema":{"@context":"https:\/\/schema.org","@graph":[{"@type":"WebPage","@id":"https:\/\/www.bio-laurentia.com\/index.php\/mentions-legales\/","url":"https:\/\/www.bio-laurentia.com\/index.php\/mentions-legales\/","name":"Mentions L\u00e9gales | Bio-Laurentia","isPartOf":{"@id":"https:\/\/www.bio-laurentia.com\/#website"},"datePublished":"2026-01-12T08:35:32+00:00","dateModified":"2026-01-14T15:01:10+00:00","description":"Retrouvez ici Toutes nos Mentions L\u00e9gales | Bio-Laurentia | Bureau d\u2019Etude Environnemental et Oc\u00e9anographique","breadcrumb":{"@id":"https:\/\/www.bio-laurentia.com\/index.php\/mentions-legales\/#breadcrumb"},"inLanguage":"fr-FR","potentialAction":[{"@type":"ReadAction","target":["https:\/\/www.bio-laurentia.com\/index.php\/mentions-legales\/"]}]},{"@type":"BreadcrumbList","@id":"https:\/\/www.bio-laurentia.com\/index.php\/mentions-legales\/#breadcrumb","itemListElement":[{"@type":"ListItem","position":1,"name":"Accueil","item":"https:\/\/www.bio-laurentia.com\/"},{"@type":"ListItem","position":2,"name":"Mentions l\u00e9gales"}]},{"@type":"WebSite","@id":"https:\/\/www.bio-laurentia.com\/#website","url":"https:\/\/www.bio-laurentia.com\/","name":"Bio-Laurentia","description":"","publisher":{"@id":"https:\/\/www.bio-laurentia.com\/#organization"},"potentialAction":[{"@type":"SearchAction","target":{"@type":"EntryPoint","urlTemplate":"https:\/\/www.bio-laurentia.com\/?s={search_term_string}"},"query-input":{"@type":"PropertyValueSpecification","valueRequired":true,"valueName":"search_term_string"}}],"inLanguage":"fr-FR"},{"@type":"Organization","@id":"https:\/\/www.bio-laurentia.com\/#organization","name":"Bio-Laurentia","url":"https:\/\/www.bio-laurentia.com\/","logo":{"@type":"ImageObject","inLanguage":"fr-FR","@id":"https:\/\/www.bio-laurentia.com\/#\/schema\/logo\/image\/","url":"https:\/\/www.bio-laurentia.com\/wp-content\/uploads\/2026\/01\/Logo-Bio-Laurentia-COULEURS-1-scaled.png","contentUrl":"https:\/\/www.bio-laurentia.com\/wp-content\/uploads\/2026\/01\/Logo-Bio-Laurentia-COULEURS-1-scaled.png","width":2560,"height":1109,"caption":"Bio-Laurentia"},"image":{"@id":"https:\/\/www.bio-laurentia.com\/#\/schema\/logo\/image\/"}}]}},"_links":{"self":[{"href":"https:\/\/www.bio-laurentia.com\/index.php\/wp-json\/wp\/v2\/pages\/53","targetHints":{"allow":["GET"]}}],"collection":[{"href":"https:\/\/www.bio-laurentia.com\/index.php\/wp-json\/wp\/v2\/pages"}],"about":[{"href":"https:\/\/www.bio-laurentia.com\/index.php\/wp-json\/wp\/v2\/types\/page"}],"author":[{"embeddable":true,"href":"https:\/\/www.bio-laurentia.com\/index.php\/wp-json\/wp\/v2\/users\/1"}],"replies":[{"embeddable":true,"href":"https:\/\/www.bio-laurentia.com\/index.php\/wp-json\/wp\/v2\/comments?post=53"}],"version-history":[{"count":7,"href":"https:\/\/www.bio-laurentia.com\/index.php\/wp-json\/wp\/v2\/pages\/53\/revisions"}],"predecessor-version":[{"id":565,"href":"https:\/\/www.bio-laurentia.com\/index.php\/wp-json\/wp\/v2\/pages\/53\/revisions\/565"}],"wp:attachment":[{"href":"https:\/\/www.bio-laurentia.com\/index.php\/wp-json\/wp\/v2\/media?parent=53"}],"curies":[{"name":"wp","href":"https:\/\/api.w.org\/{rel}","templated":true}]}}